{"id":2418,"date":"2019-04-17T11:38:07","date_gmt":"2019-04-17T11:38:07","guid":{"rendered":"http:\/\/veda.polac.cz\/?page_id=2418"},"modified":"2019-04-17T15:36:34","modified_gmt":"2019-04-17T15:36:34","slug":"11-2","status":"publish","type":"page","link":"https:\/\/veda.polac.cz\/?page_id=2418","title":{"rendered":""},"content":{"rendered":"<p style=\"text-align: center;\">Resum\u00e9 \u010dl\u00e1nku<\/p>\n<p><strong>Identita jako dialog<\/strong><br \/>\n<i>PhDr. Petr Nesvadba, CSc., doc. JUDr. Mgr. Jo\u017ea Spurn\u00fd, Ph.D.<br \/>\nMgr. Luk\u00e1\u0161 Urban, Ph.D., Policejn\u00ed akademie \u010cR v Praze<br \/>\nFakulta bezpe\u010dnostn\u00edho managementu, katedra spole\u010densk\u00fdch v\u011bd<\/i><\/p>\n<p><i><\/i>Text je pojat jako v\u00fdchoz\u00ed teoreticko-metodologick\u00e1 \u00favaha \u0159e\u0161en\u00ed v\u011bdeckov\u00fdzkumn\u00e9ho \u00fakolu &#8222;Soci\u00e1ln\u011b rizikov\u00e9 skupiny a rizikov\u00e9 chov\u00e1n\u00ed&#8220;. Auto\u0159i koncipuj\u00ed fenom\u00e9n kolektivn\u00ed identity nikoli jako cosi statick\u00e9ho a jednou prov\u017edy dan\u00e9ho, n\u00fdbr\u017e jako proces sebevymezov\u00e1n\u00ed ur\u010dit\u00e9 soci\u00e1ln\u00ed skupiny, tedy jako dynamick\u00e9 kladen\u00ed a p\u0159ekra\u010dov\u00e1n\u00ed jej\u00edch hranic a tvorbu smyslu. Upozor\u0148uj\u00ed na d\u016fle\u017eitost reflektovat filosofick\u00e9 ko\u0159eny z\u00e1padn\u00edho typu racionality, zalo\u017een\u00e9 v n\u00e1roku &#8222;logos&#8220; a &#8222;paideia&#8220;. S\u00f3kratovsk\u00fd p\u0159\u00edstup k anal\u00fdze formov\u00e1n\u00ed identity jim umo\u017e\u0148uje ch\u00e1pat ji jako neust\u00e1vaj\u00edc\u00ed kladen\u00ed ot\u00e1zek a prolamov\u00e1n\u00ed &#8222;samoz\u0159ejm\u00e9ho&#8220;. Na tomto z\u00e1klad\u011b pak formuluj\u00ed auto\u0159i i svou tezi o dialogick\u00e9m charakteru identity a o jej\u00ed principi\u00e1ln\u00ed nep\u0159isvojitelnosti a nezcizitelnosti. Text vyb\u00edz\u00ed ke konstituov\u00e1n\u00ed kritick\u00e9ho my\u0161len\u00ed, je\u017e je p\u016fvodn\u00ed intenc\u00ed \u0159eck\u00fdch ko\u0159en\u016f z\u00e1padn\u00ed civilizace a je\u017e se bude vyzna\u010dovat p\u00e9\u010d\u00ed o ot\u00e1zky, tvorbou skute\u010dn\u00e9ho ve\u0159ejn\u00e9ho prostoru a reflex\u00ed p\u0159edpoklad\u016f vlastn\u00ed vzta\u017eenosti.<br \/>\n<strong>Kl\u00ed\u010dov\u00e1 slova:<\/strong>\u00a0Dialog, identita, ot\u00e1zky, racionalita, tvar, z\u00e1padn\u00ed my\u0161len\u00ed, univerzalismus.\u00a0<i><br \/>\n<\/i><\/p>\n<hr \/>\n<p><a href=\"https:\/\/veda.polac.cz\/?page_id=2321\">Zp\u011bt<\/a><\/p>\n","protected":false},"excerpt":{"rendered":"<p>Resum\u00e9 \u010dl\u00e1nku Identita jako dialog PhDr. Petr Nesvadba, CSc., doc. JUDr. Mgr. Jo\u017ea Spurn\u00fd, Ph.D. Mgr. Luk\u00e1\u0161 Urban, Ph.D., Policejn\u00ed akademie \u010cR v Praze Fakulta bezpe\u010dnostn\u00edho managementu, katedra spole\u010densk\u00fdch v\u011bd Text je pojat jako v\u00fdchoz\u00ed teoreticko-metodologick\u00e1 \u00favaha \u0159e\u0161en\u00ed v\u011bdeckov\u00fdzkumn\u00e9ho \u00fakolu &#8222;Soci\u00e1ln\u011b rizikov\u00e9 skupiny a rizikov\u00e9 chov\u00e1n\u00ed&#8220;. Auto\u0159i koncipuj\u00ed fenom\u00e9n kolektivn\u00ed identity nikoli jako cosi statick\u00e9ho [&hellip;]<\/p>\n","protected":false},"author":2,"featured_media":0,"parent":2321,"menu_order":0,"comment_status":"closed","ping_status":"closed","template":"","meta":{"footnotes":""},"class_list":["post-2418","page","type-page","status-publish","hentry"],"_links":{"self":[{"href":"https:\/\/veda.polac.cz\/index.php?rest_route=\/wp\/v2\/pages\/2418","targetHints":{"allow":["GET"]}}],"collection":[{"href":"https:\/\/veda.polac.cz\/index.php?rest_route=\/wp\/v2\/pages"}],"about":[{"href":"https:\/\/veda.polac.cz\/index.php?rest_route=\/wp\/v2\/types\/page"}],"author":[{"embeddable":true,"href":"https:\/\/veda.polac.cz\/index.php?rest_route=\/wp\/v2\/users\/2"}],"replies":[{"embeddable":true,"href":"https:\/\/veda.polac.cz\/index.php?rest_route=%2Fwp%2Fv2%2Fcomments&post=2418"}],"version-history":[{"count":3,"href":"https:\/\/veda.polac.cz\/index.php?rest_route=\/wp\/v2\/pages\/2418\/revisions"}],"predecessor-version":[{"id":2494,"href":"https:\/\/veda.polac.cz\/index.php?rest_route=\/wp\/v2\/pages\/2418\/revisions\/2494"}],"up":[{"embeddable":true,"href":"https:\/\/veda.polac.cz\/index.php?rest_route=\/wp\/v2\/pages\/2321"}],"wp:attachment":[{"href":"https:\/\/veda.polac.cz\/index.php?rest_route=%2Fwp%2Fv2%2Fmedia&parent=2418"}],"curies":[{"name":"wp","href":"https:\/\/api.w.org\/{rel}","templated":true}]}}