{"id":2416,"date":"2019-04-17T11:36:56","date_gmt":"2019-04-17T11:36:56","guid":{"rendered":"http:\/\/veda.polac.cz\/?page_id=2416"},"modified":"2019-04-17T15:31:05","modified_gmt":"2019-04-17T15:31:05","slug":"10-2","status":"publish","type":"page","link":"https:\/\/veda.polac.cz\/?page_id=2416","title":{"rendered":""},"content":{"rendered":"<p style=\"text-align: center;\">Resum\u00e9 \u010dl\u00e1nku<\/p>\n<p><strong>Ob\u011bti terorismu<\/strong><br \/>\n<i>doc. PhDr. Ludmila \u010c\u00edrtkov\u00e1, CSc., dr. h. c., Policejn\u00ed akademie \u010cR v Praze<br \/>\nFakulta bezpe\u010dnostn\u00edho managementu, katedra spole\u010densk\u00fdch v\u011bd<\/i><\/p>\n<p><i><\/i>\u010cl\u00e1nek se zab\u00fdv\u00e1 psychologick\u00fdmi aspekty viktimizace a pomoci ob\u011btem terorismu. Fakt, \u017ee ob\u011bti byly viktimizov\u00e1ny jako z\u00e1stupci \u010di symbol nevid\u011bn\u00e9ho st\u00e1tu anebo spole\u010dnosti generuje specifika viktimizace. Autorka odpov\u00edd\u00e1 na ot\u00e1zku, v \u010dem spo\u010d\u00edvaj\u00ed rozd\u00edly ve vyrovn\u00e1v\u00e1n\u00ed se s psychick\u00fdmi n\u00e1sledky viktimizace mezi ob\u011b\u0165mi terorismu na stran\u011b jedn\u00e9 a ob\u011b\u0165mi typick\u00fdch krimin\u00e1ln\u00edch \u010din\u016f na stran\u011b druh\u00e9. Shrnuje specifick\u00e9 p\u0159\u00edstupy k psychologick\u00e9 intervenci pro ob\u011bti terorismu. Vyrovn\u00e1v\u00e1n\u00ed se s dopady teroristick\u00e9ho \u00fatoku ilustruje na p\u0159\u00edpadov\u00e9 studii.<br \/>\n<strong>Kl\u00ed\u010dov\u00e1 slova:<\/strong>\u00a0ob\u011bti terorismu, resilience, poruchy posttraumatick\u00e9ho spektra, krizov\u00e1 intervence.<\/p>\n<hr \/>\n<p><a href=\"https:\/\/veda.polac.cz\/?page_id=2321\">Zp\u011bt<\/a><\/p>\n","protected":false},"excerpt":{"rendered":"<p>Resum\u00e9 \u010dl\u00e1nku Ob\u011bti terorismu doc. PhDr. Ludmila \u010c\u00edrtkov\u00e1, CSc., dr. h. c., Policejn\u00ed akademie \u010cR v Praze Fakulta bezpe\u010dnostn\u00edho managementu, katedra spole\u010densk\u00fdch v\u011bd \u010cl\u00e1nek se zab\u00fdv\u00e1 psychologick\u00fdmi aspekty viktimizace a pomoci ob\u011btem terorismu. Fakt, \u017ee ob\u011bti byly viktimizov\u00e1ny jako z\u00e1stupci \u010di symbol nevid\u011bn\u00e9ho st\u00e1tu anebo spole\u010dnosti generuje specifika viktimizace. Autorka odpov\u00edd\u00e1 na ot\u00e1zku, v \u010dem [&hellip;]<\/p>\n","protected":false},"author":2,"featured_media":0,"parent":2321,"menu_order":0,"comment_status":"closed","ping_status":"closed","template":"","meta":{"footnotes":""},"class_list":["post-2416","page","type-page","status-publish","hentry"],"_links":{"self":[{"href":"https:\/\/veda.polac.cz\/index.php?rest_route=\/wp\/v2\/pages\/2416","targetHints":{"allow":["GET"]}}],"collection":[{"href":"https:\/\/veda.polac.cz\/index.php?rest_route=\/wp\/v2\/pages"}],"about":[{"href":"https:\/\/veda.polac.cz\/index.php?rest_route=\/wp\/v2\/types\/page"}],"author":[{"embeddable":true,"href":"https:\/\/veda.polac.cz\/index.php?rest_route=\/wp\/v2\/users\/2"}],"replies":[{"embeddable":true,"href":"https:\/\/veda.polac.cz\/index.php?rest_route=%2Fwp%2Fv2%2Fcomments&post=2416"}],"version-history":[{"count":3,"href":"https:\/\/veda.polac.cz\/index.php?rest_route=\/wp\/v2\/pages\/2416\/revisions"}],"predecessor-version":[{"id":2489,"href":"https:\/\/veda.polac.cz\/index.php?rest_route=\/wp\/v2\/pages\/2416\/revisions\/2489"}],"up":[{"embeddable":true,"href":"https:\/\/veda.polac.cz\/index.php?rest_route=\/wp\/v2\/pages\/2321"}],"wp:attachment":[{"href":"https:\/\/veda.polac.cz\/index.php?rest_route=%2Fwp%2Fv2%2Fmedia&parent=2416"}],"curies":[{"name":"wp","href":"https:\/\/api.w.org\/{rel}","templated":true}]}}