{"id":2412,"date":"2019-04-17T11:30:23","date_gmt":"2019-04-17T11:30:23","guid":{"rendered":"http:\/\/veda.polac.cz\/?page_id=2412"},"modified":"2019-04-17T16:59:11","modified_gmt":"2019-04-17T16:59:11","slug":"8-2","status":"publish","type":"page","link":"https:\/\/veda.polac.cz\/?page_id=2412","title":{"rendered":""},"content":{"rendered":"<p style=\"text-align: center;\">Resum\u00e9 \u010dl\u00e1nku<\/p>\n<p><strong>Exaktn\u00ed ov\u011b\u0159en\u00ed podm\u00edn\u011bnosti skladby profesn\u00edho profilu vedouc\u00edch p\u0159\u00edslu\u0161n\u00edk\u016f Policie \u010cR<\/strong><br \/>\n<i>kpt. PhDr. Luk\u00e1\u0161 Miklas, Policejn\u00ed akademie \u010cR v Praze, Fakulta bezpe\u010dnostn\u011b pr\u00e1vn\u00ed, katedra trestn\u00edho pr\u00e1va<br \/>\nDr. Zden\u011bk Kova\u0159\u00edk, CSc., Policejn\u00ed akademie \u010cR v Praze, odd\u011blen\u00ed v\u011bdy a v\u00fdzkumu<\/i><\/p>\n<p><i><\/i>T\u00e9ma \u010dl\u00e1nku &#8222;Exaktn\u00ed ov\u011b\u0159en\u00ed podm\u00edn\u011bnosti skladby profesn\u00edho profilu vedouc\u00edch p\u0159\u00edslu\u0161n\u00edk\u016f Policie \u010cR&#8220; se zab\u00fdv\u00e1 asymetrick\u00fdm vlivem stanoven\u00fdch prom\u011bnn\u00fdch (identifik\u00e1tor\u016f) na slo\u017eky profesn\u00edho profilu vedouc\u00edch a z\u00e1stupc\u016f vedouc\u00edch obvodn\u00edch odd\u011blen\u00ed Policie \u010cR. Je zpracov\u00e1n v r\u00e1mci v\u011bdeckov\u00fdzkumn\u00e9ho \u00fakolu s n\u00e1zvem &#8222;Anal\u00fdza a o\u010dek\u00e1van\u00fd v\u00fdvoj kompetenc\u00ed Policie \u010cR a policejn\u011b bezpe\u010dnostn\u00edch subjekt\u016f ve vybran\u00fdch oblastech&#8220;, \u010d. 3.1. C\u00edlem \u010dl\u00e1nku bylo exaktn\u011b ov\u011b\u0159it, zda je vn\u00edm\u00e1n\u00ed skladby profesn\u00edho profilu policejn\u00edch mana\u017eer\u016f na \u00farovni obvodn\u00edch odd\u011blen\u00ed Policie \u010cR ovlivn\u011bno vybran\u00fdmi t\u0159in\u00e1cti identifik\u00e1tory. \u010cl\u00e1nek vych\u00e1z\u00ed z anal\u00fdzy v\u011bcn\u011b v\u00fdznamn\u00fdch asymetrick\u00fdch z\u00e1vislost\u00ed, kter\u00e9 jsou dokumentov\u00e1ny v tabulk\u00e1ch. Obsahuje d\u00e1le jednotliv\u00e9 z\u00e1v\u011bry a v\u00fdchodiska proveden\u00e9ho v\u00fdzkumu, v\u010detn\u011b n\u011bkter\u00fdch post\u0159eh\u016f, kter\u00e9 sleduj\u00ed optimalizaci dan\u00e9ho stavu.<br \/>\n<strong>Kl\u00ed\u010dov\u00e1 slova:<\/strong>\u00a0v\u011bcn\u00e1 v\u00fdznamnost, ukazatele v\u011bcn\u00e9 v\u00fdznamnosti, profesn\u00ed profil, profesn\u00ed kompetence, explora\u010dn\u00ed faktorov\u00e1 anal\u00fdza, faktorov\u00e9 sk\u00f3re, vedouc\u00ed, obvodn\u00ed odd\u011blen\u00ed, Policie \u010cesk\u00e9 republiky, kompeten\u010dn\u00ed model.<\/p>\n<hr \/>\n<p><a href=\"https:\/\/veda.polac.cz\/?page_id=2321\">Zp\u011bt<\/a><\/p>\n","protected":false},"excerpt":{"rendered":"<p>Resum\u00e9 \u010dl\u00e1nku Exaktn\u00ed ov\u011b\u0159en\u00ed podm\u00edn\u011bnosti skladby profesn\u00edho profilu vedouc\u00edch p\u0159\u00edslu\u0161n\u00edk\u016f Policie \u010cR kpt. PhDr. Luk\u00e1\u0161 Miklas, Policejn\u00ed akademie \u010cR v Praze, Fakulta bezpe\u010dnostn\u011b pr\u00e1vn\u00ed, katedra trestn\u00edho pr\u00e1va Dr. Zden\u011bk Kova\u0159\u00edk, CSc., Policejn\u00ed akademie \u010cR v Praze, odd\u011blen\u00ed v\u011bdy a v\u00fdzkumu T\u00e9ma \u010dl\u00e1nku &#8222;Exaktn\u00ed ov\u011b\u0159en\u00ed podm\u00edn\u011bnosti skladby profesn\u00edho profilu vedouc\u00edch p\u0159\u00edslu\u0161n\u00edk\u016f Policie \u010cR&#8220; se zab\u00fdv\u00e1 asymetrick\u00fdm [&hellip;]<\/p>\n","protected":false},"author":2,"featured_media":0,"parent":2321,"menu_order":0,"comment_status":"closed","ping_status":"closed","template":"","meta":{"footnotes":""},"class_list":["post-2412","page","type-page","status-publish","hentry"],"_links":{"self":[{"href":"https:\/\/veda.polac.cz\/index.php?rest_route=\/wp\/v2\/pages\/2412","targetHints":{"allow":["GET"]}}],"collection":[{"href":"https:\/\/veda.polac.cz\/index.php?rest_route=\/wp\/v2\/pages"}],"about":[{"href":"https:\/\/veda.polac.cz\/index.php?rest_route=\/wp\/v2\/types\/page"}],"author":[{"embeddable":true,"href":"https:\/\/veda.polac.cz\/index.php?rest_route=\/wp\/v2\/users\/2"}],"replies":[{"embeddable":true,"href":"https:\/\/veda.polac.cz\/index.php?rest_route=%2Fwp%2Fv2%2Fcomments&post=2412"}],"version-history":[{"count":3,"href":"https:\/\/veda.polac.cz\/index.php?rest_route=\/wp\/v2\/pages\/2412\/revisions"}],"predecessor-version":[{"id":2515,"href":"https:\/\/veda.polac.cz\/index.php?rest_route=\/wp\/v2\/pages\/2412\/revisions\/2515"}],"up":[{"embeddable":true,"href":"https:\/\/veda.polac.cz\/index.php?rest_route=\/wp\/v2\/pages\/2321"}],"wp:attachment":[{"href":"https:\/\/veda.polac.cz\/index.php?rest_route=%2Fwp%2Fv2%2Fmedia&parent=2412"}],"curies":[{"name":"wp","href":"https:\/\/api.w.org\/{rel}","templated":true}]}}