{"id":2407,"date":"2019-04-17T11:26:36","date_gmt":"2019-04-17T11:26:36","guid":{"rendered":"http:\/\/veda.polac.cz\/?page_id=2407"},"modified":"2019-04-17T15:28:29","modified_gmt":"2019-04-17T15:28:29","slug":"7-2","status":"publish","type":"page","link":"https:\/\/veda.polac.cz\/?page_id=2407","title":{"rendered":""},"content":{"rendered":"<p style=\"text-align: center;\">Resum\u00e9 \u010dl\u00e1nku<\/p>\n<p><strong>Aktu\u00e1ln\u00ed kybernetick\u00e9 hrozby a odpov\u00eddaj\u00edc\u00ed pr\u00e1vn\u00ed \u00faprava v Evropsk\u00e9 unii a v Kanad\u011b<\/strong><br \/>\n<i>Mgr. et Mgr. Eli\u0161ka Jon\u00e1\u0161ov\u00e1, Pr\u00e1vnick\u00e1 fakulta Univerzity Karlovy<\/i><\/p>\n<p><i><\/i>\u010cl\u00e1nek se zam\u011b\u0159uje na aktu\u00e1ln\u00ed kybernetick\u00e9 hrozby v Evropsk\u00e9 unii a v Kanad\u011b s uveden\u00edm relevantn\u00edch pr\u00e1vn\u00edch p\u0159edpis\u016f. V kontextu specifik trestn\u00edho pr\u00e1va v EU je rovn\u011b\u017e uvedena pr\u00e1vn\u00ed \u00faprava v \u010cesk\u00e9 republice, kter\u00e1 je dopln\u011bna o zji\u0161t\u011bn\u00e9 statistick\u00e9 \u00fadaje. Srovn\u00e1n\u00ed kanadsk\u00e9ho a evropsk\u00e9ho pr\u00e1vn\u00edho p\u0159\u00edstupu v z\u00e1v\u011bru nazna\u010duje mo\u017en\u00e9 dal\u0161\u00ed kroky v postihu kybernetick\u00fdch zlo\u010din\u016f.<br \/>\n<strong>Kl\u00ed\u010dov\u00e1 slova:<\/strong>\u00a0kybernetick\u00e9 hrozby; Evropsk\u00e1 unie; Kanada; trestn\u00ed pr\u00e1vo.\u00a0<i><br \/>\n<\/i><\/p>\n<hr \/>\n<p><a href=\"https:\/\/veda.polac.cz\/?page_id=2315\">zp\u011bt<\/a><\/p>\n","protected":false},"excerpt":{"rendered":"<p>Resum\u00e9 \u010dl\u00e1nku Aktu\u00e1ln\u00ed kybernetick\u00e9 hrozby a odpov\u00eddaj\u00edc\u00ed pr\u00e1vn\u00ed \u00faprava v Evropsk\u00e9 unii a v Kanad\u011b Mgr. et Mgr. Eli\u0161ka Jon\u00e1\u0161ov\u00e1, Pr\u00e1vnick\u00e1 fakulta Univerzity Karlovy \u010cl\u00e1nek se zam\u011b\u0159uje na aktu\u00e1ln\u00ed kybernetick\u00e9 hrozby v Evropsk\u00e9 unii a v Kanad\u011b s uveden\u00edm relevantn\u00edch pr\u00e1vn\u00edch p\u0159edpis\u016f. V kontextu specifik trestn\u00edho pr\u00e1va v EU je rovn\u011b\u017e uvedena pr\u00e1vn\u00ed \u00faprava v [&hellip;]<\/p>\n","protected":false},"author":2,"featured_media":0,"parent":2315,"menu_order":0,"comment_status":"closed","ping_status":"closed","template":"","meta":{"footnotes":""},"class_list":["post-2407","page","type-page","status-publish","hentry"],"_links":{"self":[{"href":"https:\/\/veda.polac.cz\/index.php?rest_route=\/wp\/v2\/pages\/2407","targetHints":{"allow":["GET"]}}],"collection":[{"href":"https:\/\/veda.polac.cz\/index.php?rest_route=\/wp\/v2\/pages"}],"about":[{"href":"https:\/\/veda.polac.cz\/index.php?rest_route=\/wp\/v2\/types\/page"}],"author":[{"embeddable":true,"href":"https:\/\/veda.polac.cz\/index.php?rest_route=\/wp\/v2\/users\/2"}],"replies":[{"embeddable":true,"href":"https:\/\/veda.polac.cz\/index.php?rest_route=%2Fwp%2Fv2%2Fcomments&post=2407"}],"version-history":[{"count":3,"href":"https:\/\/veda.polac.cz\/index.php?rest_route=\/wp\/v2\/pages\/2407\/revisions"}],"predecessor-version":[{"id":2484,"href":"https:\/\/veda.polac.cz\/index.php?rest_route=\/wp\/v2\/pages\/2407\/revisions\/2484"}],"up":[{"embeddable":true,"href":"https:\/\/veda.polac.cz\/index.php?rest_route=\/wp\/v2\/pages\/2315"}],"wp:attachment":[{"href":"https:\/\/veda.polac.cz\/index.php?rest_route=%2Fwp%2Fv2%2Fmedia&parent=2407"}],"curies":[{"name":"wp","href":"https:\/\/api.w.org\/{rel}","templated":true}]}}