{"id":2405,"date":"2019-04-17T11:24:46","date_gmt":"2019-04-17T11:24:46","guid":{"rendered":"http:\/\/veda.polac.cz\/?page_id=2405"},"modified":"2019-04-17T15:27:42","modified_gmt":"2019-04-17T15:27:42","slug":"6-2","status":"publish","type":"page","link":"https:\/\/veda.polac.cz\/?page_id=2405","title":{"rendered":""},"content":{"rendered":"<p style=\"text-align: center;\">Resum\u00e9 \u010dl\u00e1nku<\/p>\n<p><strong>Niektor\u00e9 kriminologick\u00e9 aspekty trestnej \u010dinnosti policajtov<\/strong><br \/>\n<i>kpt. Mgr. et Mgr. Diana Santusov\u00e1, Ministerstvo vn\u00fatra Slovenskej republiky, sekcia kontroly a in\u0161pek\u010dnej slu\u017eby MV SR, \u00farad in\u0161pek\u010dnej slu\u017eby, odbor in\u0161pek\u010dnej slu\u017eby Z\u00e1pad, Bratislava<br \/>\nmjr. doc. PhDr. Ing. Krist\u00edna Kr\u00e1likov\u00e1, PhD., MBA, Akad\u00e9mia Policajn\u00e9ho zboru v Bratislave, katedra spr\u00e1vneho pr\u00e1va<\/i><\/p>\n<p><i><\/i>Cie\u013eom pr\u00edspevku je prezentova\u0165 na z\u00e1klade aktu\u00e1lne dostupn\u00fdch inform\u00e1ci\u00ed z\u00e1kladn\u00e9 kriminologick\u00e9 aspekty trestnej \u010dinnosti policajtov, vr\u00e1tane pr\u00edslu\u0161n\u00edkov Policajn\u00e9ho zboru. V tejto s\u00favislosti chc\u00fa autorky v tomto kontexte pouk\u00e1za\u0165 aj na aktu\u00e1lny stav tejto problematiky, ako aj na samotn\u00e9 pr\u00ed\u010diny jej vzniku s oh\u013eadom na motiv\u00e1ciu pr\u00edslu\u0161n\u00edkov Policajn\u00e9ho zboru ako verejn\u00fdch \u010dinite\u013eov k p\u00e1chaniu trestnej \u010dinnosti.<br \/>\n<strong>K\u013e\u00fa\u010dov\u00e9 slov\u00e1:<\/strong>\u00a0kriminologick\u00e9 aspekty, trestn\u00e1 \u010dinnos\u0165, Policajn\u00fd zbor.<\/p>\n<hr \/>\n<p><a href=\"https:\/\/veda.polac.cz\/?page_id=2315\">zp\u011bt<\/a><\/p>\n","protected":false},"excerpt":{"rendered":"<p>Resum\u00e9 \u010dl\u00e1nku Niektor\u00e9 kriminologick\u00e9 aspekty trestnej \u010dinnosti policajtov kpt. Mgr. et Mgr. Diana Santusov\u00e1, Ministerstvo vn\u00fatra Slovenskej republiky, sekcia kontroly a in\u0161pek\u010dnej slu\u017eby MV SR, \u00farad in\u0161pek\u010dnej slu\u017eby, odbor in\u0161pek\u010dnej slu\u017eby Z\u00e1pad, Bratislava mjr. doc. PhDr. Ing. Krist\u00edna Kr\u00e1likov\u00e1, PhD., MBA, Akad\u00e9mia Policajn\u00e9ho zboru v Bratislave, katedra spr\u00e1vneho pr\u00e1va Cie\u013eom pr\u00edspevku je prezentova\u0165 na z\u00e1klade [&hellip;]<\/p>\n","protected":false},"author":2,"featured_media":0,"parent":2315,"menu_order":0,"comment_status":"closed","ping_status":"closed","template":"","meta":{"footnotes":""},"class_list":["post-2405","page","type-page","status-publish","hentry"],"_links":{"self":[{"href":"https:\/\/veda.polac.cz\/index.php?rest_route=\/wp\/v2\/pages\/2405","targetHints":{"allow":["GET"]}}],"collection":[{"href":"https:\/\/veda.polac.cz\/index.php?rest_route=\/wp\/v2\/pages"}],"about":[{"href":"https:\/\/veda.polac.cz\/index.php?rest_route=\/wp\/v2\/types\/page"}],"author":[{"embeddable":true,"href":"https:\/\/veda.polac.cz\/index.php?rest_route=\/wp\/v2\/users\/2"}],"replies":[{"embeddable":true,"href":"https:\/\/veda.polac.cz\/index.php?rest_route=%2Fwp%2Fv2%2Fcomments&post=2405"}],"version-history":[{"count":3,"href":"https:\/\/veda.polac.cz\/index.php?rest_route=\/wp\/v2\/pages\/2405\/revisions"}],"predecessor-version":[{"id":2481,"href":"https:\/\/veda.polac.cz\/index.php?rest_route=\/wp\/v2\/pages\/2405\/revisions\/2481"}],"up":[{"embeddable":true,"href":"https:\/\/veda.polac.cz\/index.php?rest_route=\/wp\/v2\/pages\/2315"}],"wp:attachment":[{"href":"https:\/\/veda.polac.cz\/index.php?rest_route=%2Fwp%2Fv2%2Fmedia&parent=2405"}],"curies":[{"name":"wp","href":"https:\/\/api.w.org\/{rel}","templated":true}]}}