{"id":2401,"date":"2019-04-17T11:21:40","date_gmt":"2019-04-17T11:21:40","guid":{"rendered":"http:\/\/veda.polac.cz\/?page_id=2401"},"modified":"2019-04-17T17:01:53","modified_gmt":"2019-04-17T17:01:53","slug":"4-2","status":"publish","type":"page","link":"https:\/\/veda.polac.cz\/?page_id=2401","title":{"rendered":""},"content":{"rendered":"<p style=\"text-align: center;\">Resum\u00e9 \u010dl\u00e1nku<\/p>\n<p><strong>Profesn\u00ed profil vedouc\u00edch p\u0159\u00edslu\u0161n\u00edk\u016f Policie \u010cR<\/strong><br \/>\n<i>kpt. PhDr. Luk\u00e1\u0161 Miklas, Policejn\u00ed akademie \u010cesk\u00e9 republiky v Praze, Fakulta bezpe\u010dnostn\u011b pr\u00e1vn\u00ed, katedra trestn\u00edho pr\u00e1va<br \/>\nDr. Zden\u011bk Kova\u0159\u00edk, CSc., Policejn\u00ed akademie \u010cesk\u00e9 republiky v Praze, odd\u011blen\u00ed v\u011bdy a v\u00fdzkumu<\/p>\n<p><\/i>T\u00e9ma \u010dl\u00e1nku &#8222;Profesn\u00ed profil vedouc\u00edch p\u0159\u00edslu\u0161n\u00edk\u016f Policie \u010cR&#8220; se zab\u00fdv\u00e1 profesn\u00edmi kompetencemi vedouc\u00edch a z\u00e1stupc\u016f vedouc\u00edch obvodn\u00edch odd\u011blen\u00ed Policie \u010cR. C\u00edlem \u010dl\u00e1nku je vytvo\u0159it p\u0159ehled profesn\u00edch kl\u00ed\u010dov\u00fdch kompetenc\u00ed policejn\u00edch mana\u017eer\u016f na uveden\u00e9 \u00farovni \u0159\u00edzen\u00ed a d\u00e1le ov\u011b\u0159it sou\u010dasnou profesn\u00ed skladbu jednotliv\u00fdch kompetenc\u00ed na z\u00e1klad\u011b empirick\u00fdch v\u00fdzkumn\u00fdch metod. \u010cl\u00e1nek popisuje tvorbu zm\u00edn\u011bn\u00e9ho p\u0159ehledu profesn\u00edch kompetenc\u00ed, zejm\u00e9na za pomoci explora\u010dn\u00ed faktorov\u00e9 anal\u00fdzy. Obsahuje d\u00e1le jednotliv\u00e9 z\u00e1v\u011bry a v\u00fdchodiska proveden\u00e9ho v\u00fdzkumu.<br \/>\n<strong>Kl\u00ed\u010dov\u00e1 slova:<\/strong>\u00a0kompetence, vedouc\u00ed, obvodn\u00ed odd\u011blen\u00ed, Policie \u010cesk\u00e9 republiky, kompeten\u010dn\u00ed model, explora\u010dn\u00ed faktorov\u00e1 anal\u00fdza.<\/p>\n<hr \/>\n","protected":false},"excerpt":{"rendered":"<p>Resum\u00e9 \u010dl\u00e1nku Profesn\u00ed profil vedouc\u00edch p\u0159\u00edslu\u0161n\u00edk\u016f Policie \u010cR kpt. PhDr. Luk\u00e1\u0161 Miklas, Policejn\u00ed akademie \u010cesk\u00e9 republiky v Praze, Fakulta bezpe\u010dnostn\u011b pr\u00e1vn\u00ed, katedra trestn\u00edho pr\u00e1va Dr. Zden\u011bk Kova\u0159\u00edk, CSc., Policejn\u00ed akademie \u010cesk\u00e9 republiky v Praze, odd\u011blen\u00ed v\u011bdy a v\u00fdzkumu T\u00e9ma \u010dl\u00e1nku &#8222;Profesn\u00ed profil vedouc\u00edch p\u0159\u00edslu\u0161n\u00edk\u016f Policie \u010cR&#8220; se zab\u00fdv\u00e1 profesn\u00edmi kompetencemi vedouc\u00edch a z\u00e1stupc\u016f vedouc\u00edch obvodn\u00edch [&hellip;]<\/p>\n","protected":false},"author":2,"featured_media":0,"parent":18,"menu_order":0,"comment_status":"closed","ping_status":"closed","template":"","meta":{"footnotes":""},"class_list":["post-2401","page","type-page","status-publish","hentry"],"_links":{"self":[{"href":"https:\/\/veda.polac.cz\/index.php?rest_route=\/wp\/v2\/pages\/2401","targetHints":{"allow":["GET"]}}],"collection":[{"href":"https:\/\/veda.polac.cz\/index.php?rest_route=\/wp\/v2\/pages"}],"about":[{"href":"https:\/\/veda.polac.cz\/index.php?rest_route=\/wp\/v2\/types\/page"}],"author":[{"embeddable":true,"href":"https:\/\/veda.polac.cz\/index.php?rest_route=\/wp\/v2\/users\/2"}],"replies":[{"embeddable":true,"href":"https:\/\/veda.polac.cz\/index.php?rest_route=%2Fwp%2Fv2%2Fcomments&post=2401"}],"version-history":[{"count":2,"href":"https:\/\/veda.polac.cz\/index.php?rest_route=\/wp\/v2\/pages\/2401\/revisions"}],"predecessor-version":[{"id":2522,"href":"https:\/\/veda.polac.cz\/index.php?rest_route=\/wp\/v2\/pages\/2401\/revisions\/2522"}],"up":[{"embeddable":true,"href":"https:\/\/veda.polac.cz\/index.php?rest_route=\/wp\/v2\/pages\/18"}],"wp:attachment":[{"href":"https:\/\/veda.polac.cz\/index.php?rest_route=%2Fwp%2Fv2%2Fmedia&parent=2401"}],"curies":[{"name":"wp","href":"https:\/\/api.w.org\/{rel}","templated":true}]}}