{"id":2397,"date":"2019-04-17T10:46:29","date_gmt":"2019-04-17T10:46:29","guid":{"rendered":"http:\/\/veda.polac.cz\/?page_id=2397"},"modified":"2019-04-17T15:24:24","modified_gmt":"2019-04-17T15:24:24","slug":"2-2","status":"publish","type":"page","link":"https:\/\/veda.polac.cz\/?page_id=2397","title":{"rendered":""},"content":{"rendered":"<p style=\"text-align: center;\">Resum\u00e9 \u010dl\u00e1nku<\/p>\n<p><strong>Vliv vybran\u00fdch faktor\u016f na posuzov\u00e1n\u00ed \u00farovn\u011b \u0159\u00edzen\u00ed kontinuity \u010dinnost\u00ed v organizac\u00edch ve\u0159ejn\u00e9 spr\u00e1vy \u010cesk\u00e9 republiky<\/strong><br \/><i>Ing. Ond\u0159ej Bos, Policejn\u00ed akademie \u010cR v Praze, Fakulta bezpe\u010dnostn\u00edho managementu, katedra krizov\u00e9ho \u0159\u00edzen\u00ed<br \/>Dr. Zden\u011bk Kova\u0159\u00edk, CSc., Policejn\u00ed akademie \u010cR v Praze, odd\u011blen\u00ed v\u011bdy a v\u00fdzkumu PA \u010cR v Praze<\/i><\/p>\n<p>\u00a0<\/p>\n<p><i><\/i>P\u0159\u00edsp\u011bvek se zam\u011b\u0159uje na hodnocen\u00ed \u00farovn\u011b \u0159\u00edzen\u00ed kontinuity \u010dinnost\u00ed v organizac\u00edch ve\u0159ejn\u00e9 spr\u00e1vy z dat z\u00edskan\u00fdch v r\u00e1mci empirick\u00e9ho v\u00fdzkumu. C\u00edlem bylo prozkoumat vz\u00e1jemn\u00e9 asymetrick\u00e9 z\u00e1vislosti a zjistit mo\u017en\u00e9 vlivy identifika\u010dn\u00edch znak\u016f respondent\u016f na vn\u00edm\u00e1n\u00ed vybran\u00fdch t\u00e9mat a oblast\u00ed, kter\u00e9 charakterizuj\u00ed \u00farove\u0148 \u0159\u00edzen\u00ed kontinuity \u010dinnost\u00ed. Mo\u017en\u00e9 asymetrick\u00e9 z\u00e1vislosti byly zji\u0161\u0165ov\u00e1ny prost\u0159ednictv\u00edm n\u00e1lez\u016f akceptovateln\u00fdch v\u011bcn\u011b v\u00fdznamn\u00fdch rozd\u00edl\u016f.<br \/><strong>Kl\u00ed\u010dov\u00e1 slova:<\/strong>\u00a0\u0159\u00edzen\u00ed kontinuity \u010dinnost\u00ed, \u0159\u00edzen\u00ed ve\u0159ejn\u00e9 spr\u00e1vy, kritick\u00e9 funkce, hladina v\u011bcn\u00e9 v\u00fdznamnosti, kategorizovan\u00e9 prom\u011bnn\u00e9.<\/p>\n<hr \/>\n<p><a href=\"https:\/\/veda.polac.cz\/?page_id=2315\">zp\u011bt<\/a><\/p>\n\n\n<p><\/p>\n","protected":false},"excerpt":{"rendered":"<p>Resum\u00e9 \u010dl\u00e1nku Vliv vybran\u00fdch faktor\u016f na posuzov\u00e1n\u00ed \u00farovn\u011b \u0159\u00edzen\u00ed kontinuity \u010dinnost\u00ed v organizac\u00edch ve\u0159ejn\u00e9 spr\u00e1vy \u010cesk\u00e9 republikyIng. Ond\u0159ej Bos, Policejn\u00ed akademie \u010cR v Praze, Fakulta bezpe\u010dnostn\u00edho managementu, katedra krizov\u00e9ho \u0159\u00edzen\u00edDr. Zden\u011bk Kova\u0159\u00edk, CSc., Policejn\u00ed akademie \u010cR v Praze, odd\u011blen\u00ed v\u011bdy a v\u00fdzkumu PA \u010cR v Praze \u00a0 P\u0159\u00edsp\u011bvek se zam\u011b\u0159uje na hodnocen\u00ed \u00farovn\u011b \u0159\u00edzen\u00ed kontinuity [&hellip;]<\/p>\n","protected":false},"author":2,"featured_media":0,"parent":2315,"menu_order":0,"comment_status":"closed","ping_status":"closed","template":"","meta":{"footnotes":""},"class_list":["post-2397","page","type-page","status-publish","hentry"],"_links":{"self":[{"href":"https:\/\/veda.polac.cz\/index.php?rest_route=\/wp\/v2\/pages\/2397","targetHints":{"allow":["GET"]}}],"collection":[{"href":"https:\/\/veda.polac.cz\/index.php?rest_route=\/wp\/v2\/pages"}],"about":[{"href":"https:\/\/veda.polac.cz\/index.php?rest_route=\/wp\/v2\/types\/page"}],"author":[{"embeddable":true,"href":"https:\/\/veda.polac.cz\/index.php?rest_route=\/wp\/v2\/users\/2"}],"replies":[{"embeddable":true,"href":"https:\/\/veda.polac.cz\/index.php?rest_route=%2Fwp%2Fv2%2Fcomments&post=2397"}],"version-history":[{"count":3,"href":"https:\/\/veda.polac.cz\/index.php?rest_route=\/wp\/v2\/pages\/2397\/revisions"}],"predecessor-version":[{"id":2475,"href":"https:\/\/veda.polac.cz\/index.php?rest_route=\/wp\/v2\/pages\/2397\/revisions\/2475"}],"up":[{"embeddable":true,"href":"https:\/\/veda.polac.cz\/index.php?rest_route=\/wp\/v2\/pages\/2315"}],"wp:attachment":[{"href":"https:\/\/veda.polac.cz\/index.php?rest_route=%2Fwp%2Fv2%2Fmedia&parent=2397"}],"curies":[{"name":"wp","href":"https:\/\/api.w.org\/{rel}","templated":true}]}}