{"id":2386,"date":"2019-04-17T08:58:15","date_gmt":"2019-04-17T08:58:15","guid":{"rendered":"http:\/\/veda.polac.cz\/?page_id=2386"},"modified":"2019-04-17T15:23:51","modified_gmt":"2019-04-17T15:23:51","slug":"2386-2","status":"publish","type":"page","link":"https:\/\/veda.polac.cz\/?page_id=2386","title":{"rendered":""},"content":{"rendered":"<p style=\"text-align: center;\">Resum\u00e9 \u010dl\u00e1nku<\/p>\n<p><strong>Realiz\u00e1cia policajn\u00fdch oper\u00e1ci\u00ed vo form\u00e1ch krimin\u00e1lno-policajn\u00e9ho poznania<\/strong><br \/>\n<em>prof. Ing. Miroslav Liso\u0148, PhD., JUDr. Adri\u00e1n Va\u0161ko, Akad\u00e9mia Policajn\u00e9ho zboru v Bratislave, katedra krimin\u00e1lnej pol\u00edcie<\/em><\/p>\n<p>V\u00fdsledky aplikovan\u00e9ho v\u00fdskumu potvrdzuj\u00fa, \u017ee v praxi s\u00fa v komunik\u00e1cii pr\u00edslu\u0161n\u00edkov pol\u00edcie registrovan\u00e9 rezervy. Tie s\u00fa vyvolan\u00e9 rozdielnym ch\u00e1pan\u00edm podstaty a prejavov kateg\u00f3ri\u00ed tvoriacich jej z\u00e1kladn\u00e9 in\u0161trument\u00e1rium. Osobitne je to evidentn\u00e9 pri policajnej komunik\u00e1cii, ktor\u00e1 tvor\u00ed z\u00e1klad funk\u010dnosti medzin\u00e1rodnej policajnej kooper\u00e1cie. Pomerne frekventovane sa to prejavuje pri projektovan\u00ed cezhrani\u010dn\u00fdch oper\u00e1ci\u00ed. V z\u00e1ujme eliminovania tohto ne\u017eiad\u00faceho stavu autori predkladaj\u00fa \u010diastkov\u00e9 informa\u010dn\u00e9 v\u00fdstupy z v\u00fdskumov s cie\u013eom vyvolania odbornej diskusie. V ich obsahu charakterizuj\u00fa ontologick\u00e9 a gnozeologick\u00e9 vlastnosti kateg\u00f3ri\u00ed foriem krimin\u00e1lno-policajn\u00e9ho poznania a policajn\u00fdch oper\u00e1ci\u00ed. T\u00fdmto pr\u00edstupom zv\u00fdraz\u0148uj\u00fa funkcie te\u00f3ri\u00ed kreovan\u00fdch v syst\u00e9me policajn\u00fdch vied.<br \/>\n<strong>K\u013e\u00fa\u010dov\u00e9 slov\u00e1:<\/strong>\u00a0krimin\u00e1lno-policajn\u00e9 poznanie, forma krimin\u00e1lno-policajn\u00e9ho poznania, policajn\u00e9 oper\u00e1cie<\/p>\n<hr \/>\n<p><a href=\"https:\/\/veda.polac.cz\/?page_id=2315\">zp\u011bt<\/a><\/p>\n","protected":false},"excerpt":{"rendered":"<p>Resum\u00e9 \u010dl\u00e1nku Realiz\u00e1cia policajn\u00fdch oper\u00e1ci\u00ed vo form\u00e1ch krimin\u00e1lno-policajn\u00e9ho poznania prof. Ing. Miroslav Liso\u0148, PhD., JUDr. Adri\u00e1n Va\u0161ko, Akad\u00e9mia Policajn\u00e9ho zboru v Bratislave, katedra krimin\u00e1lnej pol\u00edcie V\u00fdsledky aplikovan\u00e9ho v\u00fdskumu potvrdzuj\u00fa, \u017ee v praxi s\u00fa v komunik\u00e1cii pr\u00edslu\u0161n\u00edkov pol\u00edcie registrovan\u00e9 rezervy. Tie s\u00fa vyvolan\u00e9 rozdielnym ch\u00e1pan\u00edm podstaty a prejavov kateg\u00f3ri\u00ed tvoriacich jej z\u00e1kladn\u00e9 in\u0161trument\u00e1rium. Osobitne je to [&hellip;]<\/p>\n","protected":false},"author":2,"featured_media":0,"parent":2315,"menu_order":0,"comment_status":"closed","ping_status":"closed","template":"","meta":{"footnotes":""},"class_list":["post-2386","page","type-page","status-publish","hentry"],"_links":{"self":[{"href":"https:\/\/veda.polac.cz\/index.php?rest_route=\/wp\/v2\/pages\/2386","targetHints":{"allow":["GET"]}}],"collection":[{"href":"https:\/\/veda.polac.cz\/index.php?rest_route=\/wp\/v2\/pages"}],"about":[{"href":"https:\/\/veda.polac.cz\/index.php?rest_route=\/wp\/v2\/types\/page"}],"author":[{"embeddable":true,"href":"https:\/\/veda.polac.cz\/index.php?rest_route=\/wp\/v2\/users\/2"}],"replies":[{"embeddable":true,"href":"https:\/\/veda.polac.cz\/index.php?rest_route=%2Fwp%2Fv2%2Fcomments&post=2386"}],"version-history":[{"count":6,"href":"https:\/\/veda.polac.cz\/index.php?rest_route=\/wp\/v2\/pages\/2386\/revisions"}],"predecessor-version":[{"id":2473,"href":"https:\/\/veda.polac.cz\/index.php?rest_route=\/wp\/v2\/pages\/2386\/revisions\/2473"}],"up":[{"embeddable":true,"href":"https:\/\/veda.polac.cz\/index.php?rest_route=\/wp\/v2\/pages\/2315"}],"wp:attachment":[{"href":"https:\/\/veda.polac.cz\/index.php?rest_route=%2Fwp%2Fv2%2Fmedia&parent=2386"}],"curies":[{"name":"wp","href":"https:\/\/api.w.org\/{rel}","templated":true}]}}