{"id":2321,"date":"2019-04-15T18:47:26","date_gmt":"2019-04-15T18:47:26","guid":{"rendered":"http:\/\/veda.polac.cz\/?page_id=2321"},"modified":"2020-02-04T14:27:00","modified_gmt":"2020-02-04T14:27:00","slug":"04-2018","status":"publish","type":"page","link":"https:\/\/veda.polac.cz\/?page_id=2321","title":{"rendered":"04\/2018"},"content":{"rendered":"<p><\/p>\n<p><a href=\"https:\/\/veda.polac.cz\/?page_id=2328\"><strong>Zku\u0161enosti ob\u010dan\u016f \u010cR s u\u017eivateli n\u00e1vykov\u00fdch l\u00e1tek<\/strong><\/a><br>PaedDr. Petr P\u0159ececht\u011bl, doc. JUDr. Ivana Zoubkov\u00e1, CSc., Mgr. Tom\u00e1\u0161 Najman, Policejn\u00ed akademie \u010cR v Praze, Fakulta bezpe\u010dnostn\u011b pr\u00e1vn\u00ed, katedra kriminologie<\/p>\n<p><a href=\"https:\/\/veda.polac.cz\/wp-content\/uploads\/2019\/04\/042018_Zku\u0161enosti-ob\u010dan\u016f-\u010cR-s-u\u017eivateli-n\u00e1vykov\u00fdch-l\u00e1tek.pdf\" target=\"_blank\" rel=\"noopener noreferrer\">Pdf form\u00e1t<\/a><\/p>\n<hr>\n<p><a href=\"https:\/\/veda.polac.cz\/?page_id=2412\"><strong>Exaktn\u00ed ov\u011b\u0159en\u00ed podm\u00edn\u011bnosti skladby profesn\u00edho profilu vedouc\u00edch p\u0159\u00edslu\u0161n\u00edk\u016f Policie \u010cR<\/strong><\/a><br>kpt. PhDr. Luk\u00e1\u0161 Miklas, Policejn\u00ed akademie \u010cR v Praze, Fakulta bezpe\u010dnostn\u011b pr\u00e1vn\u00ed, katedra trestn\u00edho pr\u00e1va<br>Dr. Zden\u011bk Kova\u0159\u00edk, CSc., Policejn\u00ed akademie \u010cR v Praze, odd\u011blen\u00ed v\u011bdy a v\u00fdzkumu<\/p>\n<p><a href=\"https:\/\/veda.polac.cz\/wp-content\/uploads\/2019\/04\/042018_Exaktn\u00ed-ov\u011b\u0159en\u00ed-podm\u00edn\u011bnosti-skladby-profesn\u00edho-profilu-vedouc\u00edch-p\u0159\u00edslu\u0161n\u00edk\u016f-Policie-\u010cR.pdf\" target=\"_blank\" rel=\"noopener noreferrer\">Pdf form\u00e1t<\/a><\/p>\n<hr>\n<p><a href=\"https:\/\/veda.polac.cz\/?page_id=2414\"><strong>Dispozice obyvatelstva pro p\u0159e\u017eit\u00ed v krizov\u00fdch situac\u00edch<\/strong><\/a><br>Ing. Bc. Eva Luk\u00e1\u0161kov\u00e1, Ph.D., Ing. Jan Kysel\u00e1k, Ph.D., prof. Ing. Du\u0161an Vi\u010dar, CSc.<br>Univerzita Tom\u00e1\u0161e Bati ve Zl\u00edn\u011b, Fakulta logistiky a krizov\u00e9ho \u0159\u00edzen\u00ed, \u00dastav ochrany obyvatelstva<\/p>\n<p><a href=\"https:\/\/veda.polac.cz\/wp-content\/uploads\/2019\/04\/042018_Dispozice-obyvatelstva-pro-p\u0159e\u017eit\u00ed-v-krizov\u00fdch-situac\u00edch.pdf\" target=\"_blank\" rel=\"noopener noreferrer\">Pdf form\u00e1t<\/a><\/p>\n<hr>\n<p><a href=\"https:\/\/veda.polac.cz\/?page_id=2416\"><strong>Ob\u011bti terorismu<\/strong><\/a><br>doc. PhDr. Ludmila \u010c\u00edrtkov\u00e1, CSc., dr. h. c., Policejn\u00ed akademie \u010cR v Praze<br>Fakulta bezpe\u010dnostn\u00edho managementu, katedra spole\u010densk\u00fdch v\u011bd<\/p>\n<p><a href=\"https:\/\/veda.polac.cz\/wp-content\/uploads\/2019\/04\/042018_Obeti_terorismu.pdf\" target=\"_blank\" rel=\"noopener noreferrer\">Pdf form\u00e1t<\/a><\/p>\n<hr>\n<p><a href=\"https:\/\/veda.polac.cz\/?page_id=2418\"><strong>Identita jako dialog<\/strong><\/a><br>PhDr. Petr Nesvadba, CSc., doc. JUDr. Mgr. Jo\u017ea Spurn\u00fd, Ph.D.<br>Mgr. Luk\u00e1\u0161 Urban, Ph.D., Policejn\u00ed akademie \u010cR v Praze<br>Fakulta bezpe\u010dnostn\u00edho managementu, katedra spole\u010densk\u00fdch v\u011bd<\/p>\n<p><a href=\"https:\/\/veda.polac.cz\/wp-content\/uploads\/2019\/04\/042018_Identita-jako-dialog.pdf\" target=\"_blank\" rel=\"noopener noreferrer\">Pdf form\u00e1t<\/a><\/p>\n<hr>\n<p><a href=\"https:\/\/veda.polac.cz\/?page_id=2420\"><strong>Jak st\u00e1rne \u010desk\u00e1 v\u011bze\u0148sk\u00e1 populace?<\/strong><\/a><br>Mgr. Eva Biedermanov\u00e1, Institut pro kriminologii a soci\u00e1ln\u00ed prevenci Praha<\/p>\n<p><a href=\"https:\/\/veda.polac.cz\/wp-content\/uploads\/2019\/04\/042018_Jak-st\u00e1rne-\u010desk\u00e1-v\u011bze\u0148sk\u00e1-populace.pdf\" target=\"_blank\" rel=\"noopener noreferrer\">Pdf form\u00e1t<\/a><\/p>\n<hr>\n<p><a href=\"https:\/\/veda.polac.cz\/?page_id=2422\"><strong>Anonymizace skute\u010dn\u00e9ho vlastn\u00edka<\/strong><\/a><br>Ing. Vratislav Dvo\u0159\u00e1k, PhD., Policejn\u00ed akademie \u010cR v Praze<br>Fakulta bezpe\u010dnostn\u011b pr\u00e1vn\u00ed, katedra krimin\u00e1ln\u00ed policie<\/p>\n<p><a href=\"https:\/\/veda.polac.cz\/wp-content\/uploads\/2019\/04\/042018_Anonymizace-skute\u010dn\u00e9ho-vlastn\u00edka.pdf\" target=\"_blank\" rel=\"noopener noreferrer\">Pdf form\u00e1t<\/a><\/p>\n<hr>\n<p><a href=\"https:\/\/veda.polac.cz\/?page_id=2424\"><strong>Pr\u00e1vn\u00ed r\u00e1mec pou\u017e\u00edv\u00e1n\u00ed nesmrt\u00edc\u00edch technologi\u00ed u vybran\u00fdch evropsk\u00fdch bezpe\u010dnostn\u00edch sbor\u016f<\/strong><\/a><br>Mgr. Marek Radosta, Policejn\u00ed akademie \u010cR v Praze<br>Fakulta bezpe\u010dnostn\u011b pr\u00e1vn\u00ed, katedra krimin\u00e1ln\u00ed policie<\/p>\n<p><a href=\"https:\/\/veda.polac.cz\/wp-content\/uploads\/2019\/04\/042018_Pr\u00e1vn\u00ed-r\u00e1mec-pou\u017e\u00edv\u00e1n\u00ed-nesmrt\u00edc\u00edch-technologi\u00ed-u-vybran\u00fdch-evropsk\u00fdch-bezpe\u010dnostn\u00edch-sbor\u016f.pdf\" target=\"_blank\" rel=\"noopener noreferrer\">Pdf form\u00e1t<\/a><\/p>\n<hr>\n<p><a href=\"https:\/\/veda.polac.cz\/?page_id=2426\"><strong>Rozvoj technick\u00fdch prost\u0159edk\u016f chemick\u00e9ho vojska Arm\u00e1dy \u010cesk\u00e9 republiky<\/strong><\/a><br>pplk. doc. Ing. Pavel Ot\u0159\u00edsal, Ph.D., MBA, Ing. Petr \u017duja, Ph.D.<br>Univerzita obrany Brno, \u00dastav ochrany proti zbran\u00edm hromadn\u00e9ho ni\u010den\u00ed<\/p>\n<p><a href=\"https:\/\/veda.polac.cz\/wp-content\/uploads\/2019\/04\/042018_Rozvoj-technick\u00fdch-prost\u0159edk\u016f-chemick\u00e9ho-vojska-Arm\u00e1dy-\u010cesk\u00e9-republiky.pdf\" target=\"_blank\" rel=\"noopener noreferrer\">Pdf form\u00e1t<\/a><\/p>\n<hr>\n<p><a href=\"https:\/\/veda.polac.cz\/?page_id=2428\"><strong>V\u00fdstupy z projektu My Life after the Crash (M\u016fj \u017eivot po nehod\u011b)<\/strong><\/a><br>Mgr. Jana Neusarov\u00e1, Ph.D., Univerzita Jana Amose Komensk\u00e9ho Praha<br>katedra bezpe\u010dnostn\u00edch studi\u00ed a katedra andragogiky<br>\u010cesk\u00e9 sdru\u017een\u00ed ob\u011bt\u00ed dopravn\u00edch nehod<\/p>\n<p><a href=\"https:\/\/veda.polac.cz\/wp-content\/uploads\/2019\/04\/042018_V\u00fdstupy-z-projektu-My-Life-after-the-Crash-M\u016fj-\u017eivot-po-nehod\u011b.pdf\" target=\"_blank\" rel=\"noopener noreferrer\">Pdf form\u00e1t<\/a><\/p>\n<p><\/p>\n\n\n<p><\/p>\n","protected":false},"excerpt":{"rendered":"<p>Zku\u0161enosti ob\u010dan\u016f \u010cR s u\u017eivateli n\u00e1vykov\u00fdch l\u00e1tekPaedDr. Petr P\u0159ececht\u011bl, doc. JUDr. Ivana Zoubkov\u00e1, CSc., Mgr. Tom\u00e1\u0161 Najman, Policejn\u00ed akademie \u010cR v Praze, Fakulta bezpe\u010dnostn\u011b pr\u00e1vn\u00ed, katedra kriminologie Pdf form\u00e1t Exaktn\u00ed ov\u011b\u0159en\u00ed podm\u00edn\u011bnosti skladby profesn\u00edho profilu vedouc\u00edch p\u0159\u00edslu\u0161n\u00edk\u016f Policie \u010cRkpt. PhDr. Luk\u00e1\u0161 Miklas, Policejn\u00ed akademie \u010cR v Praze, Fakulta bezpe\u010dnostn\u011b pr\u00e1vn\u00ed, katedra trestn\u00edho pr\u00e1vaDr. Zden\u011bk Kova\u0159\u00edk, [&hellip;]<\/p>\n","protected":false},"author":6,"featured_media":0,"parent":0,"menu_order":0,"comment_status":"closed","ping_status":"closed","template":"","meta":{"footnotes":""},"class_list":["post-2321","page","type-page","status-publish","hentry"],"_links":{"self":[{"href":"https:\/\/veda.polac.cz\/index.php?rest_route=\/wp\/v2\/pages\/2321","targetHints":{"allow":["GET"]}}],"collection":[{"href":"https:\/\/veda.polac.cz\/index.php?rest_route=\/wp\/v2\/pages"}],"about":[{"href":"https:\/\/veda.polac.cz\/index.php?rest_route=\/wp\/v2\/types\/page"}],"author":[{"embeddable":true,"href":"https:\/\/veda.polac.cz\/index.php?rest_route=\/wp\/v2\/users\/6"}],"replies":[{"embeddable":true,"href":"https:\/\/veda.polac.cz\/index.php?rest_route=%2Fwp%2Fv2%2Fcomments&post=2321"}],"version-history":[{"count":13,"href":"https:\/\/veda.polac.cz\/index.php?rest_route=\/wp\/v2\/pages\/2321\/revisions"}],"predecessor-version":[{"id":5952,"href":"https:\/\/veda.polac.cz\/index.php?rest_route=\/wp\/v2\/pages\/2321\/revisions\/5952"}],"wp:attachment":[{"href":"https:\/\/veda.polac.cz\/index.php?rest_route=%2Fwp%2Fv2%2Fmedia&parent=2321"}],"curies":[{"name":"wp","href":"https:\/\/api.w.org\/{rel}","templated":true}]}}