{"id":2315,"date":"2019-04-15T18:34:46","date_gmt":"2019-04-15T18:34:46","guid":{"rendered":"http:\/\/veda.polac.cz\/?page_id=2315"},"modified":"2020-02-04T14:26:34","modified_gmt":"2020-02-04T14:26:34","slug":"03-2018","status":"publish","type":"page","link":"https:\/\/veda.polac.cz\/?page_id=2315","title":{"rendered":"03\/2018"},"content":{"rendered":"<p><a href=\"https:\/\/veda.polac.cz\/?page_id=2386\"><strong>Realiz\u00e1cia policajn\u00fdch oper\u00e1ci\u00ed vo form\u00e1ch krimin\u00e1lno-policajn\u00e9ho poznania<\/strong><\/a><br \/>\nprof. Ing. Miroslav Liso\u0148, PhD., JUDr. Adri\u00e1n Va\u0161ko<br \/>\nAkad\u00e9mia Policajn\u00e9ho zboru v Bratislave, katedra krimin\u00e1lnej pol\u00edcie<\/p>\n<p><a href=\"https:\/\/veda.polac.cz\/wp-content\/uploads\/2019\/04\/032018_Realiz\u00e1cia-policajn\u00fdch-oper\u00e1ci\u00ed.pdf\" target=\"_blank\" rel=\"noopener noreferrer\">Pdf form\u00e1t<\/a><\/p>\n<hr>\n<p><a href=\"https:\/\/veda.polac.cz\/?page_id=2397\"><strong>Vliv vybran\u00fdch faktor\u016f na posuzov\u00e1n\u00ed \u00farovn\u011b \u0159\u00edzen\u00ed kontinuity \u010dinnost\u00ed v organizac\u00edch ve\u0159ejn\u00e9 spr\u00e1vy \u010cesk\u00e9 republiky<\/strong><\/a><br \/>\nIng. Ond\u0159ej Bos, Policejn\u00ed akademie \u010cesk\u00e9 republiky v Praze, Fakulta bezpe\u010dnostn\u00edho managementu, katedra krizov\u00e9ho \u0159\u00edzen\u00ed<br \/>\nDr. Zden\u011bk Kova\u0159\u00edk, CSc., Policejn\u00ed akademie \u010cesk\u00e9 republiky v Praze odd\u011blen\u00ed v\u011bdy a v\u00fdzkumu<\/p>\n<p><a href=\"https:\/\/veda.polac.cz\/wp-content\/uploads\/2019\/04\/032018_Vliv-vybran\u00fdch-faktor\u016f-na-posuzov\u00e1n\u00ed-\u00farovn\u011b-\u0159\u00edzen\u00ed-kontinuity.pdf\" target=\"_blank\" rel=\"noopener noreferrer\">Pdf form\u00e1t<\/a><\/p>\n<hr>\n<p><a href=\"https:\/\/veda.polac.cz\/?page_id=2399\"><strong>Odhad faktorov\u00e9 skladby bezpe\u010dnostn\u00edch hrozeb pro Slovenskou republiku a jej\u00ed porovn\u00e1n\u00ed s \u010ceskou republikou<\/strong><\/a><br \/>\nMgr. Lenka Jakubcov\u00e1, Ph.D., Policejn\u00ed akademie \u010cesk\u00e9 republiky v Praze<br \/>\nFakulta bezpe\u010dnostn\u00edho managementu, katedra krizov\u00e9ho \u0159\u00edzen\u00ed<br \/>\nDr. Zden\u011bk Kova\u0159\u00edk, CSc., Policejn\u00ed akademie \u010cesk\u00e9 republiky v Praze odd\u011blen\u00ed v\u011bdy a v\u00fdzkumu<br \/>\ndoc. Dr. Mgr. Vladim\u00edr Bla\u017eek, CSc., Akad\u00e9mia Policajn\u00e9ho zboru v Bratislave, katedra verejnej spr\u00e1vy a krizov\u00e9ho managementu<\/p>\n<p><a href=\"https:\/\/veda.polac.cz\/wp-content\/uploads\/2019\/04\/032018_Odhad-faktorov\u00e9-skladby-bezpe\u010dnostn\u00edch-hrozeb.pdf\" target=\"_blank\" rel=\"noopener noreferrer\">Pdf form\u00e1t<\/a><\/p>\n<hr>\n<p><a href=\"https:\/\/veda.polac.cz\/?page_id=2401\"><strong>Profesn\u00ed profil vedouc\u00edch p\u0159\u00edslu\u0161n\u00edk\u016f Policie \u010cR<\/strong><\/a><br \/>\nkpt. PhDr. Luk\u00e1\u0161 Miklas, Policejn\u00ed akademie \u010cesk\u00e9 republiky v Praze<br \/>\nFakulta bezpe\u010dnostn\u011b pr\u00e1vn\u00ed, katedra trestn\u00edho pr\u00e1va<br \/>\nDr. Zden\u011bk Kova\u0159\u00edk, CSc., Policejn\u00ed akademie \u010cesk\u00e9 republiky v Praze<br \/>\nodd\u011blen\u00ed v\u011bdy a v\u00fdzkumu<\/p>\n<p><a href=\"https:\/\/veda.polac.cz\/wp-content\/uploads\/2019\/04\/032018_Profesn\u00ed-profil-vedouc\u00edch-p\u0159\u00edslu\u0161n\u00edk\u016f-Policie.pdf\" target=\"_blank\" rel=\"noopener noreferrer\">Pdf form\u00e1t<\/a><\/p>\n<hr>\n<p><a href=\"https:\/\/veda.polac.cz\/?page_id=2403\"><strong>Aktu\u00e1ln\u00ed trendy a nov\u00e9 techniky pou\u017e\u00edvan\u00e9 v r\u00e1mci spear phising kampan\u00ed<\/strong><\/a><br \/>\nIng. Vladim\u00edr \u0160ulc, Ph.D., Policejn\u00ed akademie \u010cesk\u00e9 republiky v Praze<br \/>\nFakulta bezpe\u010dnostn\u00edho managementu, katedra managementu a informatiky<\/p>\n<p><a href=\"https:\/\/veda.polac.cz\/wp-content\/uploads\/2019\/04\/032018_Aktu\u00e1ln\u00ed-trendy-a-nov\u00e9-techniky-pou\u017e\u00edvan\u00e9-v-r\u00e1mci-spear-phishing-kampan\u00ed.pdf\" target=\"_blank\" rel=\"noopener noreferrer\">Pdf form\u00e1t<\/a><\/p>\n<hr>\n<p><a href=\"https:\/\/veda.polac.cz\/?page_id=2405\"><strong>Niektor\u00e9 kriminologick\u00e9 aspekty trestnej \u010dinnosti policajtov<\/strong><\/a><br \/>\nkpt. Mgr. et Mgr. Diana Santusov\u00e1, Ministerstvo vn\u00fatra Slovenskej republiky, sekcia kontroly a in\u0161pek\u010dnej slu\u017eby MV SR, \u00farad in\u0161pek\u010dnej slu\u017eby, odbor in\u0161pek\u010dnej slu\u017eby Z\u00e1pad, Bratislava<br \/>\nmjr. doc. PhDr. Ing. Krist\u00edna Kr\u00e1likov\u00e1, PhD., MBA, Akad\u00e9mia Policajn\u00e9ho zboru v Bratislave, katedra spr\u00e1vneho pr\u00e1va<\/p>\n<p><a href=\"https:\/\/veda.polac.cz\/wp-content\/uploads\/2019\/04\/032018_Niektor\u00e9-kriminologick\u00e9-aspekty-trestnej-\u010dinnosti-policajtov.pdf\" target=\"_blank\" rel=\"noopener noreferrer\">Pdf form\u00e1t<\/a><\/p>\n<hr>\n<p><a href=\"https:\/\/veda.polac.cz\/?page_id=2407\"><strong>Aktu\u00e1ln\u00ed kybernetick\u00e9 hrozby a odpov\u00eddaj\u00edc\u00ed pr\u00e1vn\u00ed \u00faprava v Evropsk\u00e9 unii a v Kanad\u011b<\/strong><\/a><br \/>\nMgr. et Mgr. Eli\u0161ka Jon\u00e1\u0161ov\u00e1, Pr\u00e1vnick\u00e1 fakulta Univerzity Karlovy<\/p>\n<p><a href=\"https:\/\/veda.polac.cz\/wp-content\/uploads\/2019\/04\/032018_Aktu\u00e1ln\u00ed-kybernetick\u00e9-hrozby-a-odpov\u00eddaj\u00edc\u00ed-pr\u00e1vn\u00ed-\u00faprava-v-Evropsk\u00e9-unii-a-v-Kanad\u011b.pdf\" target=\"_blank\" rel=\"noopener noreferrer\">Pdf form\u00e1t<\/a><\/p>\n<hr>\n<p><strong>&#8222;\u0158\u00ed\u0161\u0161t\u00ed ob\u010dan\u00e9&#8220;: pr\u00e1vn\u00ed, spr\u00e1vn\u00ed a bezpe\u010dnostn\u00ed probl\u00e9m v N\u011bmecku<\/strong><br \/>\nMgr. Luk\u00e1\u0161 Novotn\u00fd, M. A., Dr. phil., Univerzita Jana Evangelisty Purkyn\u011b v \u00dast\u00ed nad Labem, Katedra politologie a filozofie Filozofick\u00e9 fakulty<\/p>\n<p><a href=\"https:\/\/veda.polac.cz\/wp-content\/uploads\/2019\/04\/032018_\u0158\u00ed\u0161\u0161t\u00ed-ob\u010dan\u00e9-pr\u00e1vn\u00ed-spr\u00e1vn\u00ed-a-bezpe\u010dnostn\u00ed-probl\u00e9m-v-N\u011bmecku.pdf\" target=\"_blank\" rel=\"noopener noreferrer\">Pdf form\u00e1t<\/a><\/p>\n<hr>\n<p><strong>Mezin\u00e1rodn\u00ed konference &#8222;N\u00e1bor k policii v perspektiv\u011b zm\u011bn&#8220;<\/strong><br \/>\nMgr. Franti\u0161ek H\u0159eb\u00edk, Ph.D., Policejn\u00ed akademie \u010cesk\u00e9 republiky v Praze<br \/>\nprorektor pro vn\u011bj\u0161\u00ed vztahy<br \/>\nMgr. Old\u0159ich Krul\u00edk, Ph.D., Policejn\u00ed akademie \u010cesk\u00e9 republiky v Praze<br \/>\nFakulta bezpe\u010dnostn\u00edho managementu, prod\u011bkan pro v\u011bdu a v\u00fdzkum<\/p>\n<p><a href=\"https:\/\/veda.polac.cz\/wp-content\/uploads\/2019\/04\/032018_Mezin\u00e1rodn\u00ed-konference-N\u00e1bor-k-policii-v-perspektiv\u011b-zm\u011bn.pdf\" target=\"_blank\" rel=\"noopener noreferrer\">Pdf form\u00e1t<\/a><\/p>\n","protected":false},"excerpt":{"rendered":"<p>Realiz\u00e1cia policajn\u00fdch oper\u00e1ci\u00ed vo form\u00e1ch krimin\u00e1lno-policajn\u00e9ho poznania prof. Ing. Miroslav Liso\u0148, PhD., JUDr. Adri\u00e1n Va\u0161ko Akad\u00e9mia Policajn\u00e9ho zboru v Bratislave, katedra krimin\u00e1lnej pol\u00edcie Pdf form\u00e1t Vliv vybran\u00fdch faktor\u016f na posuzov\u00e1n\u00ed \u00farovn\u011b \u0159\u00edzen\u00ed kontinuity \u010dinnost\u00ed v organizac\u00edch ve\u0159ejn\u00e9 spr\u00e1vy \u010cesk\u00e9 republiky Ing. Ond\u0159ej Bos, Policejn\u00ed akademie \u010cesk\u00e9 republiky v Praze, Fakulta bezpe\u010dnostn\u00edho managementu, katedra krizov\u00e9ho \u0159\u00edzen\u00ed [&hellip;]<\/p>\n","protected":false},"author":6,"featured_media":0,"parent":0,"menu_order":0,"comment_status":"closed","ping_status":"closed","template":"","meta":{"footnotes":""},"class_list":["post-2315","page","type-page","status-publish","hentry"],"_links":{"self":[{"href":"https:\/\/veda.polac.cz\/index.php?rest_route=\/wp\/v2\/pages\/2315","targetHints":{"allow":["GET"]}}],"collection":[{"href":"https:\/\/veda.polac.cz\/index.php?rest_route=\/wp\/v2\/pages"}],"about":[{"href":"https:\/\/veda.polac.cz\/index.php?rest_route=\/wp\/v2\/types\/page"}],"author":[{"embeddable":true,"href":"https:\/\/veda.polac.cz\/index.php?rest_route=\/wp\/v2\/users\/6"}],"replies":[{"embeddable":true,"href":"https:\/\/veda.polac.cz\/index.php?rest_route=%2Fwp%2Fv2%2Fcomments&post=2315"}],"version-history":[{"count":19,"href":"https:\/\/veda.polac.cz\/index.php?rest_route=\/wp\/v2\/pages\/2315\/revisions"}],"predecessor-version":[{"id":5951,"href":"https:\/\/veda.polac.cz\/index.php?rest_route=\/wp\/v2\/pages\/2315\/revisions\/5951"}],"wp:attachment":[{"href":"https:\/\/veda.polac.cz\/index.php?rest_route=%2Fwp%2Fv2%2Fmedia&parent=2315"}],"curies":[{"name":"wp","href":"https:\/\/api.w.org\/{rel}","templated":true}]}}