{"id":2295,"date":"2018-11-06T14:05:12","date_gmt":"2018-11-06T14:05:12","guid":{"rendered":"http:\/\/veda.polac.cz\/?page_id=2295"},"modified":"2019-04-23T21:28:01","modified_gmt":"2019-04-23T21:28:01","slug":"02-2000","status":"publish","type":"page","link":"https:\/\/veda.polac.cz\/?page_id=2295&lang=en","title":{"rendered":"02\/2000"},"content":{"rendered":"<p><strong>Objectivity of entrance examination at the\u00a0 Police Academy<\/strong><br \/>\nDr. Zden\u011bk Kova\u0159\u00edk, CSc., doc. PhDr. Ji\u0159\u00ed Semr\u00e1d, CSc.<\/p>\n<hr \/>\n<p><strong>Politics as an art of possible<\/strong><br \/>\nprof. PhDr. Emil Duda, DrSc., doc. PhDr. \u0160tefan Zelen\u00e1k, CSc.<\/p>\n<hr \/>\n<p><strong>The Czech Republic is phasing out its debt to the\u00a0European Union concerning the area of standard regulation and\u00a0information protection<\/strong><br \/>\nJUDr. Petr Kroupa, Dr. Mgr. Ji\u0159ina Nov\u00e1kov\u00e1<\/p>\n<hr \/>\n<p><strong>Final evaluation of the results from researches focused on analyzing quality of courses aimed at further professional training as well as increasing qualities of educational activities at the Police Academy of the Czech Republic<\/strong><br \/>\nPhDr. Iva\u00a0 Borsk\u00e1, CSc.<\/p>\n<hr \/>\n<p><strong>Extremism in the conditions of globalism<\/strong><br \/>\nDr. \u0160tefan Danics, PhD.<\/p>\n<hr \/>\n<p><strong>Professional education for crisis proceeding<\/strong><br \/>\ndoc. PhDr. Ji\u0159\u00ed V\u00ed\u0161ek, CSc.<\/p>\n<hr \/>\n<p><strong>Toxicological testing as a prevention for safe work performance<\/strong><br \/>\ndoc. Ing. Renata \u0160tablov\u00e1, CSc.<\/p>\n<hr \/>\n<p><strong>The use of scientific approaches in preparation of the top martial\u00a0<\/strong><br \/>\n<strong>&#8211; arts sportsmen and in the police training<\/strong><br \/>\ndoc. PhDr. Ji\u0159\u00ed Straus, CSc., prof. JUDr. Ing.Viktor Porada, DrSc., JUDr. Libor Kov\u00e1rn\u00edk<\/p>\n<hr \/>\n<p><strong>The\u00a0 basic contents starting points of the furnish proof theory during the invetigation<\/strong><br \/>\ndoc. Dr. Mgr. Jana Viktoryov\u00e1<\/p>\n<hr \/>\n<p><strong>Barricade situations and chances for their solving by negotiating<\/strong><br \/>\nMgr. So\u0148a Enenkelov\u00e1<\/p>\n<hr \/>\n<p><strong>The points at issue of general interpretation of criminal proceedings acts\u00a0<\/strong><br \/>\nJUDr. Milan \u0160ubrt<\/p>\n<hr \/>\n<p><strong>Prediction of personal height and weight attempt with archaeological material through the application of biomechical knowledge<\/strong><br \/>\nMgr. Barbora Gecov\u00e1<\/p>\n<hr \/>\n<p><strong>The principle of reflection and the term of trace<\/strong><br \/>\ndoc. Ing. V\u00e1clav Krajn\u00edk, CSc.<\/p>\n<hr \/>\n<p><strong>Information on the constituting of the International Conference on the development of police sciences<\/strong><br \/>\nprof. JUDr. Ing. Viktor Porada, DrSc.<\/p>\n<hr \/>\n<p><strong>Rewiew of the study by R. Chalka, K. Holcr, J. Holomek:\u00a0<\/strong><br \/>\n<strong>Prognosis of\u00a0 crime development in the Slovak Republik<\/strong><br \/>\nJUDr. Ivana Zoubkov\u00e1, CSc.<\/p>\n<hr \/>\n<p><strong>Review of the study by\u00a0 F. Sejskal,\u00a0 M. Kn\u00fd, J. Votruba:\u00a0<\/strong><br \/>\n<strong>Socio-pathological phenomena with children and youth\u00a0 in the Czech Republic<\/strong><br \/>\nprof. PhDr. Miloslav Kod\u00fdm, CSc.<\/p>\n<hr \/>\n<p><strong>Review of the study by J. Chmel\u00edk, V. Porada, V. Pr\u0161al:\u00a0<\/strong><br \/>\n<strong>Insurance fraud<\/strong><br \/>\ndoc. PhDr, Ji\u0159\u00ed Straus, CSc.<\/p>\n<hr \/>\n<p><strong>Review of the study by \u0160imov\u010dek, I: The theory of criminal science<\/strong><br \/>\ndoc. PhDr, Ji\u0159\u00ed Straus, CSc.<\/p>\n<hr \/>\n<p><a href=\"https:\/\/veda.polac.cz\/?page_id=1987&amp;lang=en\">Back<\/a><\/p>\n","protected":false},"excerpt":{"rendered":"<p>Objectivity of entrance examination at the\u00a0 Police Academy Dr. Zden\u011bk Kova\u0159\u00edk, CSc., doc. PhDr. Ji\u0159\u00ed Semr\u00e1d, CSc. Politics as an art of possible prof. PhDr. Emil Duda, DrSc., doc. PhDr. \u0160tefan Zelen\u00e1k, CSc. The Czech Republic is phasing out its debt to the\u00a0European Union concerning the area of standard regulation and\u00a0information protection JUDr. Petr Kroupa, [&hellip;]<\/p>\n","protected":false},"author":2,"featured_media":0,"parent":1987,"menu_order":79,"comment_status":"closed","ping_status":"closed","template":"","meta":{"footnotes":""},"class_list":["post-2295","page","type-page","status-publish","hentry"],"_links":{"self":[{"href":"https:\/\/veda.polac.cz\/index.php?rest_route=\/wp\/v2\/pages\/2295","targetHints":{"allow":["GET"]}}],"collection":[{"href":"https:\/\/veda.polac.cz\/index.php?rest_route=\/wp\/v2\/pages"}],"about":[{"href":"https:\/\/veda.polac.cz\/index.php?rest_route=\/wp\/v2\/types\/page"}],"author":[{"embeddable":true,"href":"https:\/\/veda.polac.cz\/index.php?rest_route=\/wp\/v2\/users\/2"}],"replies":[{"embeddable":true,"href":"https:\/\/veda.polac.cz\/index.php?rest_route=%2Fwp%2Fv2%2Fcomments&post=2295"}],"version-history":[{"count":2,"href":"https:\/\/veda.polac.cz\/index.php?rest_route=\/wp\/v2\/pages\/2295\/revisions"}],"predecessor-version":[{"id":4499,"href":"https:\/\/veda.polac.cz\/index.php?rest_route=\/wp\/v2\/pages\/2295\/revisions\/4499"}],"up":[{"embeddable":true,"href":"https:\/\/veda.polac.cz\/index.php?rest_route=\/wp\/v2\/pages\/1987"}],"wp:attachment":[{"href":"https:\/\/veda.polac.cz\/index.php?rest_route=%2Fwp%2Fv2%2Fmedia&parent=2295"}],"curies":[{"name":"wp","href":"https:\/\/api.w.org\/{rel}","templated":true}]}}