{"id":2291,"date":"2018-11-06T13:58:37","date_gmt":"2018-11-06T13:58:37","guid":{"rendered":"http:\/\/veda.polac.cz\/?page_id=2291"},"modified":"2019-04-24T05:31:29","modified_gmt":"2019-04-24T05:31:29","slug":"02-2001","status":"publish","type":"page","link":"https:\/\/veda.polac.cz\/?page_id=2291&lang=en","title":{"rendered":"02\/2001"},"content":{"rendered":"<p><strong>Priorities of the police in conditions of the post modern state<\/strong><br \/>\nPhDr. Zuzana Herzogov\u00e1, CSc.<\/p>\n<hr \/>\n<p><strong>Educational means in conditions of the Slovak Republic Academy of Police Corps\u00a0<\/strong><br \/>\ndoc. J\u00e1n Buzalka, CSc.<\/p>\n<hr \/>\n<p><strong>Terrorism as a part of non cooperative police<\/strong><br \/>\nDr. \u0160tefan Danics, Ph.D.<\/p>\n<hr \/>\n<p><strong>Terrorism &#8211; the war of the third millennium<\/strong><br \/>\nMgr. Luk\u00e1\u0161 Urban<\/p>\n<hr \/>\n<p><strong>The right for resistance<\/strong><br \/>\nZden\u011bk Krej\u010d\u00ed, Dr.<\/p>\n<hr \/>\n<p><strong>Analysis of the professional profile of the senior police officers and the determination of their social competence\u00a0<\/strong><br \/>\nDr. Zden\u011bk Kova\u0159\u00edk, CSc.<\/p>\n<hr \/>\n<p><strong>Special police units and selected aspects of their training<\/strong><br \/>\nMgr. Marian Brzybohat\u00fd, Ph.D.<\/p>\n<hr \/>\n<p><strong>Basic approaches to crisis planing<\/strong><br \/>\ndoc. J\u00e1n Buzalka, CSc.<\/p>\n<hr \/>\n<p><strong>Problems of scientific knowledge transfer in relation to police practice needs<\/strong><br \/>\nRSDr. Peter Bilsk\u00fd, CSc., prof. PhDr. Jaroslav Erneker, DrSc.<br \/>\nprof. JUDr. Ing. Viktor Porada, DrSc.<\/p>\n<hr \/>\n<p><strong>Police deontology and its possible investment for the finght against corruption in police corps<\/strong><br \/>\ndoc. PaedDr. Samuel Uhr\u00edn, CSc.<\/p>\n<hr \/>\n<p><strong>Features in discovery of the criminal activity &#8211; corruption.<\/strong><br \/>\nIng. Miroslav Liso\u0148, Ph.D., doc. JUDr. Dezider Bango, CSc.<br \/>\nprof. JUDr. Ing. Viktor Porada, DrSc.<\/p>\n<hr \/>\n<p><strong>Traditional and new tasks of the CR Police in crime prevention of youth\u00a0<\/strong><br \/>\nJUDr. Ivana Zoubkov\u00e1, CSc.<\/p>\n<hr \/>\n<p><strong>The possibilities of modelling in bio-mechanical exploration<\/strong><br \/>\nprof. PhDr. Ji\u0159\u00ed Straus, CSc.<\/p>\n<hr \/>\n<p><strong>Detection and disposition of chemical, biological, radiological and nuclear veapons combined with impovised explosive device<\/strong><br \/>\nRNDr. Jaroslav Ture\u010dek, Ph.D.<\/p>\n<hr \/>\n<p><strong>Private services under state control<\/strong><br \/>\nPaedDr. Franti\u0161ek Nov\u00e1k<\/p>\n<hr \/>\n<p><strong>Cooperation of the public with police as a subject for research.<\/strong><br \/>\nPhDr. Pavel Krej\u010d\u00ed, CSc., doc. PhDr. Ji\u0159\u00ed Semr\u00e1d, CSc.,dr. Zden\u011bk Kova\u0159\u00edk, CSc.<\/p>\n<hr \/>\n<p><strong>Contribution to internal pedagogy evaluation (importace of feedback for evaluation of the obligation voluntary subject)<\/strong><br \/>\nPhDr. Iva Borsk\u00e1, CSc.<\/p>\n<hr \/>\n<p><strong>Entrance procedure on PA CR from the view of statistical analysis<\/strong><br \/>\nDr. Zden\u011bk Kova\u0159\u00edk, CSc.<\/p>\n<hr \/>\n<p><strong>Publication review:\u00a0 Jan Hejda:\u00a0\u00a0\u00a0Criminology, criminal-law and\u00a0criminalistics\u2019 aspects of the drug problem in the Czech Republic and its solution<\/strong><br \/>\ndoc. PhDr. Ji\u0159\u00ed Straus, CSc.<\/p>\n<hr \/>\n<p><a href=\"https:\/\/veda.polac.cz\/?page_id=1987&amp;lang=en\">Back<\/a><\/p>\n","protected":false},"excerpt":{"rendered":"<p>Priorities of the police in conditions of the post modern state PhDr. Zuzana Herzogov\u00e1, CSc. Educational means in conditions of the Slovak Republic Academy of Police Corps\u00a0 doc. J\u00e1n Buzalka, CSc. Terrorism as a part of non cooperative police Dr. \u0160tefan Danics, Ph.D. Terrorism &#8211; the war of the third millennium Mgr. Luk\u00e1\u0161 Urban The [&hellip;]<\/p>\n","protected":false},"author":2,"featured_media":0,"parent":1987,"menu_order":77,"comment_status":"closed","ping_status":"closed","template":"","meta":{"footnotes":""},"class_list":["post-2291","page","type-page","status-publish","hentry"],"_links":{"self":[{"href":"https:\/\/veda.polac.cz\/index.php?rest_route=\/wp\/v2\/pages\/2291","targetHints":{"allow":["GET"]}}],"collection":[{"href":"https:\/\/veda.polac.cz\/index.php?rest_route=\/wp\/v2\/pages"}],"about":[{"href":"https:\/\/veda.polac.cz\/index.php?rest_route=\/wp\/v2\/types\/page"}],"author":[{"embeddable":true,"href":"https:\/\/veda.polac.cz\/index.php?rest_route=\/wp\/v2\/users\/2"}],"replies":[{"embeddable":true,"href":"https:\/\/veda.polac.cz\/index.php?rest_route=%2Fwp%2Fv2%2Fcomments&post=2291"}],"version-history":[{"count":2,"href":"https:\/\/veda.polac.cz\/index.php?rest_route=\/wp\/v2\/pages\/2291\/revisions"}],"predecessor-version":[{"id":4501,"href":"https:\/\/veda.polac.cz\/index.php?rest_route=\/wp\/v2\/pages\/2291\/revisions\/4501"}],"up":[{"embeddable":true,"href":"https:\/\/veda.polac.cz\/index.php?rest_route=\/wp\/v2\/pages\/1987"}],"wp:attachment":[{"href":"https:\/\/veda.polac.cz\/index.php?rest_route=%2Fwp%2Fv2%2Fmedia&parent=2291"}],"curies":[{"name":"wp","href":"https:\/\/api.w.org\/{rel}","templated":true}]}}