{"id":2285,"date":"2018-11-04T20:42:23","date_gmt":"2018-11-04T20:42:23","guid":{"rendered":"http:\/\/veda.polac.cz\/?page_id=2285"},"modified":"2019-04-24T05:32:25","modified_gmt":"2019-04-24T05:32:25","slug":"02-2002","status":"publish","type":"page","link":"https:\/\/veda.polac.cz\/?page_id=2285&lang=en","title":{"rendered":"02\/2002"},"content":{"rendered":"<p><strong>To the Duality of the Good and Evil Concerning the Management of the Czech Police. To the 10. Anniversary of the Establishment of the\u00a0Police\u00a0Academy\u00a0Prague- muse instead of address<\/strong><br \/>\ndoc. Ing. Eva M\u00fbnsterov\u00e1, CSc.<\/p>\n<hr \/>\n<p><strong>General Resources for the Preparatory of the Bachelor study Branch and Study Plan of the Full-time Studies Focused at the Education of Crisis Management at the Police Academy of the Czech Republic.<\/strong><br \/>\nprof. Ing. Bed\u0159ich \u0160est\u00e1k, DrSc., doc. PhDr. Ji\u0159\u00ed V\u00ed\u0161ek, CSc.,<br \/>\nPaedDr. Ing. Jan Zelinka<\/p>\n<hr \/>\n<p><strong>Remark on some Problems Concerning the Researches on Identification of Needs and Transfer of Knowledge of the Police Science into Practice.<\/strong><br \/>\nprof. PhDr. Jaroslav Erneker, DrSc., prof. JUDr. Ing. Viktor Porada, DrSc.<\/p>\n<hr \/>\n<p><strong>Graduates of the\u00a0Police\u00a0Academy\u00a0of the\u00a0Czech Republic\u00a0in Practice<\/strong><br \/>\ndoc. PhDr. Zden\u00eck Rozum, CSc.<\/p>\n<hr \/>\n<p><strong>Pedagogical Communication in Basic Organisation Forms of Education Applied at Universities<\/strong><br \/>\nJUDr. Lubo\u0161 W\u00e4ldl, Ph.D.<\/p>\n<hr \/>\n<p><strong>State and Roman Catholic Church<\/strong><br \/>\nPhDr. Miroslav Blahout<\/p>\n<hr \/>\n<p><strong>Subjective Stability of Policemen and Some its Determinants<\/strong><br \/>\nDr. Zden\u00eck Kova\u0159\u00edk, CSc.<\/p>\n<hr \/>\n<p><strong>Social radicalism \u2013 Political Extremism &#8211; Terrorism<\/strong><br \/>\ndoc. Dr. \u0160tefan Danics, PhD.<\/p>\n<hr \/>\n<p><strong>Military Psychological Operations\u00a0(PSYOP)<\/strong><br \/>\nMgr. Ji\u0159\u00ed Hodn\u00fd<\/p>\n<hr \/>\n<p><strong>Possibilities of Terrorist Attack of Biological Weapons<\/strong><br \/>\nJUDr. Libor Kov\u00e1rn\u00edk, Ing. Ale\u0161 Blahut<\/p>\n<hr \/>\n<p><strong>Mass Violation of Public Order and the Law n. 283\/1991 of Criminal Code on Police of the\u00a0Czech\u00a0Republic<\/strong><br \/>\nJUDr. Anton\u00edn Fil\u00e1k, CSc., Mgr. Zden\u011bk Chmela<\/p>\n<hr \/>\n<p><strong>Topical Questions of Law Bases of Activities of the Police of the\u00a0Czech Republicin Mass Violation of Public Order<\/strong><br \/>\nMgr. Zden\u00eck Chmela, JUDr. Anton\u00edn Fil\u00e1k, CSc.<\/p>\n<hr \/>\n<p><strong>Urgent and Immediate Acts<\/strong><br \/>\nJUDr. Miroslav Polcar<\/p>\n<hr \/>\n<p><strong>Remarks of the Possibilities of the Use of Operative Search Means\u00a0in Preliminary Procedure as the Means of Proof<\/strong><br \/>\nJUDr. Franti\u0161ek Voleveck\u00fd<\/p>\n<hr \/>\n<p><strong>Police Cooperation and Collaborations in the Investigation Process<\/strong><br \/>\nJUDr. Anton\u00edn Nesvadba, Ph.D.<\/p>\n<hr \/>\n<p><strong>Ethic Codex of Security Profession as the Subject of Training\u00a0<\/strong><br \/>\nPaedDr. Franti\u0161ek Nov\u00e1k<\/p>\n<hr \/>\n<p><strong>Psychological Profiling Used in the Analysis of Criminal Acts of Violence<\/strong><br \/>\nBc. Miloslav Kaplan.<\/p>\n<hr \/>\n<p><strong>Reaction to Extreme Stress<\/strong><br \/>\nPhDr. Erika Gerlov\u00e1<\/p>\n<hr \/>\n<p><strong>Prediction of Kinetic Characteristics of Stride Actions<\/strong><br \/>\nprof. PhDr. Ji\u0159\u00ed Straus, CSc., Prof JUDr. Ing. Viktor Porada, DrSc.<\/p>\n<hr \/>\n<p><strong>Modern Un-deadly Weapons of Police Patrols<\/strong><br \/>\nRNDr. Jaroslav Ture\u010dek, Ph.D.<\/p>\n<hr \/>\n<p><strong>Possibilities of Getting Sampless for DNA Analysis from Persons Refusing to Offer Them<\/strong><br \/>\nJUDr.\u00a0Karel Mal\u00fd,\u00a0bc. Lud\u011bk Mal\u00fd<\/p>\n<hr \/>\n<p><strong>Effectiveness of the Courses of the Long Life Education in the\u00a0Academic year 2001\/2002 at the Police Academy of the Czech Republic<\/strong><br \/>\nMgr. Ivana Mackov\u00e1<\/p>\n<hr \/>\n<p><a href=\"https:\/\/veda.polac.cz\/?page_id=1987&amp;lang=en\">Back<\/a><\/p>\n","protected":false},"excerpt":{"rendered":"<p>To the Duality of the Good and Evil Concerning the Management of the Czech Police. To the 10. Anniversary of the Establishment of the\u00a0Police\u00a0Academy\u00a0Prague- muse instead of address doc. Ing. Eva M\u00fbnsterov\u00e1, CSc. General Resources for the Preparatory of the Bachelor study Branch and Study Plan of the Full-time Studies Focused at the Education of [&hellip;]<\/p>\n","protected":false},"author":2,"featured_media":0,"parent":1987,"menu_order":75,"comment_status":"closed","ping_status":"closed","template":"","meta":{"footnotes":""},"class_list":["post-2285","page","type-page","status-publish","hentry"],"_links":{"self":[{"href":"https:\/\/veda.polac.cz\/index.php?rest_route=\/wp\/v2\/pages\/2285","targetHints":{"allow":["GET"]}}],"collection":[{"href":"https:\/\/veda.polac.cz\/index.php?rest_route=\/wp\/v2\/pages"}],"about":[{"href":"https:\/\/veda.polac.cz\/index.php?rest_route=\/wp\/v2\/types\/page"}],"author":[{"embeddable":true,"href":"https:\/\/veda.polac.cz\/index.php?rest_route=\/wp\/v2\/users\/2"}],"replies":[{"embeddable":true,"href":"https:\/\/veda.polac.cz\/index.php?rest_route=%2Fwp%2Fv2%2Fcomments&post=2285"}],"version-history":[{"count":2,"href":"https:\/\/veda.polac.cz\/index.php?rest_route=\/wp\/v2\/pages\/2285\/revisions"}],"predecessor-version":[{"id":4503,"href":"https:\/\/veda.polac.cz\/index.php?rest_route=\/wp\/v2\/pages\/2285\/revisions\/4503"}],"up":[{"embeddable":true,"href":"https:\/\/veda.polac.cz\/index.php?rest_route=\/wp\/v2\/pages\/1987"}],"wp:attachment":[{"href":"https:\/\/veda.polac.cz\/index.php?rest_route=%2Fwp%2Fv2%2Fmedia&parent=2285"}],"curies":[{"name":"wp","href":"https:\/\/api.w.org\/{rel}","templated":true}]}}