{"id":2277,"date":"2018-11-04T20:19:21","date_gmt":"2018-11-04T20:19:21","guid":{"rendered":"http:\/\/veda.polac.cz\/?page_id=2277"},"modified":"2019-04-24T05:33:57","modified_gmt":"2019-04-24T05:33:57","slug":"01-2004","status":"publish","type":"page","link":"https:\/\/veda.polac.cz\/?page_id=2277&lang=en","title":{"rendered":"01\/2004"},"content":{"rendered":"<p><strong>Management by objectives at the Police Academy of the Czech Republic in 2004\u00a0<\/strong><br \/>\ndoc. Ing. Hana Barto\u0161ov\u00e1, CSc.<\/p>\n<hr \/>\n<p><strong>Managerial techniques<\/strong><br \/>\ndoc. Ing. Hana Barto\u0161ov\u00e1, CSc.<\/p>\n<hr \/>\n<p><strong>Part-time education at the Police Academy of the Czech Republic<\/strong><br \/>\nPhDr. Iva Borsk\u00e1, CSc.<\/p>\n<hr \/>\n<p><strong>Extremism and anti-extremism policy<\/strong><br \/>\ndoc. Dr. \u0160tefan Danics, Ph.D.<\/p>\n<hr \/>\n<p><strong>Terrorism and psychological operations (PSYOPS)<\/strong><br \/>\ndoc. PhDr. Marian Brzybohat\u00fd, Ph.D.<\/p>\n<hr \/>\n<p><strong>Ethics and the riot police activity<\/strong><br \/>\nJUDr. Anton\u00edn Fil\u00e1k, CSc., Mgr. Zden\u011bk Chmela<\/p>\n<hr \/>\n<p><strong>Key witness \u2013 some remarks<\/strong><br \/>\nJUDr.\u00a0 Milan \u0160ubrt<\/p>\n<hr \/>\n<p><strong>Juvenile suspect<\/strong><br \/>\nJUDr. Franti\u0161ek Voleveck\u00fd<\/p>\n<hr \/>\n<p><strong>Criminal liability in health service system \u2013 investigation trends<\/strong><br \/>\nJUDr. Nikolaj Hrib<\/p>\n<hr \/>\n<p><strong>Corruption in the Police Force and some of its criminalistics aspects<\/strong><br \/>\nJUDr. Iveta Kub\u00edkov\u00e1, Ph.D.<\/p>\n<hr \/>\n<p><strong>Tasks arising from new legaislation in the relations between the\u00a0Riot Police Force and the Criminal Police and Investigation Force<\/strong><br \/>\nMgr. Zden\u011bk Chmela, JUDr. Anton\u00edn Fil\u00e1k, CSc.<\/p>\n<hr \/>\n<p><strong>Public order from local authorities point of view<\/strong><br \/>\ndoc. JUDr. Eva Horzinkov\u00e1, Ph.D.<\/p>\n<hr \/>\n<p><strong>Security agencies in European Community<\/strong><br \/>\nPaedDr. Franti\u0161ek Nov\u00e1k<\/p>\n<hr \/>\n<p><strong>Principles of fundamental rights and freedoms in the Constitution of the Slovak Republic<\/strong><br \/>\ndoc. JUDr. J\u00e1n Kr\u00e1\u013e, CSc.<\/p>\n<hr \/>\n<p><strong>Geopolitical area<\/strong><br \/>\nDr. \u0160tefan Volner, CSc.<\/p>\n<hr \/>\n<p><strong>Forming of vietnamese mafia in the Czech republic<\/strong><br \/>\ndoc. JUDr. Miroslav N\u011bmec,\u00a0 Ph.D.<\/p>\n<hr \/>\n<p><strong>Problems connected with the interpretation of commercial child abuse arisen from the discussion in world congresses in Stockholm and Yokohama<\/strong><br \/>\nMgr. Luk\u00e1\u0161 Benda<\/p>\n<hr \/>\n<p><strong>Technical and scientific workshops, international conferences \u2013 their\u00a0contribution to the issue of juvenile crime<\/strong><br \/>\nPhDr. Vratislava \u010cern\u00edkov\u00e1, CSc.<\/p>\n<hr \/>\n<p><strong>Police officers and their income<\/strong><br \/>\nDr. Zden\u011bk Kova\u0159\u00edk, CSc.<\/p>\n<hr \/>\n<p><strong>Possibilities of GPS usage in police practice II.<\/strong><br \/>\nIng. Ji\u0159\u00ed Jon\u00e1k,\u00a0 prof. PhDr. Ji\u0159\u00ed Straus, DrSc.<\/p>\n<hr \/>\n<p><strong>Analysis of ballpoint pen inks and their changes on aging<\/strong><br \/>\nMgr. Martin F\u00fcrbach, Ing. Pavel Koki\u0161,\u00a0 prof. RNDr. V\u011bra Pac\u00e1kov\u00e1, CSc.<\/p>\n<hr \/>\n<p><strong>A few words about the problems connected with the implementation of EFQM system within the Police of the Czech Republic<\/strong><br \/>\nPaedDr. Ing. Jan Zelinka<\/p>\n<hr \/>\n<p><strong>Review of the publication of JUDr. Bohumil Pikna, CSc.\u00a0 European Union \u2013 inner and outer security and protection of fundamental rights (on the background of the fight with international terrorism).<\/strong><br \/>\ndoc. PhDr. Marian Brzybohat\u00fd, Ph.D.<\/p>\n<hr \/>\n<p><strong>Review of the publication of JUDr. Et. Mgr. Jo\u017ea Spurn\u00fd, Ph.D.:\u00a0\u00a0<\/strong><br \/>\n<strong>Psychologie of interrogation<\/strong><br \/>\nprof. PhDr. Ji\u0159\u00ed Straus, DrSc.<\/p>\n<hr \/>\n<p><strong>Review of the publication of dr. Zden\u011bk Kova\u0159\u00edk, CSc.:\u00a0\u00a0<\/strong><br \/>\n<strong>Education of policemen abroad<\/strong><br \/>\nprof. Ing. Bed\u0159ich \u0160est\u00e1k, DrSc.<\/p>\n<hr \/>\n<p><a href=\"https:\/\/veda.polac.cz\/?page_id=1987&amp;lang=en\">Back<\/a><\/p>\n","protected":false},"excerpt":{"rendered":"<p>Management by objectives at the Police Academy of the Czech Republic in 2004\u00a0 doc. Ing. Hana Barto\u0161ov\u00e1, CSc. Managerial techniques doc. Ing. Hana Barto\u0161ov\u00e1, CSc. Part-time education at the Police Academy of the Czech Republic PhDr. Iva Borsk\u00e1, CSc. Extremism and anti-extremism policy doc. Dr. \u0160tefan Danics, Ph.D. Terrorism and psychological operations (PSYOPS) doc. PhDr. [&hellip;]<\/p>\n","protected":false},"author":2,"featured_media":0,"parent":1987,"menu_order":71,"comment_status":"closed","ping_status":"closed","template":"","meta":{"footnotes":""},"class_list":["post-2277","page","type-page","status-publish","hentry"],"_links":{"self":[{"href":"https:\/\/veda.polac.cz\/index.php?rest_route=\/wp\/v2\/pages\/2277","targetHints":{"allow":["GET"]}}],"collection":[{"href":"https:\/\/veda.polac.cz\/index.php?rest_route=\/wp\/v2\/pages"}],"about":[{"href":"https:\/\/veda.polac.cz\/index.php?rest_route=\/wp\/v2\/types\/page"}],"author":[{"embeddable":true,"href":"https:\/\/veda.polac.cz\/index.php?rest_route=\/wp\/v2\/users\/2"}],"replies":[{"embeddable":true,"href":"https:\/\/veda.polac.cz\/index.php?rest_route=%2Fwp%2Fv2%2Fcomments&post=2277"}],"version-history":[{"count":2,"href":"https:\/\/veda.polac.cz\/index.php?rest_route=\/wp\/v2\/pages\/2277\/revisions"}],"predecessor-version":[{"id":4507,"href":"https:\/\/veda.polac.cz\/index.php?rest_route=\/wp\/v2\/pages\/2277\/revisions\/4507"}],"up":[{"embeddable":true,"href":"https:\/\/veda.polac.cz\/index.php?rest_route=\/wp\/v2\/pages\/1987"}],"wp:attachment":[{"href":"https:\/\/veda.polac.cz\/index.php?rest_route=%2Fwp%2Fv2%2Fmedia&parent=2277"}],"curies":[{"name":"wp","href":"https:\/\/api.w.org\/{rel}","templated":true}]}}