{"id":2275,"date":"2018-11-04T20:08:20","date_gmt":"2018-11-04T20:08:20","guid":{"rendered":"http:\/\/veda.polac.cz\/?page_id=2275"},"modified":"2019-04-24T05:33:11","modified_gmt":"2019-04-24T05:33:11","slug":"02-2004","status":"publish","type":"page","link":"https:\/\/veda.polac.cz\/?page_id=2275&lang=en","title":{"rendered":"02\/2004"},"content":{"rendered":"<p><strong>Terrorism &#8211; the Most Serious Contemporary Threat to Security<\/strong><br \/>\ndoc. Dr. Stefan Danics, Ph. D.<\/p>\n<hr \/>\n<p><strong>Terrorism, Mass Media and the Possibilities of their Use in\u00a0 Solving Crisis Situations<\/strong><br \/>\ndoc. PhDr. Marian Brzybohat\u00fd, Ph.D.<\/p>\n<hr \/>\n<p><strong>Security Orientation of Citizens and the Importance of its Examination in Theory and Practice<\/strong><br \/>\nKarol Murdza, Ph.D.,<\/p>\n<hr \/>\n<p><strong>Central Europe Geopolitical Area<\/strong><br \/>\nDr. Stefan Volner, CSc.<\/p>\n<hr \/>\n<p><strong>Act on Justice System in Youth Cases \u2013 General and Substantive Provisions<\/strong><br \/>\nJUDr. Josef Sou\u010dek, CSc., JUDr. Milan \u0160ubrt<\/p>\n<hr \/>\n<p><strong>Act on Justice System in Youth Cases \u2013 Proceedings in Cases of Children under the Age of Fifteen<\/strong><br \/>\nJUDr. Josef Sou\u010dek, CSc., JUDr. Milan \u0160ubrt<\/p>\n<hr \/>\n<p><strong>New Interpretation of Authorization and Responsibility of Private Security Services<\/strong><br \/>\nPaedDr. Franti\u0161ek Nov\u00e1k<\/p>\n<hr \/>\n<p><strong>Are Police Apolitical?<\/strong><br \/>\nJUDr. Anton\u00edn Fil\u00e1k, CSc.,\u00a0 Mgr. Zden\u011bk Chmela<\/p>\n<hr \/>\n<p><strong>Human Factor in Crisis Management<\/strong><br \/>\nprof. Ing. Bed\u0159ich \u0160est\u00e1k, DrSc., Dr. Zden\u011bk Kova\u0159\u00edk, CSc., PaedDr. Jan Zelinka, JUDr. Libor Kov\u00e1rn\u00edk<\/p>\n<hr \/>\n<p><strong>It Is Necessary to Improve Radically the Work at the Scene of the Crime!<\/strong><br \/>\nplk. Karel Mal\u00fd<\/p>\n<hr \/>\n<p><strong>Conditions for Using PSS for Eliminating Public Disorders<\/strong><br \/>\nPaedDr. Franti\u0161ek Nov\u00e1k<\/p>\n<hr \/>\n<p><strong>Training Project of Crime Prevention Coordinators\u00a0<\/strong><br \/>\ndoc. JUDr. J\u00e1n Bubel\u00edny, CSc.<\/p>\n<hr \/>\n<p><strong>Czech Youth in the Light of European Survey on Alcohol and Drug Abuse among Young People (ESPAD)<\/strong><br \/>\ndoc. ing. Renata \u0160tablov\u00e1, CSc.<\/p>\n<hr \/>\n<p><strong>Criminal Proceedings against Juvenile Offenders (Legislative Present and Future)<\/strong><br \/>\ndoc. JUDr. Vladim\u00edr \u010ce\u010dot, CSc.<\/p>\n<hr \/>\n<p><strong>Investigation Methods in Trasology<\/strong><br \/>\nprof. PhDr. Ji\u0159\u00ed Straus, DrSc.<\/p>\n<hr \/>\n<p><strong>Possibilities of Information Techology Application in Solving Road Accidents<\/strong><br \/>\nprof. JUDr. Ing. Viktor Porada, DrSc., prof. Ing. Gust\u00e1v Kasanick\u00fd, CSc.<\/p>\n<hr \/>\n<p><strong>Selected Questions on the Riot Police Activity in Border Areas<\/strong><br \/>\nJUDr. Anton\u00edn Fil\u00e1k, CSc.,\u00a0 Mgr. Zden\u011bk Chmela<\/p>\n<hr \/>\n<p><strong>Analysis of Share Market Values<\/strong><br \/>\ndoc. Ing. Jaroslav Slepeck\u00fd, PhD.<\/p>\n<hr \/>\n<p><strong>Pedagogical Self-Evaluation and University Accreditation<\/strong><br \/>\nMgr. Vladim\u00edr Bla\u017eek, CSc.<\/p>\n<hr \/>\n<p><strong>Possibilities of Activation of Students in Teaching Legal Subjects at Police Colleges<\/strong><br \/>\nJUDr. \u013dubo\u0161 W\u00e4ldl, Ph.D.<\/p>\n<hr \/>\n<p><strong>Importance of Forensic Linguistics<\/strong><br \/>\nMgr. Alena T\u00fdmlov\u00e1<\/p>\n<hr \/>\n<p><strong>The review of a New Book:\u00a0<\/strong><br \/>\n<strong>N\u011bmec, Miroslav: \u201eMafia and Criminal Gangs\u201c<\/strong><br \/>\npplk. bc. V\u00e1clav Brann\u00fd<\/p>\n<hr \/>\n<p><strong>The review of publication: Wright Glen, Nemec Juraj:\u00a0<\/strong><br \/>\n<strong>Management of Administration Public. Theory and Practice.<\/strong><br \/>\nIng. Milan Kn\u00fd, CSc.<\/p>\n<hr \/>\n<p><a href=\"https:\/\/veda.polac.cz\/?page_id=1987&amp;lang=en\">Back<\/a><\/p>\n","protected":false},"excerpt":{"rendered":"<p>Terrorism &#8211; the Most Serious Contemporary Threat to Security doc. Dr. Stefan Danics, Ph. D. Terrorism, Mass Media and the Possibilities of their Use in\u00a0 Solving Crisis Situations doc. PhDr. Marian Brzybohat\u00fd, Ph.D. Security Orientation of Citizens and the Importance of its Examination in Theory and Practice Karol Murdza, Ph.D., Central Europe Geopolitical Area Dr. [&hellip;]<\/p>\n","protected":false},"author":2,"featured_media":0,"parent":1987,"menu_order":70,"comment_status":"closed","ping_status":"closed","template":"","meta":{"footnotes":""},"class_list":["post-2275","page","type-page","status-publish","hentry"],"_links":{"self":[{"href":"https:\/\/veda.polac.cz\/index.php?rest_route=\/wp\/v2\/pages\/2275","targetHints":{"allow":["GET"]}}],"collection":[{"href":"https:\/\/veda.polac.cz\/index.php?rest_route=\/wp\/v2\/pages"}],"about":[{"href":"https:\/\/veda.polac.cz\/index.php?rest_route=\/wp\/v2\/types\/page"}],"author":[{"embeddable":true,"href":"https:\/\/veda.polac.cz\/index.php?rest_route=\/wp\/v2\/users\/2"}],"replies":[{"embeddable":true,"href":"https:\/\/veda.polac.cz\/index.php?rest_route=%2Fwp%2Fv2%2Fcomments&post=2275"}],"version-history":[{"count":2,"href":"https:\/\/veda.polac.cz\/index.php?rest_route=\/wp\/v2\/pages\/2275\/revisions"}],"predecessor-version":[{"id":4505,"href":"https:\/\/veda.polac.cz\/index.php?rest_route=\/wp\/v2\/pages\/2275\/revisions\/4505"}],"up":[{"embeddable":true,"href":"https:\/\/veda.polac.cz\/index.php?rest_route=\/wp\/v2\/pages\/1987"}],"wp:attachment":[{"href":"https:\/\/veda.polac.cz\/index.php?rest_route=%2Fwp%2Fv2%2Fmedia&parent=2275"}],"curies":[{"name":"wp","href":"https:\/\/api.w.org\/{rel}","templated":true}]}}