{"id":2268,"date":"2018-11-04T11:07:37","date_gmt":"2018-11-04T11:07:37","guid":{"rendered":"http:\/\/veda.polac.cz\/?page_id=2268"},"modified":"2018-11-04T11:07:37","modified_gmt":"2018-11-04T11:07:37","slug":"03-2005","status":"publish","type":"page","link":"https:\/\/veda.polac.cz\/?page_id=2268&lang=en","title":{"rendered":"03\/2005"},"content":{"rendered":"<p>&nbsp;<\/p>\n<p><strong>Security Characteristics of the 21st Century<\/strong><br \/>\nDoc. Dr. \u0160tefan Volner, CSc.<\/p>\n<hr \/>\n<p><strong>On Questions of Learning and Long-Life Education in the European Context<\/strong><br \/>\ndoc. PhDr. V\u011bra Pol\u00e1\u010dkov\u00e1, CSc.<\/p>\n<hr \/>\n<p><strong>The Customs Information System as an Instrument of the EU in the Fight against Crime<\/strong><br \/>\nDoc. JUDr. Bohumil Pikna, CSc.<\/p>\n<hr \/>\n<p><strong>Knowledge\u00a0 for\u00a0 21st Century<\/strong><br \/>\nMgr. Jitka B\u00edl\u00e1<\/p>\n<hr \/>\n<p><strong>Austrian Military Border Cordones &#8211; the Protection of State Borders in the Past<\/strong><br \/>\nMgr. Lubom\u00edr Uhl\u00ed\u0159<\/p>\n<hr \/>\n<p><strong>French gendarmerie &#8211; possibilities\u00a0\u00a0of\u00a0using experience of foreign countries<\/strong><br \/>\nJUDr. Anton\u00edn Fil\u00e1k, CSc., Mgr. Zden\u011bk Chmela, Bc. Martin Vrabec<\/p>\n<hr \/>\n<p><strong>Protection of Persons, Property and Information of Private Persons as well as Organizations<\/strong><br \/>\nMgr. Zden\u011bk \u0160t\u011bp\u00e1nek<\/p>\n<hr \/>\n<p><strong>Selected Surveys in the Field of Security<\/strong><br \/>\nMgr. Martin Bohman<\/p>\n<hr \/>\n<p><strong>A Brief Note on the Concept of the Complex Management of Quality<\/strong><br \/>\nMgr. Ivana Mackov\u00e1<\/p>\n<hr \/>\n<p><strong>Are we Discovering America in the Field of Criminological Theory and Practice after an Extensive Amendment to Code of Criminal Procedure?<\/strong><br \/>\nJUDr. Zden\u011bk Konr\u00e1d, CSc.<\/p>\n<hr \/>\n<p><strong>Hives Death Loss and Police Duties<\/strong><br \/>\nplk. Karel Mal\u00fd, por. Ing. Hana \u0160ul\u00e1kov\u00e1, Ph.D.<\/p>\n<hr \/>\n<p><strong>Penal Responsibility of Juvenile Delinquents\u00a0 &#8211; Comparison of the Czech and Slovak Legislation<\/strong><br \/>\nJUDr. Josef Sou\u010dek, CSc., JUDr. Milan \u0160ubrt<\/p>\n<hr \/>\n<p><strong>Criminal\u00a0 Trials in Juvenile Delinquence &#8211; Comparison of the Czech and Slovak Legislation<\/strong><br \/>\nJUDr. Josef Sou\u010dek, CSc., JUDr. Milan \u0160ubrt<\/p>\n<hr \/>\n<p><strong>Emergency Line 158 and Prospects of its Future Development<\/strong><br \/>\nMgr. Zden\u011bk Chmela JUDr. Anton\u00edn Fil\u00e1k, CSc. kpt. Bc. Petr Mat\u011bj\u010dek<\/p>\n<hr \/>\n<p><strong>NATO Advanced Research Workshop<\/strong><br \/>\n<strong>\u201eDetection and Disposal of Improvised Explosives&#8220; in Saint Petersburg<\/strong><br \/>\ndoc. RNDr. Jaroslav Ture\u010dek, Ph.D.<\/p>\n<hr \/>\n<p><strong>Critique of Monograph Sabop\u00e1l Eduard: Criminological Aspects of Corruption<\/strong><br \/>\ndoc. JUDr. Ivana Zoubkov\u00e1, PhD., PhDr. Marcela Moulisov\u00e1<\/p>\n<hr \/>\n<p><a href=\"https:\/\/veda.polac.cz\/?page_id=1987&amp;lang=en\">Years 2000-2016<\/a><\/p>\n","protected":false},"excerpt":{"rendered":"<p>&nbsp; Security Characteristics of the 21st Century Doc. Dr. \u0160tefan Volner, CSc. On Questions of Learning and Long-Life Education in the European Context doc. PhDr. V\u011bra Pol\u00e1\u010dkov\u00e1, CSc. The Customs Information System as an Instrument of the EU in the Fight against Crime Doc. JUDr. Bohumil Pikna, CSc. Knowledge\u00a0 for\u00a0 21st Century Mgr. Jitka B\u00edl\u00e1 [&hellip;]<\/p>\n","protected":false},"author":2,"featured_media":0,"parent":1987,"menu_order":67,"comment_status":"closed","ping_status":"closed","template":"","meta":{"footnotes":""},"class_list":["post-2268","page","type-page","status-publish","hentry"],"_links":{"self":[{"href":"https:\/\/veda.polac.cz\/index.php?rest_route=\/wp\/v2\/pages\/2268","targetHints":{"allow":["GET"]}}],"collection":[{"href":"https:\/\/veda.polac.cz\/index.php?rest_route=\/wp\/v2\/pages"}],"about":[{"href":"https:\/\/veda.polac.cz\/index.php?rest_route=\/wp\/v2\/types\/page"}],"author":[{"embeddable":true,"href":"https:\/\/veda.polac.cz\/index.php?rest_route=\/wp\/v2\/users\/2"}],"replies":[{"embeddable":true,"href":"https:\/\/veda.polac.cz\/index.php?rest_route=%2Fwp%2Fv2%2Fcomments&post=2268"}],"version-history":[{"count":1,"href":"https:\/\/veda.polac.cz\/index.php?rest_route=\/wp\/v2\/pages\/2268\/revisions"}],"predecessor-version":[{"id":2269,"href":"https:\/\/veda.polac.cz\/index.php?rest_route=\/wp\/v2\/pages\/2268\/revisions\/2269"}],"up":[{"embeddable":true,"href":"https:\/\/veda.polac.cz\/index.php?rest_route=\/wp\/v2\/pages\/1987"}],"wp:attachment":[{"href":"https:\/\/veda.polac.cz\/index.php?rest_route=%2Fwp%2Fv2%2Fmedia&parent=2268"}],"curies":[{"name":"wp","href":"https:\/\/api.w.org\/{rel}","templated":true}]}}