{"id":2257,"date":"2018-11-04T10:45:30","date_gmt":"2018-11-04T10:45:30","guid":{"rendered":"http:\/\/veda.polac.cz\/?page_id=2257"},"modified":"2019-04-23T21:12:53","modified_gmt":"2019-04-23T21:12:53","slug":"04-2006","status":"publish","type":"page","link":"https:\/\/veda.polac.cz\/?page_id=2257&lang=en","title":{"rendered":"04\/2006"},"content":{"rendered":"<p><a href=\"https:\/\/veda.polac.cz\/?page_id=4425&amp;lang=en\"><strong>The Issue of the Genesis and Evolution of Political Islam: Modernization, Migration, Urbanization, Devotion<\/strong><\/a><br \/>\nMgr. Leo\u0161 Tu\u010dek<\/p>\n<hr \/>\n<p><a href=\"https:\/\/veda.polac.cz\/?page_id=4443&amp;lang=en\"><strong>Identification and Evaluation of the Public Order and Internal Security Situation<\/strong><\/a><br \/>\ndoc. JUDr. \u0160tefan Hund\u00e1k, CSc.<\/p>\n<hr \/>\n<p><a href=\"https:\/\/veda.polac.cz\/?page_id=4445&amp;lang=en\"><strong>The Use of EFQM Model of Exce-lence at the District Directory of the Police of the Czech Republic<\/strong><\/a><br \/>\nnpor. Mgr. David Z\u00e1mek, por. Bc. Dagmar Vym\u011btalov\u00e1<\/p>\n<hr \/>\n<p><a href=\"https:\/\/veda.polac.cz\/?page_id=4447&amp;lang=en\"><strong>Electronization of the Administration of the Police of the Czech Republic<\/strong><\/a><br \/>\nnpor. Mgr. Ivan Va\u0148ura<\/p>\n<hr \/>\n<p><a href=\"https:\/\/veda.polac.cz\/?page_id=4450&amp;lang=en\"><strong>The Use of Operative Information and Findings and the Way of Committing and Secrecy Criminality having Elements of Extremism at Securing the Control<\/strong><\/a><br \/>\ndoc. Dezider Bango, CSc., doc. Ing. Miroslav Liso\u0148, PhD.<\/p>\n<hr \/>\n<p><a href=\"https:\/\/veda.polac.cz\/?page_id=4452&amp;lang=en\"><strong>Special Aspects of a House, Other Premises or\u00a0Grounds Search\u00a0at a Lawyer\u00b4s Place<\/strong><\/a><br \/>\nJUDr. Petr Voleveck\u00fd<\/p>\n<hr \/>\n<p><a href=\"https:\/\/veda.polac.cz\/?page_id=4454&amp;lang=en\"><strong>Private Security Services in our Country and Abroad<\/strong><\/a><br \/>\ndoc. JUDr. Eva Horzinkov\u00e1, CSc.<\/p>\n<hr \/>\n<p><a href=\"https:\/\/veda.polac.cz\/?page_id=4456&amp;lang=en\"><strong>Limitative Factors of Private Security Service System<\/strong><\/a><br \/>\nPaedDr. Franti\u0161ek Nov\u00e1k<\/p>\n<hr \/>\n<p><a href=\"https:\/\/veda.polac.cz\/?page_id=4458&amp;lang=en\"><strong>Educational System of Gendarmerie in the First Republic<\/strong><\/a><br \/>\ndoc. JUDr. Pavel Macek, CSc.<\/p>\n<hr \/>\n<p><a href=\"https:\/\/veda.polac.cz\/?page_id=4460&amp;lang=en\"><strong>Sport and Penal Law<\/strong><\/a><br \/>\nJUDr. Franti\u0161ek Voleveck\u00fd, JUDr. Petr Voleveck\u00fd<\/p>\n<hr \/>\n<p><a href=\"https:\/\/veda.polac.cz\/?page_id=4462&amp;lang=en\"><strong>Experience with the Application of Some Elements of Distance Learning in Teaching the European Law at the Police Academy of the Czech Republic<\/strong><\/a><br \/>\ndoc. JUDr. Bohumil Pikna, CSc.<\/p>\n<hr \/>\n<p><a href=\"https:\/\/veda.polac.cz\/?page_id=4464&amp;lang=en\"><strong>Evaluation Findings Obtained from the Lessons of\u00a0European Law at the PA CR<\/strong><\/a><br \/>\ndoc. JUDr. Bohumil Pikna, CSc.<\/p>\n<hr \/>\n<p><a href=\"https:\/\/veda.polac.cz\/?page_id=4467&amp;lang=en\"><strong>Other Symbolic Forms According to the Constitutional Law<\/strong><\/a><br \/>\ndoc. JUDr. Vladim\u00edr Zoubek, CSc.<\/p>\n<hr \/>\n<p><a href=\"https:\/\/veda.polac.cz\/?page_id=4469&amp;lang=en\"><strong>Information Literacy Research<\/strong><\/a><br \/>\nMgr. Jitka B\u00edl\u00e1<\/p>\n<hr \/>\n<p><a href=\"https:\/\/veda.polac.cz\/?page_id=4472&amp;lang=en\"><strong>Communication Barriers of Secondary School Pupils and Possibilities of Sharing a Common World\u00a0<\/strong><\/a><br \/>\nPhDr. David Kr\u00e1msk\u00fd, Ph.D.<\/p>\n<hr \/>\n<p><strong>Information on International Conference \u201eCriminalistics Development\u201c<\/strong><br \/>\nplk. prof. PhDr. Ji\u0159\u00ed Straus, DrSc.<\/p>\n<hr \/>\n<p><strong>Information on\u00a0\u00a0International Conference\u00a0\u00a0ITTE 2006\u00a0<\/strong><br \/>\npplk. Ing. Milan Kn\u00fd, CSc.<\/p>\n<hr \/>\n<p><strong>Brochure Rewiew:<\/strong><br \/>\n<strong>\u201eRhetoric and Presentation<\/strong>\u201c<br \/>\nplk. Mgr. Anton\u00edn Slab\u00fd<\/p>\n<hr \/>\n<p><a href=\"https:\/\/veda.polac.cz\/?page_id=1987&amp;lang=en\">Back<\/a><\/p>\n","protected":false},"excerpt":{"rendered":"<p>The Issue of the Genesis and Evolution of Political Islam: Modernization, Migration, Urbanization, Devotion Mgr. Leo\u0161 Tu\u010dek Identification and Evaluation of the Public Order and Internal Security Situation doc. JUDr. \u0160tefan Hund\u00e1k, CSc. The Use of EFQM Model of Exce-lence at the District Directory of the Police of the Czech Republic npor. Mgr. David Z\u00e1mek, [&hellip;]<\/p>\n","protected":false},"author":2,"featured_media":0,"parent":1987,"menu_order":62,"comment_status":"closed","ping_status":"closed","template":"","meta":{"footnotes":""},"class_list":["post-2257","page","type-page","status-publish","hentry"],"_links":{"self":[{"href":"https:\/\/veda.polac.cz\/index.php?rest_route=\/wp\/v2\/pages\/2257","targetHints":{"allow":["GET"]}}],"collection":[{"href":"https:\/\/veda.polac.cz\/index.php?rest_route=\/wp\/v2\/pages"}],"about":[{"href":"https:\/\/veda.polac.cz\/index.php?rest_route=\/wp\/v2\/types\/page"}],"author":[{"embeddable":true,"href":"https:\/\/veda.polac.cz\/index.php?rest_route=\/wp\/v2\/users\/2"}],"replies":[{"embeddable":true,"href":"https:\/\/veda.polac.cz\/index.php?rest_route=%2Fwp%2Fv2%2Fcomments&post=2257"}],"version-history":[{"count":4,"href":"https:\/\/veda.polac.cz\/index.php?rest_route=\/wp\/v2\/pages\/2257\/revisions"}],"predecessor-version":[{"id":4477,"href":"https:\/\/veda.polac.cz\/index.php?rest_route=\/wp\/v2\/pages\/2257\/revisions\/4477"}],"up":[{"embeddable":true,"href":"https:\/\/veda.polac.cz\/index.php?rest_route=\/wp\/v2\/pages\/1987"}],"wp:attachment":[{"href":"https:\/\/veda.polac.cz\/index.php?rest_route=%2Fwp%2Fv2%2Fmedia&parent=2257"}],"curies":[{"name":"wp","href":"https:\/\/api.w.org\/{rel}","templated":true}]}}