{"id":2248,"date":"2018-11-03T01:41:26","date_gmt":"2018-11-03T01:41:26","guid":{"rendered":"http:\/\/veda.polac.cz\/?page_id=2248"},"modified":"2019-04-25T00:02:58","modified_gmt":"2019-04-25T00:02:58","slug":"04-2007","status":"publish","type":"page","link":"https:\/\/veda.polac.cz\/?page_id=2248&lang=en","title":{"rendered":"04\/2007"},"content":{"rendered":"<p><a href=\"https:\/\/veda.polac.cz\/?page_id=5050&amp;lang=en\"><strong>Some Aspects of Relations of the Police of the Czech Republic to Other Bodies<\/strong><\/a><br \/>\nJUDr. Lidya Ottov\u00e1<\/p>\n<hr \/>\n<p><a href=\"https:\/\/veda.polac.cz\/?page_id=5053&amp;lang=en\"><strong>Police mission as part of international police cooperation<\/strong><\/a><br \/>\npplk. JUDr. Martin Bohman<\/p>\n<hr \/>\n<p><a href=\"https:\/\/veda.polac.cz\/?page_id=5056&amp;lang=en\"><strong>Interpol &#8211;\u00a0 Legal and Organisational Characteristics<\/strong><\/a><br \/>\ndoc. JUDr. Bohumil Pikna, CSc.<\/p>\n<hr \/>\n<p><a href=\"https:\/\/veda.polac.cz\/?page_id=5076&amp;lang=en\"><strong>The Transformation of German Federal Police<\/strong><\/a><br \/>\npplk. JUDr. Martin Bohman<\/p>\n<hr \/>\n<p><a href=\"https:\/\/veda.polac.cz\/?page_id=5078&amp;lang=en\"><strong>Safety study, Unambiguous and Standardized Process of Proposing Measures for Situational Crime Prevention\u00a0\u00a0 \u00a0<\/strong><\/a><br \/>\nMgr. Zden\u011bk \u0160t\u011bp\u00e1nek<\/p>\n<hr \/>\n<p><a href=\"https:\/\/veda.polac.cz\/?page_id=5080&amp;lang=en\"><strong>Operations Research Touls for Ativities Planning<\/strong><\/a><br \/>\nIng. Ivan Fo\u0159t<\/p>\n<hr \/>\n<p><a href=\"https:\/\/veda.polac.cz\/?page_id=5082&amp;lang=en\"><strong>Getting competencies or cultivation of personality?<\/strong><\/a><br \/>\nPhDr. Petr Nesvadba, CSc.<\/p>\n<hr \/>\n<p><a href=\"https:\/\/veda.polac.cz\/?page_id=5084&amp;lang=en\"><strong>The Role of Expert Opinion in Investigation<\/strong><\/a><br \/>\nprof. PhDr. Ji\u0159\u00ed Straus, DrSc., pplk. JUDr. Zden\u011bk Sad\u00edlek<\/p>\n<hr \/>\n<p><a href=\"https:\/\/veda.polac.cz\/?page_id=5086&amp;lang=en\"><strong>Criminalistic Victimology, Victimization, Victim and\u00a0 Derogation<\/strong><\/a><br \/>\nJUDr. Nikolaj Hrib<\/p>\n<hr \/>\n<p><a href=\"https:\/\/veda.polac.cz\/?page_id=5088&amp;lang=en\"><strong>The Position of Mediation and Alternative Resolving Criminal Matters in the Social Crime Prevention\u00a0\u00a0<\/strong><\/a><br \/>\npplk. Mgr. Josef Hrudka<\/p>\n<hr \/>\n<p><a href=\"https:\/\/veda.polac.cz\/?page_id=5090&amp;lang=en\"><strong>Criminalistic Characterization of Crimes in the Name of Honour,\u00a0 Especially Murders in the Name of Honour\u201c<\/strong><\/a><br \/>\nPaedMgr. ThMgr. Leo\u0161 Tu\u010dek<\/p>\n<hr \/>\n<p><a href=\"https:\/\/veda.polac.cz\/?page_id=5092&amp;lang=en\"><strong>Particular Measures Carried Out at the Incident Scene\u00a0 by the Public\u00a0 Order Police<\/strong><\/a><br \/>\nMgr. Zden\u011bk Chmela<\/p>\n<hr \/>\n<p><a href=\"https:\/\/veda.polac.cz\/?page_id=5094&amp;lang=en\"><strong>The New Concept of the Railway Police Service in Connection with the Reorganisation of the Police Presidium of the Czech Republic<\/strong><\/a><br \/>\nMgr. Zden\u011bk Chmela, doc. JUDr. Anton\u00edn Fil\u00e1k, CSc.<\/p>\n<hr \/>\n<p><a href=\"https:\/\/veda.polac.cz\/?page_id=5096&amp;lang=en\"><strong>From the History of the Investigation of Traffic Accidents<\/strong><\/a><br \/>\nplk. JUDr. Mgr. Jan Br\u00e1zda Ph.D.<\/p>\n<hr \/>\n<p><a href=\"https:\/\/veda.polac.cz\/?page_id=5099&amp;lang=en\"><strong>Trial Driving Licence<\/strong><\/a><br \/>\ndoc. PhDr. Kamil Pavl\u00ed\u010dek, CSc., pplk. Mgr. David Z\u00e1mek<\/p>\n<hr \/>\n<p><a href=\"https:\/\/veda.polac.cz\/?page_id=5101&amp;lang=en\"><strong>Systemic idea of Contens the Information Elementaristic<\/strong><\/a><br \/>\nPaedDr. Zuzana Horv\u00e1thov\u00e1, Ph.D. plk. Mgr. Ing. Bc. Ji\u0159\u00ed Zl\u00e1mal, Ph.D.<\/p>\n<hr \/>\n<p><a href=\"https:\/\/veda.polac.cz\/?page_id=5103&amp;lang=en\"><strong>Analysis of study programmes content in study specialization protection of persons and properte<\/strong><\/a><br \/>\ndoc. Ing. Jozef Hal\u00e1dik, PhD.<\/p>\n<hr \/>\n<p><strong>Report on the international conference called \u201cWhat is the law like ?\u201c<\/strong><br \/>\ndoc. JUDr. Vladim\u00edr Zoubek, CSc.<\/p>\n<hr \/>\n<p><strong>Information about the Course CEPOL Held in the Spanish Aville under the Title \u201cThe Tools and Systems of the European Police Cooperation in Spanish Language \u2013 2007\u201c.<\/strong><br \/>\ndoc. JUDr. Bohumil Pikna, CSc.<\/p>\n<hr \/>\n<p><strong>System Approaches 2007<\/strong><br \/>\nIng. Milan Kn\u00fd<\/p>\n<hr \/>\n<p><a href=\"https:\/\/veda.polac.cz\/?page_id=1987&amp;lang=en\">Back<\/a><\/p>\n","protected":false},"excerpt":{"rendered":"<p>Some Aspects of Relations of the Police of the Czech Republic to Other Bodies JUDr. Lidya Ottov\u00e1 Police mission as part of international police cooperation pplk. JUDr. Martin Bohman Interpol &#8211;\u00a0 Legal and Organisational Characteristics doc. JUDr. Bohumil Pikna, CSc. The Transformation of German Federal Police pplk. JUDr. Martin Bohman Safety study, Unambiguous and Standardized [&hellip;]<\/p>\n","protected":false},"author":2,"featured_media":0,"parent":1987,"menu_order":58,"comment_status":"closed","ping_status":"closed","template":"","meta":{"footnotes":""},"class_list":["post-2248","page","type-page","status-publish","hentry"],"_links":{"self":[{"href":"https:\/\/veda.polac.cz\/index.php?rest_route=\/wp\/v2\/pages\/2248","targetHints":{"allow":["GET"]}}],"collection":[{"href":"https:\/\/veda.polac.cz\/index.php?rest_route=\/wp\/v2\/pages"}],"about":[{"href":"https:\/\/veda.polac.cz\/index.php?rest_route=\/wp\/v2\/types\/page"}],"author":[{"embeddable":true,"href":"https:\/\/veda.polac.cz\/index.php?rest_route=\/wp\/v2\/users\/2"}],"replies":[{"embeddable":true,"href":"https:\/\/veda.polac.cz\/index.php?rest_route=%2Fwp%2Fv2%2Fcomments&post=2248"}],"version-history":[{"count":2,"href":"https:\/\/veda.polac.cz\/index.php?rest_route=\/wp\/v2\/pages\/2248\/revisions"}],"predecessor-version":[{"id":5105,"href":"https:\/\/veda.polac.cz\/index.php?rest_route=\/wp\/v2\/pages\/2248\/revisions\/5105"}],"up":[{"embeddable":true,"href":"https:\/\/veda.polac.cz\/index.php?rest_route=\/wp\/v2\/pages\/1987"}],"wp:attachment":[{"href":"https:\/\/veda.polac.cz\/index.php?rest_route=%2Fwp%2Fv2%2Fmedia&parent=2248"}],"curies":[{"name":"wp","href":"https:\/\/api.w.org\/{rel}","templated":true}]}}