{"id":2242,"date":"2018-11-03T01:28:31","date_gmt":"2018-11-03T01:28:31","guid":{"rendered":"http:\/\/veda.polac.cz\/?page_id=2242"},"modified":"2019-04-24T06:39:36","modified_gmt":"2019-04-24T06:39:36","slug":"02-2008","status":"publish","type":"page","link":"https:\/\/veda.polac.cz\/?page_id=2242&lang=en","title":{"rendered":"02\/2008"},"content":{"rendered":"<p><a href=\"https:\/\/veda.polac.cz\/?page_id=4609&amp;lang=en\"><strong>Reading the Pattern of the Fire\u00a0Some Notes to Cooperation between Fire Investigator and Firemen<\/strong><\/a><br \/>\nFrank D. Stolt, Msc., translated by Mgr. Milan Fiedler<\/p>\n<hr \/>\n<p><a href=\"https:\/\/veda.polac.cz\/?page_id=4611&amp;lang=en\"><strong>Public Breach of Discipline by Persons in Service Relationship<\/strong><\/a><br \/>\ndoc. JUDr. Eva Horzinkov\u00e1, Ph.D.<\/p>\n<hr \/>\n<p><a href=\"https:\/\/veda.polac.cz\/?page_id=4614&amp;lang=en\"><strong>Act on Service of Security Corps\u00b4 Members Reflecting their Higher Education<\/strong><\/a><br \/>\nJUDr. Jind\u0159ich \u0160koda<\/p>\n<hr \/>\n<p><a href=\"https:\/\/veda.polac.cz\/?page_id=4616&amp;lang=en\"><strong>Some Important Aspects of Professional Development of Policemen<\/strong><\/a><br \/>\nMgr. Anton\u00edn Slab\u00fd<\/p>\n<hr \/>\n<p><a href=\"https:\/\/veda.polac.cz\/?page_id=4618&amp;lang=en\"><strong>The Use of CCTV Footage for Criminalistic Identification<\/strong><\/a><br \/>\nprof. PhDr. Ji\u0159\u00ed Straus, DrSc., Ing. Ji\u0159\u00ed Jon\u00e1k, Ph.D.<\/p>\n<hr \/>\n<p><a href=\"https:\/\/veda.polac.cz\/?page_id=4620&amp;lang=en\"><strong>The\u00a0\u00a0Issue of Procedural Applicability of DNA and Fingerprint Evidence Examination<\/strong><\/a><br \/>\nJUDr. Petr Nov\u00e1k<\/p>\n<hr \/>\n<p><a href=\"https:\/\/veda.polac.cz\/?page_id=4622&amp;lang=en\"><strong>\u201eRoad\u201c Police \u2013 a Forerunner of Traffic Police<\/strong><\/a><br \/>\nplk. JUDr. Mgr. Jan Br\u00e1zda Ph.D.<\/p>\n<hr \/>\n<p><a href=\"https:\/\/veda.polac.cz\/?page_id=4624&amp;lang=en\"><strong>Characteristic Traffic Policy of the Slovak Republic and Strategy of its Development<\/strong><\/a><br \/>\nJUDr. Miroslav Felcan, PhD.<\/p>\n<hr \/>\n<p><a href=\"https:\/\/veda.polac.cz\/?page_id=4626&amp;lang=en\"><strong>Drugs in Road Traffic<\/strong><\/a><br \/>\ndoc. PhDr. Kamil Pavl\u00ed\u010dek, CSc., Mgr. David Z\u00e1mek, Mgr. Marek Bla\u017eejovsk\u00fd<\/p>\n<hr \/>\n<p><a href=\"https:\/\/veda.polac.cz\/?page_id=4628&amp;lang=en\"><strong>An Offender in a Long-Term Execution of a Confinement Punishment and his Social Prognosis<\/strong><\/a><br \/>\ndoc. PhDr. Anton\u00edn Kozo\u0148, CSc., doc. PhDr. Stanislav Ne\u010das, CSc.<\/p>\n<hr \/>\n<p><a href=\"https:\/\/veda.polac.cz\/?page_id=4630&amp;lang=en\"><strong>Suicidal Killing Readiness: Sociocultural and Religious Identifiers of Suicidal Killing Potentiality\u00a0<\/strong><\/a><br \/>\nPaedMgr. et ThMgr. Leo\u0161 Tu\u010dek<\/p>\n<hr \/>\n<p><a href=\"https:\/\/veda.polac.cz\/?page_id=4632&amp;lang=en\"><strong>Anarchism and Authority\u00a0<\/strong><\/a><br \/>\nMgr. Anna Pleierov\u00e1<\/p>\n<hr \/>\n<p><a href=\"https:\/\/veda.polac.cz\/?page_id=4634&amp;lang=en\"><strong>E-learning and Its Integration into the Educational Process<\/strong><\/a><br \/>\nMgr. Alena Luk\u00e1\u010dov\u00e1, Dr. Bc. J\u00e1n \u0160ug\u00e1r, CSc.<\/p>\n<hr \/>\n<p><a href=\"https:\/\/veda.polac.cz\/?page_id=4636&amp;lang=en\"><strong>Classic Pedagogical Experiment in the Blended Form of Studies in the Conditions of the CR PA Language Department in Prague<\/strong><\/a><br \/>\nMgr. Alena Luk\u00e1\u010dov\u00e1<\/p>\n<hr \/>\n<p><strong>Recenzion of Academic Textbook \u201eCriminalistic tactics\u201c<\/strong><br \/>\nJUDr. Franti\u0161ek Vavera, Ph.D.<\/p>\n<hr \/>\n<p><a href=\"https:\/\/veda.polac.cz\/?page_id=1987&amp;lang=en\">Back<\/a><\/p>\n","protected":false},"excerpt":{"rendered":"<p>Reading the Pattern of the Fire\u00a0Some Notes to Cooperation between Fire Investigator and Firemen Frank D. Stolt, Msc., translated by Mgr. Milan Fiedler Public Breach of Discipline by Persons in Service Relationship doc. JUDr. Eva Horzinkov\u00e1, Ph.D. Act on Service of Security Corps\u00b4 Members Reflecting their Higher Education JUDr. Jind\u0159ich \u0160koda Some Important Aspects of [&hellip;]<\/p>\n","protected":false},"author":2,"featured_media":0,"parent":1987,"menu_order":55,"comment_status":"closed","ping_status":"closed","template":"","meta":{"footnotes":""},"class_list":["post-2242","page","type-page","status-publish","hentry"],"_links":{"self":[{"href":"https:\/\/veda.polac.cz\/index.php?rest_route=\/wp\/v2\/pages\/2242","targetHints":{"allow":["GET"]}}],"collection":[{"href":"https:\/\/veda.polac.cz\/index.php?rest_route=\/wp\/v2\/pages"}],"about":[{"href":"https:\/\/veda.polac.cz\/index.php?rest_route=\/wp\/v2\/types\/page"}],"author":[{"embeddable":true,"href":"https:\/\/veda.polac.cz\/index.php?rest_route=\/wp\/v2\/users\/2"}],"replies":[{"embeddable":true,"href":"https:\/\/veda.polac.cz\/index.php?rest_route=%2Fwp%2Fv2%2Fcomments&post=2242"}],"version-history":[{"count":2,"href":"https:\/\/veda.polac.cz\/index.php?rest_route=\/wp\/v2\/pages\/2242\/revisions"}],"predecessor-version":[{"id":4638,"href":"https:\/\/veda.polac.cz\/index.php?rest_route=\/wp\/v2\/pages\/2242\/revisions\/4638"}],"up":[{"embeddable":true,"href":"https:\/\/veda.polac.cz\/index.php?rest_route=\/wp\/v2\/pages\/1987"}],"wp:attachment":[{"href":"https:\/\/veda.polac.cz\/index.php?rest_route=%2Fwp%2Fv2%2Fmedia&parent=2242"}],"curies":[{"name":"wp","href":"https:\/\/api.w.org\/{rel}","templated":true}]}}