{"id":2240,"date":"2018-11-03T01:25:40","date_gmt":"2018-11-03T01:25:40","guid":{"rendered":"http:\/\/veda.polac.cz\/?page_id=2240"},"modified":"2019-04-24T06:21:38","modified_gmt":"2019-04-24T06:21:38","slug":"03-2008","status":"publish","type":"page","link":"https:\/\/veda.polac.cz\/?page_id=2240&lang=en","title":{"rendered":"03\/2008"},"content":{"rendered":"<p><a href=\"https:\/\/veda.polac.cz\/?page_id=4544&amp;lang=en\"><strong>Estonia \u2013 a Country with Small but Efficient Police Force.<\/strong><\/a><br \/>\npplk. JUDr. Martin Bohman, pplk. JUDr. Josef Hrudka.<\/p>\n<hr \/>\n<p><a href=\"https:\/\/veda.polac.cz\/?page_id=4547&amp;lang=en\"><strong>Threat Violence and Threat Assessment<\/strong><\/a><br \/>\ndoc. PhDr. Ludmila \u010c\u00edrtkov\u00e1, CSc.<\/p>\n<hr \/>\n<p><a href=\"https:\/\/veda.polac.cz\/?page_id=4562&amp;lang=en\"><strong>Criminal Aspects of Domestic Violence.<\/strong><\/a><br \/>\nJUDr. Milan \u0160ubrt, Ph.D., por. Mgr. Petra H\u00e1jkov\u00e1<\/p>\n<hr \/>\n<p><a href=\"https:\/\/veda.polac.cz\/?page_id=4564&amp;lang=en\"><strong>To Application Institute Violence in Jure.<\/strong><\/a><br \/>\nplk. JUDr. Milan Ku\u010dera, Ph.D., Mgr. Milan Ku\u010dera<\/p>\n<hr \/>\n<p><a href=\"https:\/\/veda.polac.cz\/?page_id=4566&amp;lang=en\"><strong>Can an Expertise of an Expert Commission be Used as Evidence in Penal Proceedings?<\/strong><\/a><br \/>\nJUDr. Nikolaj Hrib<\/p>\n<hr \/>\n<p><a href=\"https:\/\/veda.polac.cz\/?page_id=4568&amp;lang=en\"><strong>Hearing of an Administrative Infraction and the Procedure to Issue an Administrative Order<\/strong><\/a><br \/>\nJUDr. Jozef Band\u017eak, Mgr. Zden\u011bk Fiala<\/p>\n<hr \/>\n<p><a href=\"https:\/\/veda.polac.cz\/?page_id=4570&amp;lang=en\"><strong>Characteristic Traffic Policy of the Slovak Republic and Strategy of its Development.\u00a0\u00a0Second part<\/strong><\/a><br \/>\npplk. JUDr. Miroslav Felcan, PhD.<\/p>\n<hr \/>\n<p><a href=\"https:\/\/veda.polac.cz\/?page_id=4572&amp;lang=en\"><strong>Topicality and Social Importance of Road Traffic Safety<\/strong><\/a><br \/>\npplk. JUDr. Miroslav Felcan, PhD.<\/p>\n<hr \/>\n<p><a href=\"https:\/\/veda.polac.cz\/?page_id=4574&amp;lang=en\"><strong>Are the Metropolitan Police Able to Solve the Problem of the Capital of Prague?<\/strong><\/a><br \/>\nplk. JUDr. Mgr. Jan Br\u00e1zda, Ph.D.<\/p>\n<hr \/>\n<p><a href=\"https:\/\/veda.polac.cz\/?page_id=4576&amp;lang=en\"><strong>Traffic Accident as a Serious Problem in Society<\/strong><\/a><br \/>\nJUDr. Radim Pila\u0159<\/p>\n<hr \/>\n<p><a href=\"https:\/\/veda.polac.cz\/?page_id=4578&amp;lang=en\"><strong>Seeking Optimal Attitudes Towards the Effective Prevention of the Drivers-Beginners<\/strong><\/a><br \/>\ndoc. PhDr. Kamil Pavl\u00ed\u010dek, CSc., pplk. Mgr. David Z\u00e1mek<\/p>\n<hr \/>\n<p><a href=\"https:\/\/veda.polac.cz\/?page_id=4580&amp;lang=en\"><strong>The Phenomenon of Traffic Accidents in the Trucking<\/strong><\/a><br \/>\ndoc. PhDr. Kamil Pavl\u00ed\u010dek, CSc.<\/p>\n<hr \/>\n<p><a href=\"https:\/\/veda.polac.cz\/?page_id=4582&amp;lang=en\"><strong>Importance of Information System for the\u00a0\u00a0Riot Police Service<\/strong><\/a><br \/>\nMgr. Zden\u011bk Chmela, Bc. Petr K\u016fstka<\/p>\n<hr \/>\n<p><a href=\"https:\/\/veda.polac.cz\/?page_id=4584&amp;lang=en\"><strong>Irreplaceability of Line Manager in Personnel Work<\/strong><\/a><br \/>\nMgr. Anton\u00edn Slab\u00fd<\/p>\n<hr \/>\n<p><a href=\"https:\/\/veda.polac.cz\/?page_id=4586&amp;lang=en\"><strong>Municipal Camera Monitoring System &#8211; Type Project<\/strong><\/a><br \/>\nJUDr. Pavel Koc\u00e1bek, JUDr. Tom\u00e1\u0161 Kon\u00ed\u010dek<\/p>\n<hr \/>\n<p><a href=\"https:\/\/veda.polac.cz\/?page_id=4588&amp;lang=en\"><strong>The System of Crime Prevention in the Czech Republic Observes 15th Anniversary<\/strong><\/a><br \/>\nJUDr. Pavel Koc\u00e1bek<\/p>\n<hr \/>\n<p><strong>Information about International Conference \u201eProgress of Criminalistic Science\u201c 2008<\/strong><br \/>\ndoc. Ing. Jaroslav Such\u00e1nek, CSc.<\/p>\n<hr \/>\n<p><strong>Review of the monograph \u201eInformation Management in Security Forces\u201d<\/strong><br \/>\nprof. PhDr. Ing. Bohuslav Mina\u0159\u00edk, CSc.<\/p>\n<hr \/>\n<p><strong>Review of the first economics textbook for the students of the Police Academy CR \u201eGeneral Economics\u201d<\/strong><br \/>\nIng. Milan Kn\u00fd, CSc.<\/p>\n<hr \/>\n<p><strong>Review of the textbook\u00a0\u00a0\u201eThey Made It Themselves\u201d<\/strong><br \/>\nprof. PhDr. Ji\u0159\u00ed Straus, DrSc.<\/p>\n<hr \/>\n<p><a href=\"https:\/\/veda.polac.cz\/?page_id=1987&amp;lang=en\">Back<\/a><\/p>\n","protected":false},"excerpt":{"rendered":"<p>Estonia \u2013 a Country with Small but Efficient Police Force. pplk. JUDr. Martin Bohman, pplk. JUDr. Josef Hrudka. Threat Violence and Threat Assessment doc. PhDr. Ludmila \u010c\u00edrtkov\u00e1, CSc. Criminal Aspects of Domestic Violence. JUDr. Milan \u0160ubrt, Ph.D., por. Mgr. Petra H\u00e1jkov\u00e1 To Application Institute Violence in Jure. plk. JUDr. Milan Ku\u010dera, Ph.D., Mgr. Milan Ku\u010dera [&hellip;]<\/p>\n","protected":false},"author":2,"featured_media":0,"parent":1987,"menu_order":53,"comment_status":"closed","ping_status":"closed","template":"","meta":{"footnotes":""},"class_list":["post-2240","page","type-page","status-publish","hentry"],"_links":{"self":[{"href":"https:\/\/veda.polac.cz\/index.php?rest_route=\/wp\/v2\/pages\/2240","targetHints":{"allow":["GET"]}}],"collection":[{"href":"https:\/\/veda.polac.cz\/index.php?rest_route=\/wp\/v2\/pages"}],"about":[{"href":"https:\/\/veda.polac.cz\/index.php?rest_route=\/wp\/v2\/types\/page"}],"author":[{"embeddable":true,"href":"https:\/\/veda.polac.cz\/index.php?rest_route=\/wp\/v2\/users\/2"}],"replies":[{"embeddable":true,"href":"https:\/\/veda.polac.cz\/index.php?rest_route=%2Fwp%2Fv2%2Fcomments&post=2240"}],"version-history":[{"count":2,"href":"https:\/\/veda.polac.cz\/index.php?rest_route=\/wp\/v2\/pages\/2240\/revisions"}],"predecessor-version":[{"id":4590,"href":"https:\/\/veda.polac.cz\/index.php?rest_route=\/wp\/v2\/pages\/2240\/revisions\/4590"}],"up":[{"embeddable":true,"href":"https:\/\/veda.polac.cz\/index.php?rest_route=\/wp\/v2\/pages\/1987"}],"wp:attachment":[{"href":"https:\/\/veda.polac.cz\/index.php?rest_route=%2Fwp%2Fv2%2Fmedia&parent=2240"}],"curies":[{"name":"wp","href":"https:\/\/api.w.org\/{rel}","templated":true}]}}