{"id":2238,"date":"2018-11-03T01:22:37","date_gmt":"2018-11-03T01:22:37","guid":{"rendered":"http:\/\/veda.polac.cz\/?page_id=2238"},"modified":"2019-04-24T06:02:11","modified_gmt":"2019-04-24T06:02:11","slug":"04-2008","status":"publish","type":"page","link":"https:\/\/veda.polac.cz\/?page_id=2238&lang=en","title":{"rendered":"04\/2008"},"content":{"rendered":"<p><a href=\"https:\/\/veda.polac.cz\/?page_id=4512&amp;lang=en\"><strong>Arsons Detection and Prevention<\/strong><\/a><br \/>\nFrank D. Stolt, BA<\/p>\n<hr \/>\n<p><a href=\"https:\/\/veda.polac.cz\/?page_id=4515&amp;lang=en\"><strong>New Knowledge of after Shot Product Dispersion Patterns Investigation<\/strong><\/a><br \/>\nIng. Rudolf V\u00e1vra, Mgr. Tom\u00e1\u0161 Kmene<\/p>\n<hr \/>\n<p><a href=\"https:\/\/veda.polac.cz\/?page_id=4517&amp;lang=en\"><strong>Criminalistics Development (Personalities, For-Ming, Beginning)<\/strong><\/a><br \/>\nJUDr. Franti\u0161ek Vavera, Ph.D.<\/p>\n<hr \/>\n<p><a href=\"https:\/\/veda.polac.cz\/?page_id=4519&amp;lang=en\"><strong>Genesis of Criminalistic Trace Concept in the Czech Republic since 1954 until Nowadays\u00a0\u00a0<\/strong><\/a><br \/>\nplk. JUDr. Roman Svato\u0161, Ph.D.<\/p>\n<hr \/>\n<p><a href=\"https:\/\/veda.polac.cz\/?page_id=4521&amp;lang=en\"><strong>Stalking the Actual Problem of Criminalistics\u00a0<\/strong><\/a><br \/>\ndoc. PhDr. Ludmila \u010c\u00edrtkov\u00e1, CSc.<\/p>\n<hr \/>\n<p><a href=\"https:\/\/veda.polac.cz\/?page_id=4523&amp;lang=en\"><strong>Criminological and Criminology Profile of the Offender of Economic Crime<\/strong><\/a><br \/>\ndoc. JUDr. Ivana Zoubkov\u00e1, CSc., pplk. Mgr. Jana Firstov\u00e1, pplk. JUDr. Zden\u011bk Sad\u00edlek<\/p>\n<hr \/>\n<p><a href=\"https:\/\/veda.polac.cz\/?page_id=4525&amp;lang=en\"><strong>Theoretical Issues of Problems Connected with Criminalistic Identification Recognition Form\u00a0<\/strong><\/a><br \/>\ndoc. JUDr. Zden\u011bk Konr\u00e1d, CSc., PhDr. Jitka Vesel\u00e1<\/p>\n<hr \/>\n<p><a href=\"https:\/\/veda.polac.cz\/?page_id=4527&amp;lang=en\"><strong>The Phenomenon of Cyber Crime<\/strong><\/a><br \/>\nJUDr. Petr Voleneck\u00fd<\/p>\n<hr \/>\n<p><a href=\"https:\/\/veda.polac.cz\/?page_id=4529&amp;lang=en\"><strong>Use of some Criminalistic and Criminal Law Principals in Traffic Accidents Investigation\u00a0\u00a0<\/strong><\/a><br \/>\nJUDr. Miroslav Polcar, Ph.D.<\/p>\n<hr \/>\n<p><a href=\"https:\/\/veda.polac.cz\/?page_id=4531&amp;lang=en\"><strong>Quo Vadis ACT (Anti-Conflict Teams)<\/strong><\/a><br \/>\npplk. JUDr. David Z\u00e1mek<\/p>\n<hr \/>\n<p><a href=\"https:\/\/veda.polac.cz\/?page_id=4533&amp;lang=en\"><strong>Assessment System within the Riot Police Service<\/strong><\/a><br \/>\nMgr. Zden\u011bk Chmela, doc. JUDr. Anton\u00edn Fil\u00e1k, CSc., npor. Franti\u0161ek Vr\u00e1tn\u00fd<\/p>\n<hr \/>\n<p><a href=\"https:\/\/veda.polac.cz\/?page_id=4535&amp;lang=en\"><strong>Impact of a Catastrophe on a Specific Group of\u00a0Inhabitants from the Perspective of Gestalt Psychology\u00a0<\/strong><\/a><br \/>\nMgr. Tibor A. Bre\u010dka<\/p>\n<hr \/>\n<p><a href=\"https:\/\/veda.polac.cz\/?page_id=4537&amp;lang=en\"><strong>Some Notes of Human Resources Management<\/strong><\/a><br \/>\nJUDr. Nikolaj Hrib<\/p>\n<hr \/>\n<p><a href=\"https:\/\/veda.polac.cz\/?page_id=4539&amp;lang=en\"><strong>Significance of Chemical Expert Examination in Intoxicant Identification\u00a0<\/strong><\/a><br \/>\nJUDr. Ji\u0159\u00ed Hru\u0161ka<\/p>\n<hr \/>\n<p><a href=\"https:\/\/veda.polac.cz\/?page_id=4541&amp;lang=en\"><strong>Dating Possibilities in Criminalistics by Means of Analytical Methods<\/strong><\/a><br \/>\nJana Stracho\u0148ov\u00e1, Mgr. Bc. Martin F\u00fcrbach<\/p>\n<hr \/>\n<p><a href=\"https:\/\/veda.polac.cz\/?page_id=1987&amp;lang=en\">Back<\/a><\/p>\n","protected":false},"excerpt":{"rendered":"<p>Arsons Detection and Prevention Frank D. Stolt, BA New Knowledge of after Shot Product Dispersion Patterns Investigation Ing. Rudolf V\u00e1vra, Mgr. Tom\u00e1\u0161 Kmene Criminalistics Development (Personalities, For-Ming, Beginning) JUDr. Franti\u0161ek Vavera, Ph.D. Genesis of Criminalistic Trace Concept in the Czech Republic since 1954 until Nowadays\u00a0\u00a0 plk. JUDr. Roman Svato\u0161, Ph.D. Stalking the Actual Problem of [&hellip;]<\/p>\n","protected":false},"author":2,"featured_media":0,"parent":1987,"menu_order":52,"comment_status":"closed","ping_status":"closed","template":"","meta":{"footnotes":""},"class_list":["post-2238","page","type-page","status-publish","hentry"],"_links":{"self":[{"href":"https:\/\/veda.polac.cz\/index.php?rest_route=\/wp\/v2\/pages\/2238","targetHints":{"allow":["GET"]}}],"collection":[{"href":"https:\/\/veda.polac.cz\/index.php?rest_route=\/wp\/v2\/pages"}],"about":[{"href":"https:\/\/veda.polac.cz\/index.php?rest_route=\/wp\/v2\/types\/page"}],"author":[{"embeddable":true,"href":"https:\/\/veda.polac.cz\/index.php?rest_route=\/wp\/v2\/users\/2"}],"replies":[{"embeddable":true,"href":"https:\/\/veda.polac.cz\/index.php?rest_route=%2Fwp%2Fv2%2Fcomments&post=2238"}],"version-history":[{"count":2,"href":"https:\/\/veda.polac.cz\/index.php?rest_route=\/wp\/v2\/pages\/2238\/revisions"}],"predecessor-version":[{"id":4543,"href":"https:\/\/veda.polac.cz\/index.php?rest_route=\/wp\/v2\/pages\/2238\/revisions\/4543"}],"up":[{"embeddable":true,"href":"https:\/\/veda.polac.cz\/index.php?rest_route=\/wp\/v2\/pages\/1987"}],"wp:attachment":[{"href":"https:\/\/veda.polac.cz\/index.php?rest_route=%2Fwp%2Fv2%2Fmedia&parent=2238"}],"curies":[{"name":"wp","href":"https:\/\/api.w.org\/{rel}","templated":true}]}}