{"id":2236,"date":"2018-11-03T01:19:25","date_gmt":"2018-11-03T01:19:25","guid":{"rendered":"http:\/\/veda.polac.cz\/?page_id=2236"},"modified":"2019-04-24T10:04:13","modified_gmt":"2019-04-24T10:04:13","slug":"special-issue-2009","status":"publish","type":"page","link":"https:\/\/veda.polac.cz\/?page_id=2236&lang=en","title":{"rendered":"Special issue 2009"},"content":{"rendered":"<p><em><strong>1. d\u00edl<\/strong><\/em><br \/>\n<em><strong>P\u0159edmluva<\/strong><\/em><\/p>\n<p><strong>Stalking -A New Crime<\/strong><br \/>\n<em>doc. PhDr. Ludmila \u010c\u00edrtkov\u00e1, CSc.<\/em><\/p>\n<p><strong>The Professional Psychological Services in Criminalistics<\/strong><br \/>\n<em>PhDr. Jitka Vesel\u00e1<\/em><\/p>\n<p><strong>Neuropsychophysiological Correlate of Violent Crimes in the Context of Uncontrolled Affect<\/strong><br \/>\n<em>MUDr. I. \u017dukov, CSc., PhDr. R. Pt\u00e1\u010dek, Ph.D., PhDr. S. Fischer, Ph.D.<\/em><\/p>\n<p><strong>Contemporary Problems of Management and Informatics of Security Installations<\/strong><br \/>\n<em>Ing. Milan Kn\u00fd,<\/em><\/p>\n<p><strong>Taxes and Corruption as a Historic Character of State and Criminality<\/strong><br \/>\n<em>doc. JUDr. Vladim\u00edr Zoubek, CSc.<\/em><\/p>\n<p><strong>Security in the Kontext of Social Factors<\/strong><br \/>\n<em>Mgr. Lenka Burdov\u00e1 Dr. Bc. J\u00e1n \u0160ug\u00e1r, CSc., prof. Ing. Bed\u0159ich \u0160est\u00e1k, DrSc.,<\/em><\/p>\n<p><strong>Mental Representation of Situational Variables for Deployed Police Officers?<\/strong><br \/>\n<em>JUDr. Mgr. Jo\u017ea Spurn\u00fd, Ph.D.<\/em><\/p>\n<p><strong>Contribution to the Evolution of Criminalistics<br \/>\n<\/strong><em>prof. PhDr. Ji\u0159\u00ed Straus, DrSc., JUDr. Franti\u0161ek Vavera, Ph.D.,<\/em><\/p>\n<p><strong>Biomechanical Analysis of Selected Falls from Heights<\/strong><br \/>\n<em>prof. PhDr. Ji\u0159\u00ed Straus, DrSc.<\/em><\/p>\n<p><strong>Reaction time to Casual Input Requiring Complex Kinematic Response<\/strong><br \/>\n<em>prof. PhDr. Ji\u0159\u00ed Straus, DrSc.<\/em><\/p>\n<p><strong>Shaken Baby Syndrome &#8211; Biomechanical Analysis of Dynamic Stress<\/strong><br \/>\n<em>prof. PhDr. Ji\u0159\u00ed Straus, DrSc.<\/em><\/p>\n<p><strong>Technical Masking of Explosive Anti-Handling Systems and Standard Security Checks<\/strong><br \/>\n<em>plk. doc. RNDr. Jaroslav Ture\u010dek, Ph.D.<\/em><\/p>\n<p><strong>Responsibility of the People Acting on Behalf of Legal Person in Term of Criminal Law<\/strong><br \/>\n<em>JUDr. Mgr. Jan Bajura<\/em><\/p>\n<hr \/>\n<p><em><strong>2. d\u00edl<\/strong><\/em><\/p>\n<p><strong>Introduction to time Sequence Analysis of Crime Indicators in the Czech and Slovak Republic<\/strong><br \/>\n<em>Dr. Zden\u011bk Kova\u0159\u00edk, CSc.<\/em><\/p>\n<p><strong>Extrapolation of Chosen Indicators of Crime Rate in the Czech Republic with the Use of ARIMA Models and the AUTOBOX (AFS) Programme<\/strong><br \/>\n<em>Dr. Zden\u011bk Kova\u0159\u00edk, CSc.<\/em><\/p>\n<p><strong>Cointegrational Analysis of time Series of Chosen Crime Rate and Unemployment Indicators in the Czech Republic<\/strong><br \/>\n<em>Dr. Zden\u011bk Kova\u0159\u00edk, CSc.<\/em><\/p>\n<p><strong>Co-integration analysis of time series of selected statistical indicators of crime and unemployment in Slovakia<\/strong><br \/>\n<em>Dr. Zden\u011bk Kova\u0159\u00edk, CSc., PhDr. Cyril Kost\u00edk, CSc.<\/em><\/p>\n<p><strong>Crime Prognosis in Europe Till 2011 from the Experts\u00b4 Perspective<br \/>\n<\/strong><em>PhDr. Cyril Kost\u00edk, CSc., Dr. Zden\u011bk Kova\u0159\u00edk, CSc.<\/em><\/p>\n<p><strong>Research into the relationship between the citizens and Police of the Czech Republic as an integral part of the adopted EFQM model<\/strong><br \/>\n<em>JUDr. Martin Bohman, Dr. Zden\u011bk Kova\u0159\u00edk, CSc.,<\/em><\/p>\n<p><strong>Research into Educational Needs of Police Management<\/strong><br \/>\n<em>Dr. Bc. J\u00e1n \u0160ug\u00e1r, CSc., Dr. Zden\u011bk Kova\u0159\u00edk, CSc., PhDr. Petr Jedin\u00e1k, Ph.D.<\/em><\/p>\n<hr \/>\n<p><a href=\"https:\/\/veda.polac.cz\/?page_id=1987&amp;lang=en\">Back<\/a><\/p>\n","protected":false},"excerpt":{"rendered":"<p>1. d\u00edl P\u0159edmluva Stalking -A New Crime doc. PhDr. Ludmila \u010c\u00edrtkov\u00e1, CSc. The Professional Psychological Services in Criminalistics PhDr. Jitka Vesel\u00e1 Neuropsychophysiological Correlate of Violent Crimes in the Context of Uncontrolled Affect MUDr. I. \u017dukov, CSc., PhDr. R. Pt\u00e1\u010dek, Ph.D., PhDr. S. Fischer, Ph.D. Contemporary Problems of Management and Informatics of Security Installations Ing. Milan [&hellip;]<\/p>\n","protected":false},"author":2,"featured_media":0,"parent":1987,"menu_order":51,"comment_status":"closed","ping_status":"closed","template":"","meta":{"footnotes":""},"class_list":["post-2236","page","type-page","status-publish","hentry"],"_links":{"self":[{"href":"https:\/\/veda.polac.cz\/index.php?rest_route=\/wp\/v2\/pages\/2236","targetHints":{"allow":["GET"]}}],"collection":[{"href":"https:\/\/veda.polac.cz\/index.php?rest_route=\/wp\/v2\/pages"}],"about":[{"href":"https:\/\/veda.polac.cz\/index.php?rest_route=\/wp\/v2\/types\/page"}],"author":[{"embeddable":true,"href":"https:\/\/veda.polac.cz\/index.php?rest_route=\/wp\/v2\/users\/2"}],"replies":[{"embeddable":true,"href":"https:\/\/veda.polac.cz\/index.php?rest_route=%2Fwp%2Fv2%2Fcomments&post=2236"}],"version-history":[{"count":2,"href":"https:\/\/veda.polac.cz\/index.php?rest_route=\/wp\/v2\/pages\/2236\/revisions"}],"predecessor-version":[{"id":4912,"href":"https:\/\/veda.polac.cz\/index.php?rest_route=\/wp\/v2\/pages\/2236\/revisions\/4912"}],"up":[{"embeddable":true,"href":"https:\/\/veda.polac.cz\/index.php?rest_route=\/wp\/v2\/pages\/1987"}],"wp:attachment":[{"href":"https:\/\/veda.polac.cz\/index.php?rest_route=%2Fwp%2Fv2%2Fmedia&parent=2236"}],"curies":[{"name":"wp","href":"https:\/\/api.w.org\/{rel}","templated":true}]}}