{"id":2234,"date":"2018-11-03T01:07:20","date_gmt":"2018-11-03T01:07:20","guid":{"rendered":"http:\/\/veda.polac.cz\/?page_id=2234"},"modified":"2019-04-24T09:59:49","modified_gmt":"2019-04-24T09:59:49","slug":"01-2019","status":"publish","type":"page","link":"https:\/\/veda.polac.cz\/?page_id=2234&lang=en","title":{"rendered":"01\/2009"},"content":{"rendered":"<p><a href=\"https:\/\/veda.polac.cz\/?page_id=4865&amp;lang=en\"><strong>Inspiration\u00a0Coming from Abroad Relating to the Information Exchange\u00a0and Collaboration of the Units Involved in the Terrorism Fighting<\/strong><\/a><br \/>\nMgr. Old\u0159ich Krul\u00edk, Ph.D.<\/p>\n<hr \/>\n<p><a href=\"https:\/\/veda.polac.cz\/?page_id=4879&amp;lang=en\"><strong>Chosen Aspects of the Phenomenon Terrorism<\/strong><\/a><br \/>\nplk. doc. PhDr. Marian Brzybohat\u00fd, Ph.D.<\/p>\n<hr \/>\n<p><a href=\"https:\/\/veda.polac.cz\/?page_id=4881&amp;lang=en\"><strong>Communication and Media Strategy of Global Jihad Movement<\/strong><\/a><br \/>\nMgr. Ji\u0159\u00ed Hodn\u00fd<\/p>\n<hr \/>\n<p><a href=\"https:\/\/veda.polac.cz\/?page_id=4883&amp;lang=en\"><strong>Subject of Evidence of Criminal Proceeds Legalization \u2013 Current State\u00a0and Development\u00a0\u00a0doc. JUDr. Mgr. Jana Viktoryov\u00e1, PhD.,\u00a0<\/strong><\/a><br \/>\nJUDr. J\u00e1n Palarec,\u00a0\u00a0JUDr. Jaroslav Blatnick\u00fd<\/p>\n<hr \/>\n<p><a href=\"https:\/\/veda.polac.cz\/?page_id=4885&amp;lang=en\"><strong>Analysis of Legislative Tools for Drawing Profits Ensuing from Criminal Activity \u2013 Lithunian Republic, I.<\/strong><\/a><br \/>\nJUDr. Jan Kur\u017eeja, pplk. JUDr. David Z\u00e1mek<\/p>\n<hr \/>\n<p><a href=\"https:\/\/veda.polac.cz\/?page_id=4887&amp;lang=en\"><strong>The Use of Dynamic Footage from CCTV System for Persons Identification<\/strong><\/a><br \/>\nIng. Ji\u0159\u00ed Jon\u00e1k, Ph.D,\u00a0\u00a0prof. PhDr. Ji\u0159\u00ed Straus, DrSc.<\/p>\n<hr \/>\n<p><a href=\"https:\/\/veda.polac.cz\/?page_id=4889&amp;lang=en\"><strong>Further Ways of the Use of Walk Analysis for Identification of Persons\u00a0According to Individual Functional and Dynamic Characteristic Features<\/strong><\/a><br \/>\nprof. JUDr. Ing. Viktor Porada, DrSc., doc. RNDr. Miroslav Janura, CSc.,<br \/>\nMgr. Zden\u011bk Svoboda, Ph.D.<\/p>\n<hr \/>\n<p><a href=\"https:\/\/veda.polac.cz\/?page_id=4891&amp;lang=en\"><strong>The Victimization in Cases of Missing Child<\/strong><\/a><br \/>\ndoc. PhDr. Ludmila \u010c\u00edrtkov\u00e1, CSc.<\/p>\n<hr \/>\n<p><a href=\"https:\/\/veda.polac.cz\/?page_id=4893&amp;lang=en\"><strong>Drug Crime Committed by the Vietnamese Organised Crime\u00a0in the Czech Republic<\/strong><\/a><br \/>\nBc. Tom\u00e1\u0161 Vl\u010dek<\/p>\n<hr \/>\n<p><a href=\"https:\/\/veda.polac.cz\/?page_id=4895&amp;lang=en\"><strong>Several Notes Dealing with the Police of the Czech Republic during Mass Disturbances of Public Order<\/strong><\/a><br \/>\ndoc. JUDr. Anton\u00edn Fil\u00e1k, CSc., Mgr. Zden\u011bk Chmela<\/p>\n<hr \/>\n<p><strong>Situation and Perspectives of\u00a0Penal Law and Penitentiary System\u00a0in Latvia<\/strong><br \/>\ndoc. PhDr. Stanislav Ne\u010das, CSc.<\/p>\n<hr \/>\n<p><strong>Book Review\u00a0\u00a0\u201cManagement of Professionals\u201d<\/strong><br \/>\nprof. PhDr. Ing. Bohuslav Mina\u0159\u00edk, CSc.<\/p>\n<hr \/>\n<p><strong>Personnel Management Challenges of the Czech European Council Presidency\u00a0<\/strong><br \/>\nIng. Milan Kn\u00fd, CSc.<\/p>\n<hr \/>\n<p><a href=\"https:\/\/veda.polac.cz\/?page_id=1987&amp;lang=en\">Back<\/a><\/p>\n","protected":false},"excerpt":{"rendered":"<p>Inspiration\u00a0Coming from Abroad Relating to the Information Exchange\u00a0and Collaboration of the Units Involved in the Terrorism Fighting Mgr. Old\u0159ich Krul\u00edk, Ph.D. Chosen Aspects of the Phenomenon Terrorism plk. doc. PhDr. Marian Brzybohat\u00fd, Ph.D. Communication and Media Strategy of Global Jihad Movement Mgr. Ji\u0159\u00ed Hodn\u00fd Subject of Evidence of Criminal Proceeds Legalization \u2013 Current State\u00a0and Development\u00a0\u00a0doc. [&hellip;]<\/p>\n","protected":false},"author":2,"featured_media":0,"parent":1987,"menu_order":50,"comment_status":"closed","ping_status":"closed","template":"","meta":{"footnotes":""},"class_list":["post-2234","page","type-page","status-publish","hentry"],"_links":{"self":[{"href":"https:\/\/veda.polac.cz\/index.php?rest_route=\/wp\/v2\/pages\/2234","targetHints":{"allow":["GET"]}}],"collection":[{"href":"https:\/\/veda.polac.cz\/index.php?rest_route=\/wp\/v2\/pages"}],"about":[{"href":"https:\/\/veda.polac.cz\/index.php?rest_route=\/wp\/v2\/types\/page"}],"author":[{"embeddable":true,"href":"https:\/\/veda.polac.cz\/index.php?rest_route=\/wp\/v2\/users\/2"}],"replies":[{"embeddable":true,"href":"https:\/\/veda.polac.cz\/index.php?rest_route=%2Fwp%2Fv2%2Fcomments&post=2234"}],"version-history":[{"count":3,"href":"https:\/\/veda.polac.cz\/index.php?rest_route=\/wp\/v2\/pages\/2234\/revisions"}],"predecessor-version":[{"id":4899,"href":"https:\/\/veda.polac.cz\/index.php?rest_route=\/wp\/v2\/pages\/2234\/revisions\/4899"}],"up":[{"embeddable":true,"href":"https:\/\/veda.polac.cz\/index.php?rest_route=\/wp\/v2\/pages\/1987"}],"wp:attachment":[{"href":"https:\/\/veda.polac.cz\/index.php?rest_route=%2Fwp%2Fv2%2Fmedia&parent=2234"}],"curies":[{"name":"wp","href":"https:\/\/api.w.org\/{rel}","templated":true}]}}