{"id":2228,"date":"2018-11-03T00:56:15","date_gmt":"2018-11-03T00:56:15","guid":{"rendered":"http:\/\/veda.polac.cz\/?page_id=2228"},"modified":"2019-04-24T10:03:17","modified_gmt":"2019-04-24T10:03:17","slug":"04-2009","status":"publish","type":"page","link":"https:\/\/veda.polac.cz\/?page_id=2228&lang=en","title":{"rendered":"04\/2009"},"content":{"rendered":"<p><strong>Czech Woman and Czech Man in Cyberspace:\u00a0<\/strong><br \/>\n<strong>Abridgement of the Report of the Research Team of Sociology and Psychology<\/strong><br \/>\n<strong>in the Security Research Project &#8222;Problems of Cyber Threats in Terms of Security Interests of the Czech Republic&#8220;<\/strong><br \/>\nPhDr. Petr Soukup and collective<\/p>\n<hr \/>\n<p><strong>Some Problems of Constitutional Decrees of the President of the Czech Republic in Connection with the Treaty of Lisbon<\/strong><br \/>\nMgr. Ale\u0161 Zp\u011bv\u00e1k, Mgr. Anna Pleierov\u00e1<\/p>\n<hr \/>\n<p><strong>Theory of Human Capital and Economic Quality of Education of Security Forces Members<\/strong><br \/>\nMgr. Franti\u0161ek H\u0159eb\u00edk, doc. Ing. PhDr. Karel \u0160r\u00e9dl, CSc.<\/p>\n<hr \/>\n<p><strong>Violence at Football Stadiums in the Czech Republic and Privatization of its Solution<\/strong><br \/>\nBc. Petr Kupka<\/p>\n<hr \/>\n<p><strong>Some Remarks on Evidence in Criminal Proceedings<\/strong><br \/>\ndoc. JUDr. Mgr. Jana Viktoryov\u00e1, PhD., Mgr. Lubo\u0161 Turek<\/p>\n<hr \/>\n<p><strong>Proposal of Traffic-Safety Measures From the Aspect of Traffic Engineering for the Solution of Critical Accident Areas<\/strong><br \/>\npplk. JUDr. Miroslav Felcan, PhD.<\/p>\n<hr \/>\n<p><strong>The Use of Modern Work Approaches with Uncertain Information for Crisis Management<\/strong><br \/>\nIng. Monika V\u00e1clavkov\u00e1<\/p>\n<hr \/>\n<p><strong>Knowledge Management In Police Services<\/strong><br \/>\ndoc. Ing. Ludmila Ml\u00e1dkov\u00e1, Ph.D.<\/p>\n<hr \/>\n<p><strong>Managerial Competences<\/strong><br \/>\nMgr. Anton\u00edn Slab\u00fd<\/p>\n<hr \/>\n<p><strong>Basis Terms of Management Education<\/strong><br \/>\nMgr. Anton\u00edn Slab\u00fd<\/p>\n<hr \/>\n<p><strong>The Camouflage and the Coverture of the Special-Interest Itemsi in Image Output of X-Ray Devices<\/strong><br \/>\nMgr. Jitka Johanidesov\u00e1<\/p>\n<hr \/>\n<p><strong>Rare Example of Censorship of Austrian Police<\/strong><br \/>\nMgr. Lubom\u00edr Uhl\u00ed\u0159<\/p>\n<hr \/>\n<p><strong>Review of Monographs &#8222;The successful Proposal for Research&#8220; and &#8222;Introduction to Quantitative Investigation&#8220;<\/strong><br \/>\nMgr. Anton\u00edn Slab\u00fd<\/p>\n<hr \/>\n<p><a href=\"https:\/\/veda.polac.cz\/?page_id=1987&amp;lang=en\">Back<\/a><\/p>\n","protected":false},"excerpt":{"rendered":"<p>Czech Woman and Czech Man in Cyberspace:\u00a0 Abridgement of the Report of the Research Team of Sociology and Psychology in the Security Research Project &#8222;Problems of Cyber Threats in Terms of Security Interests of the Czech Republic&#8220; PhDr. Petr Soukup and collective Some Problems of Constitutional Decrees of the President of the Czech Republic in [&hellip;]<\/p>\n","protected":false},"author":2,"featured_media":0,"parent":1987,"menu_order":47,"comment_status":"closed","ping_status":"closed","template":"","meta":{"footnotes":""},"class_list":["post-2228","page","type-page","status-publish","hentry"],"_links":{"self":[{"href":"https:\/\/veda.polac.cz\/index.php?rest_route=\/wp\/v2\/pages\/2228","targetHints":{"allow":["GET"]}}],"collection":[{"href":"https:\/\/veda.polac.cz\/index.php?rest_route=\/wp\/v2\/pages"}],"about":[{"href":"https:\/\/veda.polac.cz\/index.php?rest_route=\/wp\/v2\/types\/page"}],"author":[{"embeddable":true,"href":"https:\/\/veda.polac.cz\/index.php?rest_route=\/wp\/v2\/users\/2"}],"replies":[{"embeddable":true,"href":"https:\/\/veda.polac.cz\/index.php?rest_route=%2Fwp%2Fv2%2Fcomments&post=2228"}],"version-history":[{"count":2,"href":"https:\/\/veda.polac.cz\/index.php?rest_route=\/wp\/v2\/pages\/2228\/revisions"}],"predecessor-version":[{"id":4910,"href":"https:\/\/veda.polac.cz\/index.php?rest_route=\/wp\/v2\/pages\/2228\/revisions\/4910"}],"up":[{"embeddable":true,"href":"https:\/\/veda.polac.cz\/index.php?rest_route=\/wp\/v2\/pages\/1987"}],"wp:attachment":[{"href":"https:\/\/veda.polac.cz\/index.php?rest_route=%2Fwp%2Fv2%2Fmedia&parent=2228"}],"curies":[{"name":"wp","href":"https:\/\/api.w.org\/{rel}","templated":true}]}}