{"id":219,"date":"2018-09-08T06:49:48","date_gmt":"2018-09-08T06:49:48","guid":{"rendered":"http:\/\/veda.polac.cz\/?page_id=219"},"modified":"2024-08-09T12:15:35","modified_gmt":"2024-08-09T12:15:35","slug":"pokyny-autorum","status":"publish","type":"page","link":"https:\/\/veda.polac.cz\/?page_id=219","title":{"rendered":"Pokyny autor\u016fm"},"content":{"rendered":"<p>Do periodika <em>Bezpe\u010dnostn\u00ed teorie a praxe<\/em> jsou p\u0159ij\u00edm\u00e1ny p\u0159edev\u0161\u00edm odborn\u00e9 \u010dl\u00e1nky. Je t\u0159eba, aby v\u0161echny \u010dl\u00e1nky odpov\u00eddaly obsahov\u00e9mu zam\u011b\u0159en\u00ed \u010dasopisu vymezen\u00e9mu v\u00a0\u00favodn\u00ed str\u00e1nce webu (viz <a href=\"https:\/\/veda.polac.cz\/\">Posl\u00e1n\u00ed \u010dasopisu<\/a>). Stejn\u011b tak je nezbytn\u00e9, aby p\u0159edkl\u00e1dan\u00e9 rukopisy spl\u0148ovaly po\u017eadovan\u00e9 n\u00e1roky na form\u00e1ln\u00ed \u00fapravu.<\/p>\n<p>Rukopisy je mo\u017en\u00e9 p\u0159edlo\u017eit v \u010desk\u00e9m, slovensk\u00e9m a anglick\u00e9m jazyce.<\/p>\n<p><strong>Odborn\u00fd \u010dl\u00e1nek<\/strong><\/p>\n<ul>\n<li>Odborn\u00fd \u010dl\u00e1nek p\u0159in\u00e1\u0161\u00ed nov\u00e9 poznatky s\u00a0uveden\u00edm teoretick\u00fdch v\u00fdchodisek. Autor\u00a0zn\u00e1 aktu\u00e1ln\u00ed stav v\u011bdeck\u00e9 diskuse a orientuje se v cel\u00e9 historii problematiky.<\/li>\n<li>V\u00edt\u00e1ny jsou obzvl\u00e1\u0161t\u011b odborn\u00e9 \u010dl\u00e1nky, kter\u00e9 jsou st\u011b\u017eejn\u00edm v\u00fdstupem v\u00fdzkumu.<\/li>\n<li>Ze struktury odborn\u00e9ho \u010dl\u00e1nku vypl\u00fdv\u00e1, co je jeho p\u0159edm\u011btem a jak\u00fdmi p\u0159\u00edstupy a\u00a0metodami autor dosp\u011bl k\u00a0dosa\u017een\u00fdm v\u00fdsledk\u016fm.<\/li>\n<li>V\u00edt\u00e1me zejm\u00e9na \u010dl\u00e1nky mezin\u00e1rodn\u00edho v\u00fdznamu. Nevylu\u010dujeme v\u0161ak ani \u010dl\u00e1nky, kter\u00e9 jsou zakotveny v\u00a0n\u00e1rodn\u00edm \u010di region\u00e1ln\u00edm kontextu.<\/li>\n<li>Je z\u00e1sadn\u00ed, aby byla dodr\u017eena autorsk\u00e1 etika \u2013 viz Etick\u00e9 z\u00e1sady pro BTP.<\/li>\n<li>Maxim\u00e1ln\u00ed rozsah je 30 normostran. V\u00fdjimku lze ud\u011blit po domluv\u011b s\u00a0RR.<\/li>\n<li>My\u0161lenky vyj\u00e1d\u0159en\u00e9 v \u010dl\u00e1nku jsou \u00fapln\u00e9 a explicitn\u00ed, autor usiluje o objektivn\u00ed p\u0159\u00edstup k\u00a0dan\u00e9 problematice.<\/li>\n<\/ul>\n<p>Redakce nep\u0159ij\u00edm\u00e1 p\u0159\u00edsp\u011bvky ji\u017e jinde publikovan\u00e9 nebo nab\u00eddnut\u00e9 k publikaci, pokud by se jednalo o shodn\u00e9 zn\u011bn\u00ed a shodn\u00fd rozsah pr\u00e1ce, tzv. plagi\u00e1torstv\u00ed.<\/p>\n<p>P\u0159\u00edsp\u011bvky proch\u00e1zej\u00ed recenzn\u00edm \u0159\u00edzen\u00edm. Redak\u010dn\u00ed rada po\u017eaduje vypracov\u00e1n\u00ed dvou nez\u00e1visl\u00fdch posudk\u016f. Recenzent nesm\u00ed b\u00fdt zam\u011bstnancem stejn\u00e9 instituce jako autor \u010di n\u011bkter\u00fd ze spoluautor\u016f. Pro zachov\u00e1n\u00ed co nejvy\u0161\u0161\u00ed objektivity a kvality recenzn\u00edho \u0159\u00edzen\u00ed nen\u00ed recenzentovi sd\u011bleno jm\u00e9no autora a autorovi nen\u00ed sd\u011bleno jm\u00e9no recenzenta \u2013 <strong>Double-blind review<\/strong>.<\/p>\n<p>Posudek recenzenta je autorovi zasl\u00e1n e-mailem.\u00a0Recenzent doporu\u010duje \u010di nedoporu\u010duje p\u0159\u00edsp\u011bvek k\u00a0publikov\u00e1n\u00ed nebo, \u010deho by se m\u011blo t\u00fdkat p\u0159\u00edpadn\u00e9 p\u0159epracov\u00e1n\u00ed.<\/p>\n<p>Na z\u00e1klad\u011b recenzn\u00edch posudk\u016f redak\u010dn\u00ed rada rozhoduje o za\u0159azen\u00ed do jednotliv\u00fdch \u010d\u00edsel. Nedodr\u017een\u00ed stanoven\u00e9ho rozsahu je d\u016fvodem k vr\u00e1cen\u00ed p\u0159\u00edsp\u011bvku autorovi<\/p>\n<p><strong>Po\u017eadavky na zpracov\u00e1n\u00ed \u010dl\u00e1nk\u016f po technick\u00e9 str\u00e1nce<\/strong><\/p>\n<ul>\n<li>P\u0159\u00edsp\u011bvky je t\u0159eba p\u0159ed\u00e1vat v programu Word na e-mailovou adresu\u00a0<a href=\"mailto:btp@polac.cz\" target=\"_blank\" rel=\"noopener\">btp<u>@polac.cz<\/u><\/a>.<\/li>\n<li>Text \u010dl\u00e1nku ps\u00e1t jako hladk\u00fd text bez rozd\u011blov\u00e1n\u00ed slov; p\u00edsmo Arial, velikost\u00a012\u00a0bod\u016f; nadpis 18 bod\u016f; pozn\u00e1mky pod \u010darou p\u00edsmo Arial 11 bod\u016f.<\/li>\n<li>Pozn\u00e1mky k\u00a0textu a odkazy na citovanou literaturu umis\u0165ovat pod \u010darou automaticky programem Word, vyu\u017e\u00edvat pr\u016fb\u011b\u017en\u00e9 \u010d\u00edslov\u00e1n\u00ed.<\/li>\n<li>P\u0159i citov\u00e1n\u00ed literatury je t\u0159eba respektovat z\u00e1sady citov\u00e1n\u00ed odborn\u00e9 literatury dle platn\u00e9 \u010cSN.<\/li>\n<li>v textu podle pot\u0159eby zv\u00fdraz\u0148ovat jednotliv\u00e9 pas\u00e1\u017ee \u2013 mo\u017eno pou\u017e\u00edt kurz\u00edvu, tu\u010dn\u00fd text, (ale nepodtrh\u00e1vat) a jin\u00e9 grafick\u00e9 \u00fapravy pro lep\u0161\u00ed p\u0159ehlednost textu.<\/li>\n<li>Uv\u00e9st e-mailovou adresu, \u00faplnou adresu pracovi\u0161t\u011b a \u010d\u00edslo telefonu, \u010di jin\u00fd zp\u016fsob kontaktu (\u010desky i anglicky).<\/li>\n<li>Uv\u00e9st profesn\u00ed medailonek ka\u017ed\u00e9ho z\u00a0p\u0159isp\u00edvaj\u00edc\u00edch autor\u016f, a to v\u00a0\u010desk\u00e9m a\u00a0anglick\u00e9m jazyce (rozsah max. 500 znak\u016f).<\/li>\n<li>Zasl\u00e1n\u00edm p\u0159\u00edsp\u011bvku do redakce odborn\u00e9ho periodika\u00a0<em>Bezpe\u010dnostn\u00ed teorie a\u00a0praxe<\/em>autor\/\u0159i souhlas\u00ed s\u00a0jeho zve\u0159ejn\u011bn\u00edm v\u00a0digit\u00e1ln\u00ed i ti\u0161t\u011bn\u00e9 podob\u011b. Autorsk\u00e1 pr\u00e1va z\u016fst\u00e1vaj\u00ed zachov\u00e1na.<\/li>\n<li>Auto\u0159i jsou zodpov\u011bdni za to, \u017ee jejich p\u0159\u00edsp\u011bvek neobsahuje utajovan\u00e9 skute\u010dnosti.<\/li>\n<\/ul>\n<p style=\"background: white; margin: 0cm 0cm 6.0pt 0cm;\"><strong><span style=\"font-size: 10.5pt;\">\u00a0<\/span><\/strong><\/p>\n<p><strong>Povinn\u00e9 sou\u010d\u00e1sti p\u0159\u00edsp\u011bvku (viz <a href=\"https:\/\/veda.polac.cz\/wp-content\/uploads\/2023\/12\/sablona.pdf\" target=\"_blank\" rel=\"noopener\">\u0161ablona &#8211; odkaz<\/a>)<\/strong><\/p>\n<ul>\n<li>jm\u00e9no autora [autor\u016f] (k\u0159estn\u00ed jm\u00e9no a p\u0159\u00edjmen\u00ed latinkou) s tituly a sou\u010dasn\u00e9 pracovi\u0161t\u011b\/afiliace v\u010d. adresy obsahuj\u00edc\u00ed m\u011bsto a st\u00e1t pracovi\u0161t\u011b (anglicky);<\/li>\n<li>Researcher ID nebo ORCID;<\/li>\n<li>kontaktn\u00ed \u00fadaje v\u010detn\u011b e-mailov\u00e9 adresy v\u0161ech autor\u016f;<\/li>\n<li>n\u00e1zev p\u0159\u00edsp\u011bvku (v \u010desk\u00e9m i anglick\u00e9m jazyce) \u2013 nijak nezv\u00fdraz\u0148ovat;<\/li>\n<li>je-li text v\u00fdstupem grantov\u00e9ho projektu, uv\u00e9st tuto afiliaci a identifik\u00e1tor projektu (v\u00a0\u010desk\u00e9m i anglick\u00e9m jazyce);<\/li>\n<li>stru\u010dn\u00fd abstrakt p\u0159\u00edsp\u011bvku v \u010desk\u00e9m a anglick\u00e9m jazyce (3\u20135 \u0159\u00e1dk\u016f), abstrakt stru\u010dn\u011b popisuje nejv\u00fdznamn\u011bj\u0161\u00ed etapy v\u00fdzkumu a v\u00fdznamn\u00e9 v\u00fdsledky;<\/li>\n<li>kl\u00ed\u010dov\u00e1 slova, kter\u00e1 maj\u00ed vystihnout rozhoduj\u00edc\u00ed pojmy z dan\u00e9 pr\u00e1ce v \u010desk\u00e9m a\u00a0anglick\u00e9m jazyce (maxim\u00e1ln\u011b 7\u20138 slov);<\/li>\n<li>samotn\u00fd text p\u0159\u00edsp\u011bvku;<\/li>\n<li>seznam pou\u017eit\u00e9 literatury;<\/li>\n<li>profesn\u00ed medailonek v\u0161ech p\u0159isp\u00edvaj\u00edc\u00edch autor\u016f (v \u010desk\u00e9m i anglick\u00e9m jazyce).<\/li>\n<\/ul>\n<p>Dodr\u017eov\u00e1n\u00ed t\u011bchto z\u00e1sad umo\u017e\u0148uje zkr\u00e1tit dobu mezi odevzd\u00e1n\u00edm p\u0159\u00edsp\u011bvku a\u00a0jeho vyti\u0161t\u011bn\u00edm v periodiku.<\/p>\n<p><strong>Term\u00edny vyd\u00e1n\u00ed jednotliv\u00fdch \u010d\u00edsel<\/strong><br \/>\n31. b\u0159ezna<br \/>\n30. \u010dervna<br \/>\n30. z\u00e1\u0159\u00ed (anglojazy\u010dn\u00e9 \u010d\u00edslo)<br \/>\n31. prosince<\/p>\n<p style=\"text-align: right;\"><strong>Redak\u010dn\u00ed rada periodika PA \u010cR<\/strong><\/p>\n","protected":false},"excerpt":{"rendered":"<p>Do periodika Bezpe\u010dnostn\u00ed teorie a praxe jsou p\u0159ij\u00edm\u00e1ny p\u0159edev\u0161\u00edm odborn\u00e9 \u010dl\u00e1nky. Je t\u0159eba, aby v\u0161echny \u010dl\u00e1nky odpov\u00eddaly obsahov\u00e9mu zam\u011b\u0159en\u00ed \u010dasopisu vymezen\u00e9mu v\u00a0\u00favodn\u00ed str\u00e1nce webu (viz Posl\u00e1n\u00ed \u010dasopisu). Stejn\u011b tak je nezbytn\u00e9, aby p\u0159edkl\u00e1dan\u00e9 rukopisy spl\u0148ovaly po\u017eadovan\u00e9 n\u00e1roky na form\u00e1ln\u00ed \u00fapravu. Rukopisy je mo\u017en\u00e9 p\u0159edlo\u017eit v \u010desk\u00e9m, slovensk\u00e9m a anglick\u00e9m jazyce. Odborn\u00fd \u010dl\u00e1nek Odborn\u00fd \u010dl\u00e1nek p\u0159in\u00e1\u0161\u00ed [&hellip;]<\/p>\n","protected":false},"author":2,"featured_media":0,"parent":0,"menu_order":2,"comment_status":"closed","ping_status":"closed","template":"","meta":{"footnotes":""},"class_list":["post-219","page","type-page","status-publish","hentry"],"_links":{"self":[{"href":"https:\/\/veda.polac.cz\/index.php?rest_route=\/wp\/v2\/pages\/219","targetHints":{"allow":["GET"]}}],"collection":[{"href":"https:\/\/veda.polac.cz\/index.php?rest_route=\/wp\/v2\/pages"}],"about":[{"href":"https:\/\/veda.polac.cz\/index.php?rest_route=\/wp\/v2\/types\/page"}],"author":[{"embeddable":true,"href":"https:\/\/veda.polac.cz\/index.php?rest_route=\/wp\/v2\/users\/2"}],"replies":[{"embeddable":true,"href":"https:\/\/veda.polac.cz\/index.php?rest_route=%2Fwp%2Fv2%2Fcomments&post=219"}],"version-history":[{"count":16,"href":"https:\/\/veda.polac.cz\/index.php?rest_route=\/wp\/v2\/pages\/219\/revisions"}],"predecessor-version":[{"id":7447,"href":"https:\/\/veda.polac.cz\/index.php?rest_route=\/wp\/v2\/pages\/219\/revisions\/7447"}],"wp:attachment":[{"href":"https:\/\/veda.polac.cz\/index.php?rest_route=%2Fwp%2Fv2%2Fmedia&parent=219"}],"curies":[{"name":"wp","href":"https:\/\/api.w.org\/{rel}","templated":true}]}}