{"id":2079,"date":"2018-11-01T00:04:11","date_gmt":"2018-11-01T00:04:11","guid":{"rendered":"http:\/\/veda.polac.cz\/?page_id=2079"},"modified":"2019-04-22T09:07:51","modified_gmt":"2019-04-22T09:07:51","slug":"special-issue-2011","status":"publish","type":"page","link":"https:\/\/veda.polac.cz\/?page_id=2079&lang=en","title":{"rendered":"Special issue 2011"},"content":{"rendered":"<p><strong>Biomechanical Aspect of Clash Fight<\/strong><br \/>\nprof. PhDr. Ji\u0159\u00ed STRAUS, DrSc.<\/p>\n<hr \/>\n<p><strong>Biomechanical aspects of Direct hit and Statistical Testing of Relevance of Created Performance Groups<\/strong><br \/>\nprof. PhDr. Ji\u0159\u00ed STRAUS, DrSc., Dr. Zden\u011bk KOVA\u0158\u00cdK, CSc.<\/p>\n<hr \/>\n<p><strong>Experimental Findings how to Detect Low Alcohol Readings in Exhaled Air<\/strong><br \/>\ndoc. Ing. Jaroslav SUCH\u00c1NEK, CSc.<\/p>\n<hr \/>\n<p><strong>New Trends in Victimology<\/strong><br \/>\ndoc. PhDr. Ludmila \u010c\u00cdRTKOV\u00c1, CSc.<\/p>\n<hr \/>\n<p><strong>Toward Czech Conceptualization of Anti-Gypsyism<\/strong><br \/>\nMgr. Tom\u00e1\u0161 KAM\u00cdN<\/p>\n<hr \/>\n<p><strong>Information About Partial Research Task No. 1\/6 &#8222;Decision Making of Offenders of Criminal Activity According to Parameters of SITUATIONAL PREVENTION&#8220;<\/strong><br \/>\nPhDr. Marcela MOULISOV\u00c1, Ph.D., doc. JUDr. Ivana ZOUBKOV\u00c1, CSc.<\/p>\n<hr \/>\n<p><strong>Possibilities and Limites of Novelization the Law No. 84\/1990 Sb. on the Right of Assembly Including Comments Regarding the Impacts of Individual Changes<\/strong><br \/>\nMgr. Lenka BURDOV\u00c1<\/p>\n<hr \/>\n<p><strong>The Identification and Characterization of Selected Sociogenic Emergency Events\u00a0<\/strong><br \/>\nMgr. Lenka BURDOV\u00c1, Bc. Dr. J\u00e1n \u0160UG\u00c1R, CSc.<\/p>\n<hr \/>\n<p><strong>Current International Requirements Regarding the Safe Transport of Radioactive Material<\/strong><br \/>\ndoc. Ing. Jozef SABOL, DrSc., prof. Ing. Bed\u0159ich \u0160EST\u00c1K, DrSc.<\/p>\n<hr \/>\n<p><strong>How to Confront Radiological Terrorist Threats?<\/strong><br \/>\ndoc. Ing. Jozef SABOL, DrSc., prof. Ing. Bed\u0159ich \u0160EST\u00c1K, DrSc.<\/p>\n<hr \/>\n<p><strong>Cointegrational Analysis in Individual Equations of Quartely Time Series of Chosen Crime Rate and Unemployment Indicators in the Czech Republic<\/strong><br \/>\nDr. Zden\u011bk KOVA\u0158\u00cdK, CSc.<\/p>\n<hr \/>\n<p><strong>Verifying of Research Hypotheses by the Way of Substantive Significance<\/strong><br \/>\nDr. Zden\u011bk KOVA\u0158\u00cdK, CSc.<\/p>\n<hr \/>\n<p><strong>Particularities in Experience and Behaviour of Individuals and Social Groups in Emergency Situations<\/strong><br \/>\nJUDr. Mgr. Jo\u017ea SPURN\u00dd, Ph.D.<\/p>\n<hr \/>\n<p><strong>Krize z\u00e1padn\u00edho libertanistick\u00e9ho kapitalismu a mo\u017enosti pr\u00e1vov\u011bdy a st\u00e1tov\u011bdy &#8211; jak ji exaktn\u011b vz\u00edt na v\u011bdom\u00ed<\/strong><br \/>\ndoc. JUDr. Vladim\u00edr ZOUBEK, CSc.<\/p>\n<hr \/>\n<p><strong>Chosen Topical Problems of Police Security Activity<\/strong><br \/>\nMgr. Jozef T\u00d3TH, doc. PhDr. Kamil PAVL\u00cd\u010cEK, CSc., pplk. Mgr. Jind\u0159ich KOM\u00c1REK<\/p>\n<hr \/>\n<p><strong>Possibilities and Limits Concerning the Treatment of Delinquent Children in the Czech Republic.<\/strong><br \/>\npplk. PhDr. JUDr. Jana FIRSTOV\u00c1<\/p>\n<hr \/>\n<p><strong>System Analysis of Risk of Social Reintegration of Persons After Being Released From Prison Sentence (Protective Care, Protective Treatment) prt 3\/4<\/strong><br \/>\npplk. PhDr. JUDr. Jana FIRSTOV\u00c1<\/p>\n<hr \/>\n<p><strong>The Use of Non-Letal Coercive Means for Police Intervention<\/strong><br \/>\nJUDr. Martin KLOUBEK, Ph.D.<\/p>\n<hr \/>\n<p><strong>Pharmacologic Influence of Human Behaviour. Can it be Used in Police Intervention?<\/strong><br \/>\ndoc. MUDr. Ladislav HESS, DrSc., JUDr. Martin KLOUBEK, Ph.D.<\/p>\n<hr \/>\n<p><strong>Non-Lethal Weapon Systems &#8211; Technical and Tactical Aspects<\/strong><br \/>\nIng. Bohumil PLANKA, CSc., JUDr. Libor KOV\u00c1RN\u00cdK, Ph.D.<\/p>\n<hr \/>\n<p><strong>A Consideration How to Manage Quickly, Efficiently and in a Humane Way a Restless, Aggressive, Mentally ill Person, Who is Dangerous to Himself as Well as Its Surroundings.<\/strong><br \/>\nMUDr. Jan HUBERT<\/p>\n<hr \/>\n<p><strong>Information About the Research Project &#8222;Proposal of an Optimal Plan, Model of Complex Service Preparation of the Police of the CR&#8220;.<\/strong><br \/>\npplk. Mgr. Robert FIRST<\/p>\n<hr \/>\n<p><strong>&#8222;Integrity Test&#8220; in the Current (Second) Proposal of the Law on the General Inspectorate of Security Forces<\/strong><br \/>\npplk. JUDr. Josef HRUDKA, JUDr. Benedikt VANGELI<\/p>\n<hr \/>\n<p><strong>The Test of Integrity &#8211; Explications, Application, Effectivity<\/strong><br \/>\npplk. JUDr. Josef HRUDKA, JUDr. Benedikt VANGELI<\/p>\n<hr \/>\n<p><strong>Maltreatment of a Person Living in Common Dwelling and the Procedure of the Czech Police<\/strong><br \/>\nJUDr. Milan \u0160UBRT, Ph.D.<\/p>\n<hr \/>\n<p><strong>Phishing and Skimming Card From the Perspective of the Czech Criminal Law<\/strong><br \/>\npplk. JUDr. Petr VOLEVECK\u00dd, Ph.D.<\/p>\n<hr \/>\n<p><strong>Report on Progress of the Integrated Research Task 4\/3 System of Management of Public Organizations\u00a0<\/strong><br \/>\ndoc. Ing. Ludmila ML\u00c1DKOV\u00c1, Ph.D., PhDr. Petr JEDIN\u00c1K, Ph.D.<\/p>\n<hr \/>\n<p><strong>Leadership Skills of Managers of the Police of the Czech Republic<\/strong><br \/>\ndoc. Ing. Ludmila ML\u00c1DKOV\u00c1, Ph.D.<\/p>\n<hr \/>\n<p><strong>Systems for the Evaluation of Workers in State Organizations &#8211; Results From Completed Research\u00a0<\/strong><br \/>\nIng. Bc. Marek \u010cAND\u00cdK, Ph.D., PhDr. Petr JEDIN\u00c1K, Ph.D., Dr. Zden\u011bk KOVA\u0158\u00cdK, CSc.<\/p>\n<hr \/>\n<p><strong>Evaluation of Members of the Police of the Czech Republic &#8211; Importance of the Process of Evaluation and Its Methodology, Data Analysis of Research Outputs<\/strong><br \/>\nDr. Zden\u011bk KOVA\u0158\u00cdK, CSc., PhDr. Petr JEDIN\u00c1K, Ph.D.<\/p>\n<hr \/>\n<p><strong>Management of Cyber Crime<\/strong><br \/>\ndoc. RNDr. Josef PO\u017d\u00c1R, CSc., Ing. Milan KN\u00dd, CSc.<\/p>\n<hr \/>\n<p><strong>Legal Aspects of Cyber Crime Threats\u00a0<\/strong><br \/>\ndoc. RNDr. Josef PO\u017d\u00c1R, CSc., JUDr. \u0160t\u011bp\u00e1n KALAM\u00c1R, Ph.D.<\/p>\n<hr \/>\n<p><strong>Efektivnost ve\u0159ejn\u00e9ho sektoru<\/strong><br \/>\nIng. Milan KN\u00dd, CSc., Mgr. Franti\u0161ek H\u0158EB\u00cdK, Ph.D.<\/p>\n<hr \/>\n<p><strong>Testing as the Evaluation Form of Foreign Language Competence<\/strong><br \/>\ndoc. PhDr. V\u011bra POL\u00c1\u010cKOV\u00c1, CSc., doc. PhDr. Michaela P\u00cd\u0160OV\u00c1, CSc.<\/p>\n<hr \/>\n<p><strong>Didactic Test Construction and Their ICT-Based Assessment\u00a0<\/strong><br \/>\nMgr. Alena LUK\u00c1\u010cOV\u00c1, Ph.D.<\/p>\n<hr \/>\n<p><a href=\"https:\/\/veda.polac.cz\/?page_id=4105&amp;lang=en\">Resume of special isssue<\/a><\/p>\n<p><a href=\"https:\/\/veda.polac.cz\/?page_id=1987&amp;lang=en\">Back<\/a><\/p>\n","protected":false},"excerpt":{"rendered":"<p>Biomechanical Aspect of Clash Fight prof. PhDr. Ji\u0159\u00ed STRAUS, DrSc. Biomechanical aspects of Direct hit and Statistical Testing of Relevance of Created Performance Groups prof. PhDr. Ji\u0159\u00ed STRAUS, DrSc., Dr. Zden\u011bk KOVA\u0158\u00cdK, CSc. Experimental Findings how to Detect Low Alcohol Readings in Exhaled Air doc. Ing. Jaroslav SUCH\u00c1NEK, CSc. New Trends in Victimology doc. PhDr. [&hellip;]<\/p>\n","protected":false},"author":2,"featured_media":0,"parent":1987,"menu_order":41,"comment_status":"closed","ping_status":"closed","template":"","meta":{"footnotes":""},"class_list":["post-2079","page","type-page","status-publish","hentry"],"_links":{"self":[{"href":"https:\/\/veda.polac.cz\/index.php?rest_route=\/wp\/v2\/pages\/2079","targetHints":{"allow":["GET"]}}],"collection":[{"href":"https:\/\/veda.polac.cz\/index.php?rest_route=\/wp\/v2\/pages"}],"about":[{"href":"https:\/\/veda.polac.cz\/index.php?rest_route=\/wp\/v2\/types\/page"}],"author":[{"embeddable":true,"href":"https:\/\/veda.polac.cz\/index.php?rest_route=\/wp\/v2\/users\/2"}],"replies":[{"embeddable":true,"href":"https:\/\/veda.polac.cz\/index.php?rest_route=%2Fwp%2Fv2%2Fcomments&post=2079"}],"version-history":[{"count":2,"href":"https:\/\/veda.polac.cz\/index.php?rest_route=\/wp\/v2\/pages\/2079\/revisions"}],"predecessor-version":[{"id":4108,"href":"https:\/\/veda.polac.cz\/index.php?rest_route=\/wp\/v2\/pages\/2079\/revisions\/4108"}],"up":[{"embeddable":true,"href":"https:\/\/veda.polac.cz\/index.php?rest_route=\/wp\/v2\/pages\/1987"}],"wp:attachment":[{"href":"https:\/\/veda.polac.cz\/index.php?rest_route=%2Fwp%2Fv2%2Fmedia&parent=2079"}],"curies":[{"name":"wp","href":"https:\/\/api.w.org\/{rel}","templated":true}]}}