{"id":2077,"date":"2018-10-31T23:48:20","date_gmt":"2018-10-31T23:48:20","guid":{"rendered":"http:\/\/veda.polac.cz\/?page_id=2077"},"modified":"2019-04-22T16:09:42","modified_gmt":"2019-04-22T16:09:42","slug":"01-2011","status":"publish","type":"page","link":"https:\/\/veda.polac.cz\/?page_id=2077&lang=en","title":{"rendered":"01\/2011"},"content":{"rendered":"<p><a href=\"https:\/\/veda.polac.cz\/?page_id=4259&amp;lang=en\"><strong>Evaluation of Policemen of the Police of the Czech Republic &#8211; Results from the Research Carried out on Policemen Studying at the Police Academy of the Czech Republic in Prague. Part 1.<\/strong><\/a><br \/>\nPhDr. Petr Jedin\u00e1k, Ph.D., Dr. Bc. J\u00e1n \u0160ug\u00e1r, CSc.<\/p>\n<hr \/>\n<p><a href=\"https:\/\/veda.polac.cz\/?page_id=4261&amp;lang=en\"><strong>Since the Arms Race to a New Start Treaty<\/strong><\/a><br \/>\nJUDr. V\u00e1clav Mastn\u00fd<\/p>\n<hr \/>\n<p><a href=\"https:\/\/veda.polac.cz\/?page_id=4263&amp;lang=en\"><strong>Possible Trends of V4 Countries Security Cooperation<\/strong><\/a><br \/>\nPhDr. Libor Frank, Ph.D.<\/p>\n<hr \/>\n<p><a href=\"https:\/\/veda.polac.cz\/?page_id=4265&amp;lang=en\"><strong>Conceptualization of Organized Crime in the Word and in the Czech Republic<\/strong><\/a><br \/>\nJUDr. Ing. Olga Vojt\u011bchovsk\u00e1<\/p>\n<hr \/>\n<p><a href=\"https:\/\/veda.polac.cz\/?page_id=4268&amp;lang=en\"><strong>Discussions to Justice in Criminal Law\u00a0<\/strong><\/a><br \/>\ndoc. Dr. Jarmila Chovancov\u00e1, CSc.<\/p>\n<hr \/>\n<p><a href=\"https:\/\/veda.polac.cz\/?page_id=4270&amp;lang=en\"><strong>The Role of the Private Subjects in the Fight Against Illegal and Undesirable Content on the Internet<\/strong><\/a><br \/>\nRNDr. V\u00e1clav Hn\u00edk, CSc., Mgr. Old\u0159ich Krul\u00edk, Ph.D.<br \/>\ndoc. RNDr. Josef Po\u017e\u00e1r, CSc.<\/p>\n<hr \/>\n<p><a href=\"https:\/\/veda.polac.cz\/?page_id=4272&amp;lang=en\"><strong>Wiretapping Little Differently. Part 1.<\/strong><\/a><br \/>\nMgr. Bc. Pavel M\u00e1lek<\/p>\n<hr \/>\n<p><a href=\"https:\/\/veda.polac.cz\/?page_id=4275&amp;lang=en\"><strong>The Investigation of the Crimes against Environment: Some Aspects of the Tactics of Crime Scene Examination<\/strong><\/a><br \/>\nOderij, A. V.<\/p>\n<hr \/>\n<p><a href=\"https:\/\/veda.polac.cz\/?page_id=4277&amp;lang=en\"><strong>State Control as a Tool for Increasing Efficiency of Transport<\/strong><\/a><br \/>\nSobakar, A. A.<\/p>\n<hr \/>\n<p><a href=\"https:\/\/veda.polac.cz\/?page_id=4279&amp;lang=en\"><strong>Airport Security after the 9\/11: The Case of London Heathrow Airport<\/strong><\/a><br \/>\nBc. Lud\u011bk Moravec<\/p>\n<hr \/>\n<p><a href=\"https:\/\/veda.polac.cz\/?page_id=4281&amp;lang=en\"><strong>Voluntary Activities with Safety Goals<\/strong><\/a><br \/>\nMgr. Michal Ku\u010dera, doc. JUDr. PhDr. Miroslav Mare\u0161, Ph.D.<\/p>\n<hr \/>\n<p><a href=\"https:\/\/veda.polac.cz\/?page_id=4283&amp;lang=en\"><strong>Selected Aspects of Police Manager\u00b4s Education in the Context of Actual Needs of Modern Society<\/strong><\/a><br \/>\nIng. \u013dubica Bari\u010di\u010dov\u00e1, Ph.D.<\/p>\n<hr \/>\n<p><a href=\"https:\/\/veda.polac.cz\/?page_id=4285&amp;lang=en\"><strong>Criminal Police Inspection Kriminalpolizeinspektion Mit Zentralaufgaben Obervaly. Part II.<\/strong><\/a><br \/>\npplk. JUDr. David Z\u00e1mek, JUDr. Jan Kur\u017eeja, Ph.D.<br \/>\nIng. Vratislav Dvo\u0159\u00e1k, Ph.D.<\/p>\n<hr \/>\n<p><a href=\"https:\/\/veda.polac.cz\/?page_id=4287&amp;lang=en\"><strong>Countries of Western Balkans: Promising Partner for Cooperation Part 1 Croatia and Slovenia<\/strong><\/a><br \/>\nMgr. Luk\u00e1\u0161 Harazin, Mgr. Old\u0159ich Krul\u00edk, Ph.D.<br \/>\nIng. Alen Stranjik, prof. Ing. Bed\u0159ich \u0160est\u00e1k, DrSc.<\/p>\n<hr \/>\n<p><strong>Developmental Aspects of Security Management in the Risk Environment &#8211; a Virtual Conference\u00a0<\/strong><br \/>\nIng. Milan Kn\u00fd, CSc.<\/p>\n<hr \/>\n<p><a href=\"https:\/\/veda.polac.cz\/?page_id=1987&amp;lang=en\">Back<\/a><\/p>\n","protected":false},"excerpt":{"rendered":"<p>Evaluation of Policemen of the Police of the Czech Republic &#8211; Results from the Research Carried out on Policemen Studying at the Police Academy of the Czech Republic in Prague. Part 1. PhDr. Petr Jedin\u00e1k, Ph.D., Dr. Bc. J\u00e1n \u0160ug\u00e1r, CSc. Since the Arms Race to a New Start Treaty JUDr. V\u00e1clav Mastn\u00fd Possible Trends [&hellip;]<\/p>\n","protected":false},"author":2,"featured_media":0,"parent":1987,"menu_order":40,"comment_status":"closed","ping_status":"closed","template":"","meta":{"footnotes":""},"class_list":["post-2077","page","type-page","status-publish","hentry"],"_links":{"self":[{"href":"https:\/\/veda.polac.cz\/index.php?rest_route=\/wp\/v2\/pages\/2077","targetHints":{"allow":["GET"]}}],"collection":[{"href":"https:\/\/veda.polac.cz\/index.php?rest_route=\/wp\/v2\/pages"}],"about":[{"href":"https:\/\/veda.polac.cz\/index.php?rest_route=\/wp\/v2\/types\/page"}],"author":[{"embeddable":true,"href":"https:\/\/veda.polac.cz\/index.php?rest_route=\/wp\/v2\/users\/2"}],"replies":[{"embeddable":true,"href":"https:\/\/veda.polac.cz\/index.php?rest_route=%2Fwp%2Fv2%2Fcomments&post=2077"}],"version-history":[{"count":3,"href":"https:\/\/veda.polac.cz\/index.php?rest_route=\/wp\/v2\/pages\/2077\/revisions"}],"predecessor-version":[{"id":4291,"href":"https:\/\/veda.polac.cz\/index.php?rest_route=\/wp\/v2\/pages\/2077\/revisions\/4291"}],"up":[{"embeddable":true,"href":"https:\/\/veda.polac.cz\/index.php?rest_route=\/wp\/v2\/pages\/1987"}],"wp:attachment":[{"href":"https:\/\/veda.polac.cz\/index.php?rest_route=%2Fwp%2Fv2%2Fmedia&parent=2077"}],"curies":[{"name":"wp","href":"https:\/\/api.w.org\/{rel}","templated":true}]}}