{"id":2074,"date":"2018-10-31T23:45:12","date_gmt":"2018-10-31T23:45:12","guid":{"rendered":"http:\/\/veda.polac.cz\/?page_id=2074"},"modified":"2019-04-22T10:15:23","modified_gmt":"2019-04-22T10:15:23","slug":"02-2011","status":"publish","type":"page","link":"https:\/\/veda.polac.cz\/?page_id=2074&lang=en","title":{"rendered":"02\/2011"},"content":{"rendered":"<p><a href=\"https:\/\/veda.polac.cz\/?page_id=4211&amp;lang=en\"><strong>Some Questions of Portrait Making or Image Records of Policemen on Duty\u00a0<\/strong><\/a><br \/>\nprof. JUDr. Vladim\u00edr Plecit\u00fd, CSc.<\/p>\n<hr \/>\n<p><a href=\"https:\/\/veda.polac.cz\/?page_id=4213&amp;lang=en\"><strong>The Basic Conditions of Permissible Inerference with Fundamental Rights Police Conduct and Freedoms in the Slovak Republic (from the Perspective of the Police Corps Act)<\/strong><\/a><br \/>\nmjr. JUDr. Martin Cu\u013eba, pplk. JUDr. Miroslav Felcan, PhD.<\/p>\n<hr \/>\n<p><a href=\"https:\/\/veda.polac.cz\/?page_id=4216&amp;lang=en\"><strong>Biometric System in the Frame-Work of Forensic Dactyloscopy &#8211; AFIS BIS<\/strong><\/a><br \/>\nprof. PhDr. Ji\u0159\u00ed Straus, DrSc., Dagmar Slobodzianov\u00e1<\/p>\n<hr \/>\n<p><a href=\"https:\/\/veda.polac.cz\/?page_id=4219&amp;lang=en\"><strong>Forensic Assessment of Expartner Stalking <\/strong><\/a><br \/>\ndoc. PhDr. Ludmila \u010c\u00edrtkov\u00e1, CSc.<\/p>\n<hr \/>\n<p><a href=\"https:\/\/veda.polac.cz\/?page_id=4222&amp;lang=en\"><strong>Psychological Profile of &#8222;Hackers&#8220; <\/strong><\/a><br \/>\nJUDr. Petr Vo\u0159\u00ed\u0161ek<\/p>\n<hr \/>\n<p><a href=\"https:\/\/veda.polac.cz\/?page_id=4225&amp;lang=en\"><strong>Theoretical and Methodological Resources to Research into Negative Social Phenomena of Large Extent\u00a0<\/strong><\/a><br \/>\nMgr. Lenka Burdov\u00e1, Dr. Bc. J\u00e1n \u0160ug\u00e1r, CSc.<\/p>\n<hr \/>\n<p><a href=\"https:\/\/veda.polac.cz\/?page_id=4228&amp;lang=en\"><strong>Criminal Police Inspection Kriminalpolizeinspektion Mit Zentralaufgaben Obervaly. Part II.\u00a0<\/strong><\/a><br \/>\npplk. JUDr. David Z\u00e1mek, JUDr. Jan Kur\u017eeja, Ph.D Ing. Vratislav Dvo\u0159\u00e1k, Ph.D.<\/p>\n<hr \/>\n<p><a href=\"https:\/\/veda.polac.cz\/?page_id=4231&amp;lang=en\"><strong>Research Carried out on Policemen Studying at the Police Academy of the Czech Republic in Prague. Part 2.\u00a0<\/strong><\/a><br \/>\nPhDr. Petr Jedin\u00e1k, Ph.D., Dr. Bc. J\u00e1n \u0160ug\u00e1r, CSc.<\/p>\n<hr \/>\n<p><a href=\"https:\/\/veda.polac.cz\/?page_id=4234&amp;lang=en\"><strong>Several Remarks about the Procedural Status of an Accused Juvenile in the Infringement Proceedings\u00a0<\/strong><\/a><br \/>\ndoc. JUDr. Eva Horzinkov\u00e1, Ph.D.<\/p>\n<hr \/>\n<p><a href=\"https:\/\/veda.polac.cz\/?page_id=4237&amp;lang=en\"><strong>Wiretapping Little Differently. Part 2. <\/strong><\/a><br \/>\nMgr. Bc. Pavel M\u00e1lek<\/p>\n<hr \/>\n<p><a href=\"https:\/\/veda.polac.cz\/?page_id=4239&amp;lang=en\"><strong>Recruitment Practices of Sects. Introduction to the Problem <\/strong><\/a><br \/>\nPhDr. Josef Smol\u00edk, Ph.D.<\/p>\n<hr \/>\n<p><a href=\"https:\/\/veda.polac.cz\/?page_id=4241&amp;lang=en\"><strong>Some Notes to Key Words Manager and Leader <\/strong><\/a><br \/>\nIng. Kl\u00e1ra Horzinkov\u00e1<\/p>\n<hr \/>\n<p><a href=\"https:\/\/veda.polac.cz\/?page_id=4243&amp;lang=en\"><strong>Countries of Western Balkans: <\/strong><\/a><br \/>\n<strong>Promising Partner for Cooperation Part 2. Serbia<\/strong><br \/>\nMgr. Luk\u00e1\u0161 Harazin, Mgr. Old\u0159ich Krul\u00edk, Ph.D., Alen Stranjik, prof. Ing. Bed\u0159ich \u0160est\u00e1k, DrSc.<\/p>\n<hr \/>\n<p><a href=\"https:\/\/veda.polac.cz\/?page_id=1987&amp;lang=en\">Back<\/a><\/p>\n","protected":false},"excerpt":{"rendered":"<p>Some Questions of Portrait Making or Image Records of Policemen on Duty\u00a0 prof. JUDr. Vladim\u00edr Plecit\u00fd, CSc. The Basic Conditions of Permissible Inerference with Fundamental Rights Police Conduct and Freedoms in the Slovak Republic (from the Perspective of the Police Corps Act) mjr. JUDr. Martin Cu\u013eba, pplk. JUDr. Miroslav Felcan, PhD. Biometric System in the [&hellip;]<\/p>\n","protected":false},"author":2,"featured_media":0,"parent":1987,"menu_order":39,"comment_status":"closed","ping_status":"closed","template":"","meta":{"footnotes":""},"class_list":["post-2074","page","type-page","status-publish","hentry"],"_links":{"self":[{"href":"https:\/\/veda.polac.cz\/index.php?rest_route=\/wp\/v2\/pages\/2074","targetHints":{"allow":["GET"]}}],"collection":[{"href":"https:\/\/veda.polac.cz\/index.php?rest_route=\/wp\/v2\/pages"}],"about":[{"href":"https:\/\/veda.polac.cz\/index.php?rest_route=\/wp\/v2\/types\/page"}],"author":[{"embeddable":true,"href":"https:\/\/veda.polac.cz\/index.php?rest_route=\/wp\/v2\/users\/2"}],"replies":[{"embeddable":true,"href":"https:\/\/veda.polac.cz\/index.php?rest_route=%2Fwp%2Fv2%2Fcomments&post=2074"}],"version-history":[{"count":3,"href":"https:\/\/veda.polac.cz\/index.php?rest_route=\/wp\/v2\/pages\/2074\/revisions"}],"predecessor-version":[{"id":4245,"href":"https:\/\/veda.polac.cz\/index.php?rest_route=\/wp\/v2\/pages\/2074\/revisions\/4245"}],"up":[{"embeddable":true,"href":"https:\/\/veda.polac.cz\/index.php?rest_route=\/wp\/v2\/pages\/1987"}],"wp:attachment":[{"href":"https:\/\/veda.polac.cz\/index.php?rest_route=%2Fwp%2Fv2%2Fmedia&parent=2074"}],"curies":[{"name":"wp","href":"https:\/\/api.w.org\/{rel}","templated":true}]}}