{"id":2068,"date":"2018-10-31T23:36:18","date_gmt":"2018-10-31T23:36:18","guid":{"rendered":"http:\/\/veda.polac.cz\/?page_id=2068"},"modified":"2019-04-22T06:20:20","modified_gmt":"2019-04-22T06:20:20","slug":"special-issue-2012","status":"publish","type":"page","link":"https:\/\/veda.polac.cz\/?page_id=2068&lang=en","title":{"rendered":"Special issue 2012"},"content":{"rendered":"<p><strong>Biomechanical Analysis of Dynamic Head Loading During Various Types of Blows<\/strong><br \/>\nprof. PhDr. Ji\u0159\u00ed Straus, DrSc., JUDr. Zden\u011bk Sad\u00edlek, Ph.D., Mgr. Filip Danko, Mgr. Lucie Filipensk\u00e1<\/p>\n<hr \/>\n<p><strong>Commentbon a Personal Identification by Walking Rate\u00a0<\/strong><br \/>\nprof. PhDr. Ji\u0159\u00ed Straus, DrSc., doc. Ing. Ji\u0159\u00ed Jon\u00e1k, Ph.D.<\/p>\n<hr \/>\n<p><strong>Human Injury Criteria Related to Extreme Dynamic Loading of Organism<\/strong><br \/>\nprof. PhDr. Ji\u0159\u00ed Straus, DrSc.<\/p>\n<hr \/>\n<p><strong>Domestic Violence in Later Life\u00a0<\/strong><br \/>\ndoc. PhDr. Ludmila \u010c\u00edrtkov\u00e1, CSc.<\/p>\n<hr \/>\n<p><strong>Psycholinguistic Profilig of a Case of a Series of Threatening ANONYMOUS Letters\u00a0<\/strong><br \/>\nV\u00e1clava Musilov\u00e1, PhDr. Jitka Vesel\u00e1, Ph.D.<\/p>\n<hr \/>\n<p><strong>Using the Techniques of Neutralization by Offenders\u00a0<\/strong><br \/>\nPhDr. Marcela Moulisov\u00e1, Ph.D.<\/p>\n<hr \/>\n<p><strong>Research of Perpetrators According to the Types of Crime\u00a0<\/strong><br \/>\ndoc. JUDr. Ivana Zoubkov\u00e1, CSc.<\/p>\n<hr \/>\n<p><strong>New Knowledge Resulting from the Research Task: &#8222;Accuracy and Correctness of Detecting Low Concentration of Ethyl Alcohol in Exhaled Breath of Humans.&#8220;\u00a0<\/strong><br \/>\ndoc. Ing. Jaroslav Such\u00e1nek, CSc.<\/p>\n<hr \/>\n<p><strong>Comparison of Selected Aspects of the Legislation the Law on the Right (Freedom) of Assembly in the Czech Rebublic and the Federal Republic of Germany\u00a0<\/strong><br \/>\nMgr. Lenka Burdov\u00e1, Mgr. Alena Kro\u010dov\u00e1<\/p>\n<hr \/>\n<p><strong>Legal Instruments to Regulate Marches and Demonstrations &#8222;Extremists&#8220; in Places Open to the Public\u00a0<\/strong><br \/>\nMgr. Lenka Burdov\u00e1<\/p>\n<hr \/>\n<p><strong>Communication With the Public in Emergency Situations, With an Emphasis on Sociogenic Incidents: Regional Sources of Information About the Recommended Behavior in Large Scale Security and Public Order Disruptions\u00a0<\/strong><br \/>\nMgr. Old\u0159ich Krul\u00edk, Ph.D.<\/p>\n<hr \/>\n<p><strong>State of oil Emergency and Related Crime\u00a0<\/strong><br \/>\nMgr. Luk\u00e1\u0161 Harazin, Mgr. Ji\u0159\u00ed Hru\u0161ka<\/p>\n<hr \/>\n<p><strong>Identification and Characterization of Selected Negative Social Phenomena as Possible Threats\u00a0<\/strong><br \/>\nDr. Bc. J\u00e1n \u0160ug\u00e1r, CSc.<\/p>\n<hr \/>\n<p><strong>Military and Police Engagement of the Czech Republic Outside the State Territory Under the Terms of the Contemporary International Relations Crisis\u00a0<\/strong><br \/>\ndoc. JUDr. Vladim\u00edr Zoubek, CSc.<\/p>\n<hr \/>\n<p><strong>Co-Integration of Quarterly Time Series of Burglary Criminal Offences and Recorded Unemployment Rate in the Czech Republic\u00a0<\/strong><br \/>\nDr. Zden\u011bk Kova\u0159\u00edk, CSc.<\/p>\n<hr \/>\n<p><strong>Analysis the Sphere of the Road Transport Offences\u00a0<\/strong><br \/>\nMgr. Jind\u0159ich Kom\u00e1rek<\/p>\n<hr \/>\n<p><strong>Impact of Alcohol and Distraction on the Human Reaction Time\u00a0<\/strong><br \/>\nprof. PhDr. Ji\u0159\u00ed Straus, DrSc., Mgr. Filip Danko<\/p>\n<hr \/>\n<p><strong>Pr\u00fcm Convention. Pr\u00fcm Decisions &#8211; a new International System of International Data Exchange in the Field of Fingerprint Data\u00a0<\/strong><br \/>\nprof. PhDr. Ji\u0159\u00ed Straus, DrSc., pplk. Mgr. Jan Bure\u0161 Ph.D., por. Bc Dagmar Slobodzianov\u00e1<\/p>\n<hr \/>\n<p><strong>\u00a0Value Orientation of the Youth With in the Context of Criminological Research\u00a0<\/strong><br \/>\nrada pplk. PhDr. JUDr. Jana Firstov\u00e1, Dr. Zden\u011bk Kova\u0159\u00edk, CSc.<\/p>\n<hr \/>\n<p><strong>&#8222;Analyses of the Relevant Strategic and Analythical Documents in the Area of Integrity Tests in the Czech Republic&#8220;\u00a0<\/strong><br \/>\npplk. JUDr. Josef Hrudka, JUDr. Benedikt Vangeli<\/p>\n<hr \/>\n<p><strong>Technical Means and Their Use in Detection of Crime Activities With Extremist Under-Meaning\u00a0<\/strong><br \/>\nIng. Zden\u011bk \u0160venda<\/p>\n<hr \/>\n<p><strong>Voice Identification in Forensic Practice\u00a0<\/strong><br \/>\nIng. Zden\u011bk \u0160venda<\/p>\n<hr \/>\n<p><strong>Ability of Specially Trained Dogs to Detect Nitromethane in the Mixture With Senzitizers\u00a0<\/strong><br \/>\nIng. Ludv\u00edk Pinc, Ing. Robert Maty\u00e1\u0161, Ph.D., Ing. Ji\u0159\u00ed Pachm\u00e1\u0148, Ph.D., Ing. Jakub \u0160ele\u0161ovsk\u00fd, Ph.D., JUDr. Martin Kloubek, Ph.D.<\/p>\n<hr \/>\n<p><strong>Dog\u00b4s Ability to Identify Humans Scent After Being Exposed to Flowing Water\u00a0<\/strong><br \/>\nIng. Milena Santariov\u00e1, Bc. Andrea P\u00edsa\u0159\u00edkov\u00e1, JUDr. Martin Kloubek Ph.D., Ing. Petra Vyplelov\u00e1, Ing. Ludv\u00edk Pinc<\/p>\n<hr \/>\n<p><strong>Science of Criminal Law and Juvenile Criminal Law\u00a0<\/strong><br \/>\nJUDr. Milan \u0160ubrt, Ph.D.<\/p>\n<hr \/>\n<p><strong>Gross Negligence and Traffic Criminal Offences on Roads\u00a0<\/strong><br \/>\nJUDr. Miroslav Polcar, Ph.D.<\/p>\n<hr \/>\n<p><strong>Plant Drugs and Juvenile Persons\u00a0<\/strong><br \/>\npplk. JUDr. Ji\u0159\u00ed Hru\u0161ka<\/p>\n<hr \/>\n<p><strong>Report on the Ongoing Research Task No. 3\/10 &#8222;Prospective Enhancement of Shooting Training&#8220;, Characteristics and Basic Challenges\u00a0<\/strong><br \/>\nplk. Mgr. Karel Kadlec, Ph.D.<\/p>\n<hr \/>\n<p><strong>Establishing and Successes of Extreme Right in Europe and National Front in France\u00a0<\/strong><br \/>\nMgr. \u0160t\u011bp\u00e1n Strnad, doc. Dr. Ing. \u0160tefan Danics, Ph.D.<\/p>\n<hr \/>\n<p><strong>What is Racism?\u00a0<\/strong><br \/>\nMgr. Tom\u00e1\u0161 Kam\u00edn<\/p>\n<hr \/>\n<p><strong>How to Put Professional Ethics Into Practice or About Disobedience and Heroism as Key Aspects of Decent Conduct\u00a0<\/strong><br \/>\nPhDr. Mgr. David Kr\u00e1msk\u00fd, Ph.D.<\/p>\n<hr \/>\n<p><strong>Professional Morale or Professional Ethics? (an Attempt to Critically Review &#8222;Self-Evident Terminology&#8220;)\u00a0<\/strong><br \/>\nPhDr. Petr Nesvadba, CSc.<\/p>\n<hr \/>\n<p><strong>Report on Progress of the Integrated Research Task 4\/3 System of Management of Public Organizations\u00a0<\/strong><br \/>\nPhDr. Petr Jedin\u00e1k, Ph.D.<\/p>\n<hr \/>\n<p><strong>Specification of Good Governance Concept in Context of International and National Documents\u00a0<\/strong><br \/>\ndoc. JUDr. Eva Horzinkov\u00e1, Ph.D., JUDr. Zden\u011bk Fiala<\/p>\n<hr \/>\n<p><strong>Outline of Genesis of the Legislation Short Term Administrative Ofences Proceedings\u00a0<\/strong><br \/>\nJUDr. Zden\u011bk Fiala, JUDr. Lidya Ottov\u00e1<\/p>\n<hr \/>\n<p><strong>Basic Principals of Good Governance\u00a0<\/strong><br \/>\nJUDr. Zden\u011bk Fiala<\/p>\n<hr \/>\n<p><strong>Language Tests Moderation as an Integral Part of Language Tests Construction\u00a0<\/strong><br \/>\nPhDr. Vladim\u00edra Zav\u00e1zalov\u00e1<\/p>\n<hr \/>\n<p><a href=\"https:\/\/veda.polac.cz\/?page_id=3909&amp;lang=en\">Resume of special issue<\/a><\/p>\n<p><a href=\"https:\/\/veda.polac.cz\/?page_id=1987&amp;lang=en\">Back<\/a><\/p>\n","protected":false},"excerpt":{"rendered":"<p>Biomechanical Analysis of Dynamic Head Loading During Various Types of Blows prof. PhDr. Ji\u0159\u00ed Straus, DrSc., JUDr. Zden\u011bk Sad\u00edlek, Ph.D., Mgr. Filip Danko, Mgr. Lucie Filipensk\u00e1 Commentbon a Personal Identification by Walking Rate\u00a0 prof. PhDr. Ji\u0159\u00ed Straus, DrSc., doc. Ing. Ji\u0159\u00ed Jon\u00e1k, Ph.D. Human Injury Criteria Related to Extreme Dynamic Loading of Organism prof. PhDr. [&hellip;]<\/p>\n","protected":false},"author":2,"featured_media":0,"parent":1987,"menu_order":36,"comment_status":"closed","ping_status":"closed","template":"","meta":{"footnotes":""},"class_list":["post-2068","page","type-page","status-publish","hentry"],"_links":{"self":[{"href":"https:\/\/veda.polac.cz\/index.php?rest_route=\/wp\/v2\/pages\/2068","targetHints":{"allow":["GET"]}}],"collection":[{"href":"https:\/\/veda.polac.cz\/index.php?rest_route=\/wp\/v2\/pages"}],"about":[{"href":"https:\/\/veda.polac.cz\/index.php?rest_route=\/wp\/v2\/types\/page"}],"author":[{"embeddable":true,"href":"https:\/\/veda.polac.cz\/index.php?rest_route=\/wp\/v2\/users\/2"}],"replies":[{"embeddable":true,"href":"https:\/\/veda.polac.cz\/index.php?rest_route=%2Fwp%2Fv2%2Fcomments&post=2068"}],"version-history":[{"count":3,"href":"https:\/\/veda.polac.cz\/index.php?rest_route=\/wp\/v2\/pages\/2068\/revisions"}],"predecessor-version":[{"id":3913,"href":"https:\/\/veda.polac.cz\/index.php?rest_route=\/wp\/v2\/pages\/2068\/revisions\/3913"}],"up":[{"embeddable":true,"href":"https:\/\/veda.polac.cz\/index.php?rest_route=\/wp\/v2\/pages\/1987"}],"wp:attachment":[{"href":"https:\/\/veda.polac.cz\/index.php?rest_route=%2Fwp%2Fv2%2Fmedia&parent=2068"}],"curies":[{"name":"wp","href":"https:\/\/api.w.org\/{rel}","templated":true}]}}