{"id":2064,"date":"2018-10-31T23:26:17","date_gmt":"2018-10-31T23:26:17","guid":{"rendered":"http:\/\/veda.polac.cz\/?page_id=2064"},"modified":"2019-04-22T07:01:46","modified_gmt":"2019-04-22T07:01:46","slug":"02-2012","status":"publish","type":"page","link":"https:\/\/veda.polac.cz\/?page_id=2064&lang=en","title":{"rendered":"02\/2012"},"content":{"rendered":"<p><a href=\"https:\/\/veda.polac.cz\/?page_id=4009&amp;lang=en\"><strong>Application of International Humanitarian Law Standards <\/strong><\/a><br \/>\nJUDr. Pavel Li\u0161ka<\/p>\n<hr \/>\n<p><a href=\"https:\/\/veda.polac.cz\/?page_id=4012&amp;lang=en\"><strong>Contemporary Interpretation of Personal Jihad. Analysis of Selected Papers of Magazine Inspire <\/strong><\/a><br \/>\nBc. Iveta Hlouchov\u00e1, doc. JUDr. PhDr. Miroslav Mare\u0161, Ph.D.<\/p>\n<hr \/>\n<p><a href=\"https:\/\/veda.polac.cz\/?page_id=4015&amp;lang=en\"><strong>New act on Medical Services <\/strong><\/a><br \/>\nprof. JUDr. Vladim\u00edr Plecit\u00fd, CSc.<\/p>\n<hr \/>\n<p><a href=\"https:\/\/veda.polac.cz\/?page_id=4018&amp;lang=en\"><strong>Issues of Legal Classification of the Offence and the Effectiveness of the Administrative Punishment <\/strong><\/a><br \/>\nJUDr. Lydia Ottov\u00e1<\/p>\n<hr \/>\n<p><a href=\"https:\/\/veda.polac.cz\/?page_id=4021&amp;lang=en\"><strong>Prison Privatization &#8211; Latest Trend or Anachronism? <\/strong><\/a><br \/>\nMgr. Petr Martinovsk\u00fd<\/p>\n<hr \/>\n<p><a href=\"https:\/\/veda.polac.cz\/?page_id=4024&amp;lang=en\"><strong>Selected Issues of the Act on Criminal Liability of Legal Entities and Proceedings against Legal Entities by the Act 418\/2011 Col.<\/strong><\/a><br \/>\nJUDr. Vladim\u00edr Plecit\u00fd<\/p>\n<hr \/>\n<p><a href=\"https:\/\/veda.polac.cz\/?page_id=4027&amp;lang=en\"><strong>Recent Reflexions on Freedom of Speech Issues With Focus on Extremist Behaviour <\/strong><\/a><br \/>\nJUDr. Ale\u0161 Zp\u011bv\u00e1k<\/p>\n<hr \/>\n<p><a href=\"https:\/\/veda.polac.cz\/?page_id=4030&amp;lang=en\"><strong>The Origin, Development and Current State of Crime in the Slovak Republic<\/strong><\/a><br \/>\nMgr. \u0160tefan Zeman<\/p>\n<hr \/>\n<p><a href=\"https:\/\/veda.polac.cz\/?page_id=4032&amp;lang=en\"><strong>The Intelligence Service, its Powers and Authority <\/strong><\/a><br \/>\nJUDr. Ladislav Pokorn\u00fd, Ph.D.<\/p>\n<hr \/>\n<p><a href=\"https:\/\/veda.polac.cz\/?page_id=4035&amp;lang=en\"><strong>Youth Violence from the Perspective of Contemporary Forensic Psychology <\/strong><\/a><br \/>\ndoc. PhDr. Ludmila \u010c\u00edrtkov\u00e1, CSc.<\/p>\n<hr \/>\n<p><a href=\"https:\/\/veda.polac.cz\/?page_id=4038&amp;lang=en\"><strong>Tailoring in Management of Human Resources &#8211; a new Approach of Managers of an Organization in the Staff Administration<\/strong><\/a><br \/>\nPhDr. Petr Jedin\u00e1k, Ph.D.<\/p>\n<hr \/>\n<p><a href=\"https:\/\/veda.polac.cz\/?page_id=4041&amp;lang=en\"><strong>Changes in Legal System of the Czech Republic in the Fieldof Activities of the Fire Rescue Service <\/strong><\/a><br \/>\nplk. JUDr. Franti\u0161ek Vavera, Ph.D.<\/p>\n<hr \/>\n<p><a href=\"https:\/\/veda.polac.cz\/?page_id=4044&amp;lang=en\"><strong>Particularities of Police Slang <\/strong><\/a><br \/>\nMgr. Alena Luk\u00e1\u010dov\u00e1, Ph.D., JUDr. Martin Kloubek, Ph.D.<\/p>\n<hr \/>\n<p><strong>Reviews of the Publicaton: Kova\u0159\u00edk, Zden\u011bk, Pavel Krej\u010d\u00ed &#8222;Cooperation of the Police of the Czech Reepublic with the Public&#8220; <\/strong><br \/>\nprof. PhDr. Ji\u0159\u00ed Straus, DrSc.<\/p>\n<hr \/>\n<p><strong>Information abou the Final International Conference <\/strong><br \/>\nplk. JUDr. Franti\u0161ek Vavera, Ph.D.<\/p>\n<hr \/>\n<p><strong>Information abou International Scientific Conference &#8222;Solution of Crisis Situations in a Specific Environment&#8220;<\/strong><br \/>\nMgr. Jaroslava Nov\u00e1kov\u00e1<\/p>\n<hr \/>\n<p><a href=\"https:\/\/veda.polac.cz\/?page_id=1987&amp;lang=en\">Back<\/a><\/p>\n","protected":false},"excerpt":{"rendered":"<p>Application of International Humanitarian Law Standards JUDr. Pavel Li\u0161ka Contemporary Interpretation of Personal Jihad. Analysis of Selected Papers of Magazine Inspire Bc. Iveta Hlouchov\u00e1, doc. JUDr. PhDr. Miroslav Mare\u0161, Ph.D. New act on Medical Services prof. JUDr. Vladim\u00edr Plecit\u00fd, CSc. Issues of Legal Classification of the Offence and the Effectiveness of the Administrative Punishment JUDr. [&hellip;]<\/p>\n","protected":false},"author":2,"featured_media":0,"parent":1987,"menu_order":34,"comment_status":"closed","ping_status":"closed","template":"","meta":{"footnotes":""},"class_list":["post-2064","page","type-page","status-publish","hentry"],"_links":{"self":[{"href":"https:\/\/veda.polac.cz\/index.php?rest_route=\/wp\/v2\/pages\/2064","targetHints":{"allow":["GET"]}}],"collection":[{"href":"https:\/\/veda.polac.cz\/index.php?rest_route=\/wp\/v2\/pages"}],"about":[{"href":"https:\/\/veda.polac.cz\/index.php?rest_route=\/wp\/v2\/types\/page"}],"author":[{"embeddable":true,"href":"https:\/\/veda.polac.cz\/index.php?rest_route=\/wp\/v2\/users\/2"}],"replies":[{"embeddable":true,"href":"https:\/\/veda.polac.cz\/index.php?rest_route=%2Fwp%2Fv2%2Fcomments&post=2064"}],"version-history":[{"count":2,"href":"https:\/\/veda.polac.cz\/index.php?rest_route=\/wp\/v2\/pages\/2064\/revisions"}],"predecessor-version":[{"id":4047,"href":"https:\/\/veda.polac.cz\/index.php?rest_route=\/wp\/v2\/pages\/2064\/revisions\/4047"}],"up":[{"embeddable":true,"href":"https:\/\/veda.polac.cz\/index.php?rest_route=\/wp\/v2\/pages\/1987"}],"wp:attachment":[{"href":"https:\/\/veda.polac.cz\/index.php?rest_route=%2Fwp%2Fv2%2Fmedia&parent=2064"}],"curies":[{"name":"wp","href":"https:\/\/api.w.org\/{rel}","templated":true}]}}