{"id":2062,"date":"2018-10-31T23:23:06","date_gmt":"2018-10-31T23:23:06","guid":{"rendered":"http:\/\/veda.polac.cz\/?page_id=2062"},"modified":"2019-04-22T06:47:15","modified_gmt":"2019-04-22T06:47:15","slug":"03-2012","status":"publish","type":"page","link":"https:\/\/veda.polac.cz\/?page_id=2062&lang=en","title":{"rendered":"03\/2012"},"content":{"rendered":"<p><a href=\"https:\/\/veda.polac.cz\/?page_id=3964&amp;lang=en\"><strong>Further Advancement in the Lifelong Education of Policemen at the Police Academy of the Czech Republic in Prague\u00a0<\/strong><\/a><br \/>\nBc. Dr. J\u00e1n \u0160ug\u00e1r, CSc.<\/p>\n<hr \/>\n<p><a href=\"https:\/\/veda.polac.cz\/?page_id=3967&amp;lang=en\"><strong>The Use of Specific Means for Documenting Corruption Offenses (Scientific Study)\u00a0<\/strong><\/a><br \/>\nJUDr. \u0160tefan Ko\u010dan, PhD.<\/p>\n<hr \/>\n<p><a href=\"https:\/\/veda.polac.cz\/?page_id=3970&amp;lang=en\"><strong>The Functioning of Crisis Management System in Poland. Threats and Citizen Safety During Critical Situation &#8211; Flood in Bogatynia 2010. Research Report<\/strong><\/a><br \/>\nJacek Dworzecki PhD.<\/p>\n<hr \/>\n<p><a href=\"https:\/\/veda.polac.cz\/?page_id=3973&amp;lang=en\"><strong>Importance and Benefits of an Congress on Crime Prevention a and Criminal Justice<\/strong><\/a><br \/>\npplk. Mgr. Barbora Vegrichtov\u00e1, MBA<\/p>\n<hr \/>\n<p><a href=\"https:\/\/veda.polac.cz\/?page_id=3976&amp;lang=en\"><strong>Does the Czech Republic Need the Law of Crime Prevention?<\/strong><\/a><br \/>\nJUDr. Roman Svato\u0161, Ph.D.<\/p>\n<hr \/>\n<p><a href=\"https:\/\/veda.polac.cz\/?page_id=3979&amp;lang=en\"><strong>Some Possibilities of Taking Dactyloscopic Prints from the Skin of Corpses<\/strong><\/a><br \/>\nprof. PhDr. Ji\u0159\u00ed Straus, DrSc., JUDr. Franti\u0161ek D\u011bdi\u010d\u00edk<\/p>\n<hr \/>\n<p><a href=\"https:\/\/veda.polac.cz\/?page_id=3982&amp;lang=en\"><strong>Several Notes on the Course of ActionTaken before Commencing the Administrative Procedure<\/strong><\/a><br \/>\ndoc. JUDr. Eva Horzinkov\u00e1, Ph.D.<\/p>\n<hr \/>\n<p><a href=\"https:\/\/veda.polac.cz\/?page_id=3985&amp;lang=en\"><strong>Collective Violence: Theory and Practice<\/strong><\/a><br \/>\nPhDr. Josef Smol\u00edk, Ph.D., Mgr. et Mgr. Kate\u0159ina Tvrd\u00e1<\/p>\n<hr \/>\n<p><a href=\"https:\/\/veda.polac.cz\/?page_id=3988&amp;lang=en\"><strong>Emission Security Theory<\/strong><\/a><br \/>\nIng. et Ing. Kate\u0159ina Sulovsk\u00e1, doc. Mgr. Milan Ad\u00e1mek, Ph.D.<\/p>\n<hr \/>\n<p><a href=\"https:\/\/veda.polac.cz\/?page_id=3991&amp;lang=en\"><strong>Criminality and its Effect on the Merchant Image<\/strong><\/a><br \/>\nIng. Pavel Kulf\u00e1nek<\/p>\n<hr \/>\n<p><a href=\"https:\/\/veda.polac.cz\/?page_id=3994&amp;lang=en\"><strong>Private Security Services in the Baltics: the Models of Functioning in Three Smaller European Countries (Part I)<\/strong><\/a><br \/>\nMgr. Old\u0159ich Krul\u00edk, Ph.D.<\/p>\n<hr \/>\n<p><strong>The International week within the framework of Lower Saxony Police Academy<\/strong><br \/>\nMgr. Old\u0159ich Krul\u00edk, Ph.D.<\/p>\n<hr \/>\n<p><strong>Review of the publication &#8222;Critical Infrastructure Protection&#8220;<\/strong><br \/>\nMgr. Jaroslava Nov\u00e1kov\u00e1, Mgr. Old\u0159ich Krul\u00edk, Ph.D<\/p>\n<hr \/>\n<p><strong>Review of the publication &#8222;Human resources management&#8220;<\/strong><br \/>\nMgr. Anton\u00edn Slab\u00fd, Ph.D.<\/p>\n<hr \/>\n<p><a href=\"https:\/\/veda.polac.cz\/?page_id=1987&amp;lang=en\">Back<\/a><\/p>\n","protected":false},"excerpt":{"rendered":"<p>Further Advancement in the Lifelong Education of Policemen at the Police Academy of the Czech Republic in Prague\u00a0 Bc. Dr. J\u00e1n \u0160ug\u00e1r, CSc. The Use of Specific Means for Documenting Corruption Offenses (Scientific Study)\u00a0 JUDr. \u0160tefan Ko\u010dan, PhD. The Functioning of Crisis Management System in Poland. Threats and Citizen Safety During Critical Situation &#8211; Flood [&hellip;]<\/p>\n","protected":false},"author":2,"featured_media":0,"parent":1987,"menu_order":33,"comment_status":"closed","ping_status":"closed","template":"","meta":{"footnotes":""},"class_list":["post-2062","page","type-page","status-publish","hentry"],"_links":{"self":[{"href":"https:\/\/veda.polac.cz\/index.php?rest_route=\/wp\/v2\/pages\/2062","targetHints":{"allow":["GET"]}}],"collection":[{"href":"https:\/\/veda.polac.cz\/index.php?rest_route=\/wp\/v2\/pages"}],"about":[{"href":"https:\/\/veda.polac.cz\/index.php?rest_route=\/wp\/v2\/types\/page"}],"author":[{"embeddable":true,"href":"https:\/\/veda.polac.cz\/index.php?rest_route=\/wp\/v2\/users\/2"}],"replies":[{"embeddable":true,"href":"https:\/\/veda.polac.cz\/index.php?rest_route=%2Fwp%2Fv2%2Fcomments&post=2062"}],"version-history":[{"count":2,"href":"https:\/\/veda.polac.cz\/index.php?rest_route=\/wp\/v2\/pages\/2062\/revisions"}],"predecessor-version":[{"id":3997,"href":"https:\/\/veda.polac.cz\/index.php?rest_route=\/wp\/v2\/pages\/2062\/revisions\/3997"}],"up":[{"embeddable":true,"href":"https:\/\/veda.polac.cz\/index.php?rest_route=\/wp\/v2\/pages\/1987"}],"wp:attachment":[{"href":"https:\/\/veda.polac.cz\/index.php?rest_route=%2Fwp%2Fv2%2Fmedia&parent=2062"}],"curies":[{"name":"wp","href":"https:\/\/api.w.org\/{rel}","templated":true}]}}