{"id":2055,"date":"2018-10-31T22:51:02","date_gmt":"2018-10-31T22:51:02","guid":{"rendered":"http:\/\/veda.polac.cz\/?page_id=2055"},"modified":"2019-04-24T07:48:11","modified_gmt":"2019-04-24T07:48:11","slug":"01-2013","status":"publish","type":"page","link":"https:\/\/veda.polac.cz\/?page_id=2055&lang=en","title":{"rendered":"01\/2013"},"content":{"rendered":"<p><a href=\"https:\/\/veda.polac.cz\/?page_id=4711&amp;lang=en\"><strong>Selected Means of Fight Against Corruption in the Private and Public Law\u00a0<\/strong><\/a><br \/>\nJUDr. Blanka V\u00edtov\u00e1, Ph.D., LL.M.<\/p>\n<hr \/>\n<p><a href=\"https:\/\/veda.polac.cz\/?page_id=4713&amp;lang=en\"><strong>Security Risks Associated with the Growth of Unemployment of Economically Active Population\u00a0<\/strong><\/a><br \/>\nIng, Erika Urb\u00e1nkov\u00e1, doc. Ing. Josef Br\u010d\u00e1k, CSc., Mgr. Franti\u0161ek H\u0159eb\u00edk, Ph.D.<\/p>\n<hr \/>\n<p><a href=\"https:\/\/veda.polac.cz\/?page_id=4715&amp;lang=en\"><strong>Contemporary Ultra-Leftist Violence in Central Eastern Europe\u00a0<\/strong><\/a><br \/>\ndoc. JUDr. PhDr. Miroslav Mare\u0161, JUDr. et Mgr. \u0160t\u011bp\u00e1n V\u00fdborn\u00fd<\/p>\n<hr \/>\n<p><a href=\"https:\/\/veda.polac.cz\/?page_id=4717&amp;lang=en\"><strong>The Search for Interest Right-wing Extremists Sites on the Internet\u00a0<\/strong><\/a><br \/>\nkpt. Mgr. Luk\u00e1\u0161 Vil\u00edm<\/p>\n<hr \/>\n<p><a href=\"https:\/\/veda.polac.cz\/?page_id=4719&amp;lang=en\"><strong>Co-Integration Analysis of Yearly Time Series of Selected Statistical Data Of the Police of the Czech Republic<\/strong><\/a><br \/>\nDr. Zden\u011bk Kova\u0159\u00edk, CSc.<\/p>\n<hr \/>\n<p><a href=\"https:\/\/veda.polac.cz\/?page_id=4722&amp;lang=en\"><strong>Decision Making of Subjects Under the Conditions of Risks and Insurety in Case of Tax Delinquency\u00a0<\/strong><\/a><br \/>\nMgr. Franti\u0161ek H\u0159eb\u00edk, Ph.D., doc. Ing. PhDr. Karel \u0160r\u00e9dl, CSc.<\/p>\n<hr \/>\n<p><a href=\"https:\/\/veda.polac.cz\/?page_id=4724&amp;lang=en\"><strong>Protection of Personal Rights in new Civil Code\u00a0<\/strong><\/a><br \/>\nprof. JUDr. Vladim\u00edr Plecit\u00fd, CSc.<\/p>\n<hr \/>\n<p><a href=\"https:\/\/veda.polac.cz\/?page_id=4726&amp;lang=en\"><strong>Victim Proneness\u00a0<\/strong><\/a><br \/>\ndoc. PhDr. Ludmila \u010c\u00edrtkov\u00e1, CSc.<\/p>\n<hr \/>\n<p><a href=\"https:\/\/veda.polac.cz\/?page_id=4728&amp;lang=en\"><strong>Wearing of Shoes in Dependence on Time\u00a0<\/strong><\/a><br \/>\nprof. PhDr. Ji\u0159\u00ed Straus, DrSc., Mgr. Martin Vom\u00e1\u010dka<\/p>\n<hr \/>\n<p><a href=\"https:\/\/veda.polac.cz\/?page_id=4730&amp;lang=en\"><strong>Posibilities of Measuring job Satisfaction Among Police Officers: Dantzker\u00b4s job Satisfaction Scale Adaptation for Slovak Police Environment Using Factor Analysis\u00a0<\/strong><\/a><br \/>\nMgr. Jana Karasov\u00e1<\/p>\n<hr \/>\n<p><a href=\"https:\/\/veda.polac.cz\/?page_id=4732&amp;lang=en\"><strong>Scenarios &#8211; the Management Instrument for Uncertain Future\u00a0<\/strong><\/a><br \/>\nIng. Stanislav Burian, Ph.D.<\/p>\n<hr \/>\n<p><a href=\"https:\/\/veda.polac.cz\/?page_id=4734&amp;lang=en\"><strong>Functions of Knowledge Management and Security Intelligence\u00a0<\/strong><\/a><br \/>\nIng. Bc. Lud\u011bk Mich\u00e1lek<\/p>\n<hr \/>\n<p><a href=\"https:\/\/veda.polac.cz\/?page_id=4736&amp;lang=en\"><strong>Brainstorming\u00a0<\/strong><\/a><br \/>\nPhDr. Josef Smol\u00edk, Ph.D., Mgr. et Mgr. Petra Papie\u017eov\u00e1-Vejvodov\u00e1<\/p>\n<hr \/>\n<p><strong>Czech Society of Criminology &#8211; I. criminological days &#8211; 30. &#8211; 31. 1. 2013\u00a0<\/strong><br \/>\nMgr. et Ing. et Bc. Viera Jonsztov\u00e1<\/p>\n<hr \/>\n<p><a href=\"https:\/\/veda.polac.cz\/?page_id=1987&amp;lang=en\">Back<\/a><\/p>\n","protected":false},"excerpt":{"rendered":"<p>Selected Means of Fight Against Corruption in the Private and Public Law\u00a0 JUDr. Blanka V\u00edtov\u00e1, Ph.D., LL.M. Security Risks Associated with the Growth of Unemployment of Economically Active Population\u00a0 Ing, Erika Urb\u00e1nkov\u00e1, doc. Ing. Josef Br\u010d\u00e1k, CSc., Mgr. Franti\u0161ek H\u0159eb\u00edk, Ph.D. Contemporary Ultra-Leftist Violence in Central Eastern Europe\u00a0 doc. JUDr. PhDr. Miroslav Mare\u0161, JUDr. et [&hellip;]<\/p>\n","protected":false},"author":2,"featured_media":0,"parent":1987,"menu_order":31,"comment_status":"closed","ping_status":"closed","template":"","meta":{"footnotes":""},"class_list":["post-2055","page","type-page","status-publish","hentry"],"_links":{"self":[{"href":"https:\/\/veda.polac.cz\/index.php?rest_route=\/wp\/v2\/pages\/2055","targetHints":{"allow":["GET"]}}],"collection":[{"href":"https:\/\/veda.polac.cz\/index.php?rest_route=\/wp\/v2\/pages"}],"about":[{"href":"https:\/\/veda.polac.cz\/index.php?rest_route=\/wp\/v2\/types\/page"}],"author":[{"embeddable":true,"href":"https:\/\/veda.polac.cz\/index.php?rest_route=\/wp\/v2\/users\/2"}],"replies":[{"embeddable":true,"href":"https:\/\/veda.polac.cz\/index.php?rest_route=%2Fwp%2Fv2%2Fcomments&post=2055"}],"version-history":[{"count":3,"href":"https:\/\/veda.polac.cz\/index.php?rest_route=\/wp\/v2\/pages\/2055\/revisions"}],"predecessor-version":[{"id":4739,"href":"https:\/\/veda.polac.cz\/index.php?rest_route=\/wp\/v2\/pages\/2055\/revisions\/4739"}],"up":[{"embeddable":true,"href":"https:\/\/veda.polac.cz\/index.php?rest_route=\/wp\/v2\/pages\/1987"}],"wp:attachment":[{"href":"https:\/\/veda.polac.cz\/index.php?rest_route=%2Fwp%2Fv2%2Fmedia&parent=2055"}],"curies":[{"name":"wp","href":"https:\/\/api.w.org\/{rel}","templated":true}]}}