{"id":2053,"date":"2018-10-31T22:47:24","date_gmt":"2018-10-31T22:47:24","guid":{"rendered":"http:\/\/veda.polac.cz\/?page_id=2053"},"modified":"2019-04-24T09:03:24","modified_gmt":"2019-04-24T09:03:24","slug":"02-2013","status":"publish","type":"page","link":"https:\/\/veda.polac.cz\/?page_id=2053&lang=en","title":{"rendered":"02\/2013"},"content":{"rendered":"<p><a href=\"https:\/\/veda.polac.cz\/?page_id=4738&amp;lang=en\"><strong>Co-Integration Analysis of Annual Time Series of Selected Statistics of the Police of the Czech Republic\u00a0<\/strong><\/a><br \/>\nDr. Zden\u011bk Kova\u0159\u00edk, CSc.<\/p>\n<hr \/>\n<p><a href=\"https:\/\/veda.polac.cz\/?page_id=4755&amp;lang=en\"><strong>Internal System for Evaluation of the Quality of Education at the Academy of the Police Force in Bratislava<\/strong><\/a><br \/>\ndoc. JUDr. \u013dubo\u0161 W\u00e4ldl, PhD., prof. Ing. Jozef Hal\u00e1dik, PhD.<\/p>\n<hr \/>\n<p><a href=\"https:\/\/veda.polac.cz\/?page_id=4757&amp;lang=en\"><strong>Influence of Legislative Changes to Crime and Crime Statistics\u00a0<\/strong><\/a><br \/>\nJUDr. Roman Svato\u0161, Ph.D.<\/p>\n<hr \/>\n<p><a href=\"https:\/\/veda.polac.cz\/?page_id=4760&amp;lang=en\"><strong>Impact of Private Security Companies on the Perceptions of Security in the Czech Republic\u00a0<\/strong><\/a><br \/>\ndoc. Mgr. Old\u0159ich Bure\u0161, Ph.D., M.A<\/p>\n<hr \/>\n<p><a href=\"https:\/\/veda.polac.cz\/?page_id=4762&amp;lang=en\"><strong>Functions of Knowledge Management and Security Intelligence\u00a0<\/strong><\/a><br \/>\nIng. Bc. Lud\u011bk Mich\u00e1lek<\/p>\n<hr \/>\n<p><a href=\"https:\/\/veda.polac.cz\/?page_id=4764&amp;lang=en\"><strong>Outline Legislation Offenses Launched by the Design and Historical Context\u00a0<\/strong><\/a><br \/>\ndoc. JUDr. Eva Horzinkov\u00e1, Ph.D.<\/p>\n<hr \/>\n<p><a href=\"https:\/\/veda.polac.cz\/?page_id=4767&amp;lang=en\"><strong>The Law Regulations Enabling Legal Procedures to Repress Right- Wing Extremism on Internet\u00a0<\/strong><\/a><br \/>\nkpt. Mgr. Luk\u00e1\u0161 Vil\u00edm<\/p>\n<hr \/>\n<p><a href=\"https:\/\/veda.polac.cz\/?page_id=4769&amp;lang=en\"><strong>On Problems of Criminalistic Version Subjects\u00a0<\/strong><\/a><br \/>\nJUDr. Mgr. Jaroslava Hrab\u011btov\u00e1<\/p>\n<hr \/>\n<p><a href=\"https:\/\/veda.polac.cz\/?page_id=4773&amp;lang=en\"><strong>Use of Preliminary Passengers Assessment Syst\u00e9m &#8222;Global Security Database for Aviation&#8220; at Airports\u00a0<\/strong><\/a><br \/>\nBc. Ing. Daniel Mar\u0161\u00e1lek, Bc. Ondrej Palat\u00e1\u0161, doc. Mgr. Ing. Radom\u00edr \u0160\u010durek, Ph.D<\/p>\n<hr \/>\n<p><a href=\"https:\/\/veda.polac.cz\/?page_id=4775&amp;lang=en\"><strong>The Awareness of Liaison Officers about Work with Minorities and the Phenomenon of so Called Political Extremism: Probe\u00a0<\/strong><\/a><br \/>\nPhDr. Josef Smol\u00edk, Ph.D., Mgr. Alena Kajanov\u00e1, Ph.D.<\/p>\n<hr \/>\n<p><a href=\"https:\/\/veda.polac.cz\/?page_id=4777&amp;lang=en\"><strong>Specificity of Football Hooliganism and its Prevention\u00a0<\/strong><\/a><br \/>\nkpt. JUDr. Petr Kou\u0159il<\/p>\n<hr \/>\n<p><a href=\"https:\/\/veda.polac.cz\/?page_id=4779&amp;lang=en\"><strong>Defensive Sprays and Ignition Hazards after Using Electric Control Device\u00a0<\/strong><\/a><br \/>\nMgr. Marek Radosta<\/p>\n<hr \/>\n<p><strong>Theology, Ethics and Social Work (Two Reflections on the Publications from the Field of Applied Human Rights Issues )<\/strong><br \/>\nPhDr. Petr Nesvadba, CSc.<\/p>\n<hr \/>\n<p><strong>Seminar on Prison Service held on 10th January 2013 in Prague\u00a0<\/strong><br \/>\nMgr. et. Ing. et. Bc. Viera Jonsztov\u00e1<\/p>\n<hr \/>\n<p><strong>Information on the International Expert Seminar of MEPA -&#8222;Right-wing Extremism in the Terms of the Criminal Police &#8220;\u00a0<\/strong><br \/>\nIng. Bc. Lud\u011bk Mich\u00e1lek, pplk. Mgr. Barbora Vegrichtov\u00e1, MBA<\/p>\n<hr \/>\n<p><strong>Mykolas Romeris University as the Perspective Partner of the Police Academy of the Czech Republic in Prague\u00a0<\/strong><br \/>\nBc. Mat\u011bj Ettler<\/p>\n<hr \/>\n<p><a href=\"https:\/\/veda.polac.cz\/?page_id=1987&amp;lang=en\">Back<\/a><\/p>\n","protected":false},"excerpt":{"rendered":"<p>Co-Integration Analysis of Annual Time Series of Selected Statistics of the Police of the Czech Republic\u00a0 Dr. Zden\u011bk Kova\u0159\u00edk, CSc. Internal System for Evaluation of the Quality of Education at the Academy of the Police Force in Bratislava doc. JUDr. \u013dubo\u0161 W\u00e4ldl, PhD., prof. Ing. Jozef Hal\u00e1dik, PhD. Influence of Legislative Changes to Crime and [&hellip;]<\/p>\n","protected":false},"author":2,"featured_media":0,"parent":1987,"menu_order":30,"comment_status":"closed","ping_status":"closed","template":"","meta":{"footnotes":""},"class_list":["post-2053","page","type-page","status-publish","hentry"],"_links":{"self":[{"href":"https:\/\/veda.polac.cz\/index.php?rest_route=\/wp\/v2\/pages\/2053","targetHints":{"allow":["GET"]}}],"collection":[{"href":"https:\/\/veda.polac.cz\/index.php?rest_route=\/wp\/v2\/pages"}],"about":[{"href":"https:\/\/veda.polac.cz\/index.php?rest_route=\/wp\/v2\/types\/page"}],"author":[{"embeddable":true,"href":"https:\/\/veda.polac.cz\/index.php?rest_route=\/wp\/v2\/users\/2"}],"replies":[{"embeddable":true,"href":"https:\/\/veda.polac.cz\/index.php?rest_route=%2Fwp%2Fv2%2Fcomments&post=2053"}],"version-history":[{"count":4,"href":"https:\/\/veda.polac.cz\/index.php?rest_route=\/wp\/v2\/pages\/2053\/revisions"}],"predecessor-version":[{"id":4782,"href":"https:\/\/veda.polac.cz\/index.php?rest_route=\/wp\/v2\/pages\/2053\/revisions\/4782"}],"up":[{"embeddable":true,"href":"https:\/\/veda.polac.cz\/index.php?rest_route=\/wp\/v2\/pages\/1987"}],"wp:attachment":[{"href":"https:\/\/veda.polac.cz\/index.php?rest_route=%2Fwp%2Fv2%2Fmedia&parent=2053"}],"curies":[{"name":"wp","href":"https:\/\/api.w.org\/{rel}","templated":true}]}}