{"id":2051,"date":"2018-10-31T22:43:38","date_gmt":"2018-10-31T22:43:38","guid":{"rendered":"http:\/\/veda.polac.cz\/?page_id=2051"},"modified":"2019-04-24T09:21:44","modified_gmt":"2019-04-24T09:21:44","slug":"03-2013","status":"publish","type":"page","link":"https:\/\/veda.polac.cz\/?page_id=2051&lang=en","title":{"rendered":"03\/2013"},"content":{"rendered":"<p><a href=\"https:\/\/veda.polac.cz\/?page_id=4781&amp;lang=en\"><strong>The Key Success Factors of the Police Organization\u00a0<\/strong><\/a><br \/>\ndoc. Ing., \u013dubica Bari\u010di\u010dov\u00e1, PhD., Ing. Monika Pajpachov\u00e1, PhD.<\/p>\n<hr \/>\n<p><a href=\"https:\/\/veda.polac.cz\/?page_id=4796&amp;lang=en\"><strong>International Comparison of Crime State and Trends Development <\/strong><\/a><br \/>\nPhDr. Alena Mare\u0161ov\u00e1, Ph.D<\/p>\n<hr \/>\n<p><a href=\"https:\/\/veda.polac.cz\/?page_id=4800&amp;lang=en\"><strong>Democracy and its Forms (in the Slovak Republic) <\/strong><\/a><br \/>\ndoc. JUDr. Klaudia Marczyov\u00e1, PhD.<\/p>\n<hr \/>\n<p><a href=\"https:\/\/veda.polac.cz\/?page_id=4803&amp;lang=en\"><strong>Some Offenses Against Peaceful Coexistence and Similar Crimes <\/strong><\/a><br \/>\ndoc. JUDr. Eva Horzinkov\u00e1, Ph.D., Ing. Kl\u00e1ra Horzinkov\u00e1<\/p>\n<hr \/>\n<p><a href=\"https:\/\/veda.polac.cz\/?page_id=4805&amp;lang=en\"><strong>Data Boxes in the Reflection of Administrative-Legal Practice <\/strong><\/a><br \/>\nJUDr. Zden\u011bk Fiala, Ph.D.<\/p>\n<hr \/>\n<p><a href=\"https:\/\/veda.polac.cz\/?page_id=4808&amp;lang=en\"><strong>Electronic Applications (not only) to Administrative Authority from the Perspective of Judicial Decision <\/strong><\/a><br \/>\nJUDr. Zden\u011bk Fiala, Ph.D.<\/p>\n<hr \/>\n<p><a href=\"https:\/\/veda.polac.cz\/?page_id=4811&amp;lang=en\"><strong>Kybergrooming (part 1) <\/strong><\/a><br \/>\nBc. Lenka Klivandov\u00e1, Mgr. Luk\u00e1\u0161 Urban, Ph.D.<\/p>\n<hr \/>\n<p><a href=\"https:\/\/veda.polac.cz\/?page_id=4814&amp;lang=en\"><strong>Application of Knowledge Management in the Public Sector and Police Forces <\/strong><\/a><br \/>\nIng. Dana Junkov\u00e1<\/p>\n<hr \/>\n<p><a href=\"https:\/\/veda.polac.cz\/?page_id=4816&amp;lang=en\"><strong>Input Analysis of the International Research Task &#8222;Expert in Pre-Trial Proceedings&#8220; <\/strong><\/a><br \/>\nprof. JUDr. Mgr. Jana Viktoryov\u00e1, PhD., JUDr. Jaroslav Blatnick\u00fd, PhD., JUDr. \u0160tefan Ko\u010dan, PhD.<\/p>\n<hr \/>\n<p><a href=\"https:\/\/veda.polac.cz\/?page_id=4818&amp;lang=en\"><strong>Charactzeristics and Exploring the Possibilities of Relevant Security Events<\/strong><\/a><br \/>\ndoc. Ing. Pavol August\u00edn, CSc.<\/p>\n<hr \/>\n<p><a href=\"https:\/\/veda.polac.cz\/?page_id=4820&amp;lang=en\"><strong>Handling Polish Police Officers on-Site Events (Crimes). Preliminary Operations Security. Own Research Analysis <\/strong><\/a><br \/>\ndoc. PhDr. Jacek Dworzecki, PhD.<\/p>\n<hr \/>\n<p><a href=\"https:\/\/veda.polac.cz\/?page_id=4822&amp;lang=en\"><strong>Anti-Conflic Teams and the Public Gatherings of Extremist Movements <\/strong><\/a><br \/>\npplk. Mgr. Barbora Vegrichtov\u00e1, MBA<\/p>\n<hr \/>\n<p><strong>Report on the 15th Annual Conference &#8222;Information and Communication Technologies (ITTE 2013)<\/strong><br \/>\ndoc. RNDr. Josef Po\u017e\u00e1r, CSc., Ing. Milan Kn\u00fd, CSc., Mgr. Old\u0159ich Krul\u00edk, Ph.D.<\/p>\n<hr \/>\n<p><a href=\"https:\/\/veda.polac.cz\/?page_id=1987&amp;lang=en\">Back<\/a><\/p>\n","protected":false},"excerpt":{"rendered":"<p>The Key Success Factors of the Police Organization\u00a0 doc. Ing., \u013dubica Bari\u010di\u010dov\u00e1, PhD., Ing. Monika Pajpachov\u00e1, PhD. International Comparison of Crime State and Trends Development PhDr. Alena Mare\u0161ov\u00e1, Ph.D Democracy and its Forms (in the Slovak Republic) doc. JUDr. Klaudia Marczyov\u00e1, PhD. Some Offenses Against Peaceful Coexistence and Similar Crimes doc. JUDr. Eva Horzinkov\u00e1, Ph.D., [&hellip;]<\/p>\n","protected":false},"author":2,"featured_media":0,"parent":1987,"menu_order":29,"comment_status":"closed","ping_status":"closed","template":"","meta":{"footnotes":""},"class_list":["post-2051","page","type-page","status-publish","hentry"],"_links":{"self":[{"href":"https:\/\/veda.polac.cz\/index.php?rest_route=\/wp\/v2\/pages\/2051","targetHints":{"allow":["GET"]}}],"collection":[{"href":"https:\/\/veda.polac.cz\/index.php?rest_route=\/wp\/v2\/pages"}],"about":[{"href":"https:\/\/veda.polac.cz\/index.php?rest_route=\/wp\/v2\/types\/page"}],"author":[{"embeddable":true,"href":"https:\/\/veda.polac.cz\/index.php?rest_route=\/wp\/v2\/users\/2"}],"replies":[{"embeddable":true,"href":"https:\/\/veda.polac.cz\/index.php?rest_route=%2Fwp%2Fv2%2Fcomments&post=2051"}],"version-history":[{"count":5,"href":"https:\/\/veda.polac.cz\/index.php?rest_route=\/wp\/v2\/pages\/2051\/revisions"}],"predecessor-version":[{"id":4825,"href":"https:\/\/veda.polac.cz\/index.php?rest_route=\/wp\/v2\/pages\/2051\/revisions\/4825"}],"up":[{"embeddable":true,"href":"https:\/\/veda.polac.cz\/index.php?rest_route=\/wp\/v2\/pages\/1987"}],"wp:attachment":[{"href":"https:\/\/veda.polac.cz\/index.php?rest_route=%2Fwp%2Fv2%2Fmedia&parent=2051"}],"curies":[{"name":"wp","href":"https:\/\/api.w.org\/{rel}","templated":true}]}}