{"id":2049,"date":"2018-10-31T22:29:24","date_gmt":"2018-10-31T22:29:24","guid":{"rendered":"http:\/\/veda.polac.cz\/?page_id=2049"},"modified":"2019-04-24T09:40:38","modified_gmt":"2019-04-24T09:40:38","slug":"04-2013","status":"publish","type":"page","link":"https:\/\/veda.polac.cz\/?page_id=2049&lang=en","title":{"rendered":"04\/2013"},"content":{"rendered":"<p><a href=\"https:\/\/veda.polac.cz\/?page_id=4824&amp;lang=en\"><strong>Concept Advanced Persistent Threat: Its Use and Cases<\/strong><\/a><br \/>\nAlena Leci\u00e1nov\u00e1, Mgr. Martin Bastl, Ph.D.<\/p>\n<hr \/>\n<p><a href=\"https:\/\/veda.polac.cz\/?page_id=4845&amp;lang=en\"><strong>Scenario-Making Process &#8211; The Chosen Methods Comparison<\/strong><\/a><br \/>\nIng. Stanislav Burian, Ph.D.<\/p>\n<hr \/>\n<p><a href=\"https:\/\/veda.polac.cz\/?page_id=4840&amp;lang=en\"><strong>The Electronic Delivery of Documents According to the Administrative\u00a0<\/strong><\/a><br \/>\n<strong>Procedure Act<\/strong><br \/>\nJUDr. Zden\u011bk Fiala, Ph.D.<\/p>\n<hr \/>\n<p><a href=\"https:\/\/veda.polac.cz\/?page_id=4848&amp;lang=en\"><strong>Kybergrooming (Part 2)<\/strong><\/a><br \/>\nBc. Lenka Klivandov\u00e1, Mgr. Luk\u00e1\u0161 Urban, Ph.D.<\/p>\n<hr \/>\n<p><a href=\"https:\/\/veda.polac.cz\/?page_id=4850&amp;lang=en\"><strong>In &#8211; Custody Death<\/strong><\/a><br \/>\npplk. Mgr. Tom\u00e1\u0161 Novotn\u00fd<\/p>\n<hr \/>\n<p><a href=\"https:\/\/veda.polac.cz\/?page_id=4852&amp;lang=en\"><strong>Biological Terrorism &#8211; Extrapolation Safety Threats<\/strong><\/a><br \/>\nMgr. Jakub Drmola<\/p>\n<hr \/>\n<p><a href=\"https:\/\/veda.polac.cz\/?page_id=4854&amp;lang=en\"><strong>Investigation of Domestic Violence ln Slovakia<\/strong><\/a><br \/>\nprof. JUDr. Mgr. Jana Viktoryov\u00e1, PhD., JUDr. Ladislav Vajzer, doc. JUDr. \u0160tefan Ko\u010dan, PhD.<\/p>\n<hr \/>\n<p><a href=\"https:\/\/veda.polac.cz\/?page_id=4857&amp;lang=en\"><strong>The Development of Forensic Aspects of Criminal Procedural Law<\/strong><\/a><br \/>\nPlk. JUDr. Franti\u0161ek Vavera, Ph.D.<\/p>\n<hr \/>\n<p><a href=\"https:\/\/veda.polac.cz\/?page_id=4859&amp;lang=en\"><strong>Basic Security Vulnerabilities in Internet Shops<\/strong><\/a><br \/>\nIng. Pavel Hrdli\u010dka, Ph.D.<\/p>\n<hr \/>\n<p><a href=\"https:\/\/veda.polac.cz\/?page_id=4861&amp;lang=en\"><strong>Development of Police Psychology<\/strong><\/a><br \/>\nprof. PhDr. J\u00e1n \u010cech, CSc.<\/p>\n<hr \/>\n<p><strong>Review of the Publication &#8222;National Party in the Context of the Extreme Right: 2003 &#8211; 2012<\/strong><br \/>\nMgr. Alena Kajanov\u00e1, Ph.D.<\/p>\n<hr \/>\n<p><strong>Review of the Publication &#8222;Analysis of Crime in Sixty Steps&#8220;<\/strong><br \/>\nMgr. Bc. Vladim\u00edr Oliberius<\/p>\n<hr \/>\n<p><a href=\"https:\/\/veda.polac.cz\/?page_id=1987&amp;lang=en\">Back<\/a><\/p>\n","protected":false},"excerpt":{"rendered":"<p>Concept Advanced Persistent Threat: Its Use and Cases Alena Leci\u00e1nov\u00e1, Mgr. Martin Bastl, Ph.D. Scenario-Making Process &#8211; The Chosen Methods Comparison Ing. Stanislav Burian, Ph.D. The Electronic Delivery of Documents According to the Administrative\u00a0 Procedure Act JUDr. Zden\u011bk Fiala, Ph.D. Kybergrooming (Part 2) Bc. Lenka Klivandov\u00e1, Mgr. Luk\u00e1\u0161 Urban, Ph.D. In &#8211; Custody Death pplk. [&hellip;]<\/p>\n","protected":false},"author":2,"featured_media":0,"parent":1987,"menu_order":29,"comment_status":"closed","ping_status":"closed","template":"","meta":{"footnotes":""},"class_list":["post-2049","page","type-page","status-publish","hentry"],"_links":{"self":[{"href":"https:\/\/veda.polac.cz\/index.php?rest_route=\/wp\/v2\/pages\/2049","targetHints":{"allow":["GET"]}}],"collection":[{"href":"https:\/\/veda.polac.cz\/index.php?rest_route=\/wp\/v2\/pages"}],"about":[{"href":"https:\/\/veda.polac.cz\/index.php?rest_route=\/wp\/v2\/types\/page"}],"author":[{"embeddable":true,"href":"https:\/\/veda.polac.cz\/index.php?rest_route=\/wp\/v2\/users\/2"}],"replies":[{"embeddable":true,"href":"https:\/\/veda.polac.cz\/index.php?rest_route=%2Fwp%2Fv2%2Fcomments&post=2049"}],"version-history":[{"count":5,"href":"https:\/\/veda.polac.cz\/index.php?rest_route=\/wp\/v2\/pages\/2049\/revisions"}],"predecessor-version":[{"id":4864,"href":"https:\/\/veda.polac.cz\/index.php?rest_route=\/wp\/v2\/pages\/2049\/revisions\/4864"}],"up":[{"embeddable":true,"href":"https:\/\/veda.polac.cz\/index.php?rest_route=\/wp\/v2\/pages\/1987"}],"wp:attachment":[{"href":"https:\/\/veda.polac.cz\/index.php?rest_route=%2Fwp%2Fv2%2Fmedia&parent=2049"}],"curies":[{"name":"wp","href":"https:\/\/api.w.org\/{rel}","templated":true}]}}