{"id":2039,"date":"2018-10-28T00:13:05","date_gmt":"2018-10-28T00:13:05","guid":{"rendered":"http:\/\/veda.polac.cz\/?page_id=2039"},"modified":"2019-04-21T20:11:45","modified_gmt":"2019-04-21T20:11:45","slug":"02-2014","status":"publish","type":"page","link":"https:\/\/veda.polac.cz\/?page_id=2039&lang=en","title":{"rendered":"02\/2014"},"content":{"rendered":"<p><a href=\"https:\/\/veda.polac.cz\/?page_id=3829&amp;lang=en\"><strong>Impact of the Strategic Focus of the Czech and Saxon Police Forces on the Mutual Cooperation\u00a0<\/strong><\/a><br \/>\nJUDr. J\u00f6rg Petermann<\/p>\n<hr \/>\n<p><a href=\"https:\/\/veda.polac.cz\/?page_id=3831&amp;lang=en\"><strong>New Possibilities for Influencing Crime\u00a0<\/strong><\/a><br \/>\ndoc. JUDr. Roman Svato\u0161, Ph.D.<\/p>\n<hr \/>\n<p><a href=\"https:\/\/veda.polac.cz\/?page_id=3833&amp;lang=en\"><strong>Smart Administration &#8211; E-Revolution?\u00a0<\/strong><\/a><br \/>\nJUDr. Zden\u011bk Fiala, Ph.D., JUDr. Tereza Jon\u00e1kov\u00e1<\/p>\n<hr \/>\n<p><a href=\"https:\/\/veda.polac.cz\/?page_id=3835&amp;lang=en\"><strong>Dilemma as an Ethical-Philosophical and Psychological Topic\u00a0<\/strong><\/a><br \/>\nPhDr. Petr Nesvadba, CSc.<\/p>\n<hr \/>\n<p><a href=\"https:\/\/veda.polac.cz\/?page_id=3837&amp;lang=en\"><strong>Legislation and Legal Practice of the Right to Freedom of Assembly in Czech Conditions\u00a0<\/strong><\/a><br \/>\nJUDr. Ale\u0161 Zp\u011bv\u00e1k<\/p>\n<hr \/>\n<p><a href=\"https:\/\/veda.polac.cz\/?page_id=3839&amp;lang=en\"><strong>Crime Analysis Instruction Manual\u00a0<\/strong><\/a><br \/>\nMgr. Vladim\u00edr Oliberius<\/p>\n<hr \/>\n<p><a href=\"https:\/\/veda.polac.cz\/?page_id=3841&amp;lang=en\"><strong>Current Approaches to Tackle the Issue of Football Hooliganism in the Czech republic\u00a0<\/strong><\/a><br \/>\nkpt. JUDr. Petr Kou\u0159il<\/p>\n<hr \/>\n<p><a href=\"https:\/\/veda.polac.cz\/?page_id=3843&amp;lang=en\"><strong>Demography and Security Forces: Yesterday, Today and Tomorrow\u00a0<\/strong><\/a><br \/>\nMgr. Old\u0159ich Krul\u00edk, Ph.D.<\/p>\n<hr \/>\n<p><a href=\"https:\/\/veda.polac.cz\/?page_id=3845&amp;lang=en\"><strong>Reasons and Impact of Municipal Police Forces Disbands in Some Municipalities in the Czech Republic\u00a0<\/strong><\/a><br \/>\nBc. Ond\u0159ej Werich<\/p>\n<hr \/>\n<p><strong>Actuality: New Internal Security Ministry on Iceland\u00a0<\/strong><br \/>\nMgr. Old\u0159ich Krul\u00edk, Ph.D.<\/p>\n<hr \/>\n<p><strong>Top police management course &#8211; Ka\u0161persk\u00e9 Hory 6. &#8211; 9. 4. 2014\u00a0<\/strong><br \/>\nPhDr. Ing. Viktor \u010cerven\u00fd, Ph.D.<\/p>\n<hr \/>\n<p><a href=\"https:\/\/veda.polac.cz\/?page_id=1987&amp;lang=en\">Back<\/a><\/p>\n","protected":false},"excerpt":{"rendered":"<p>Impact of the Strategic Focus of the Czech and Saxon Police Forces on the Mutual Cooperation\u00a0 JUDr. J\u00f6rg Petermann New Possibilities for Influencing Crime\u00a0 doc. JUDr. Roman Svato\u0161, Ph.D. Smart Administration &#8211; E-Revolution?\u00a0 JUDr. Zden\u011bk Fiala, Ph.D., JUDr. Tereza Jon\u00e1kov\u00e1 Dilemma as an Ethical-Philosophical and Psychological Topic\u00a0 PhDr. Petr Nesvadba, CSc. Legislation and Legal Practice [&hellip;]<\/p>\n","protected":false},"author":2,"featured_media":0,"parent":1987,"menu_order":26,"comment_status":"closed","ping_status":"closed","template":"","meta":{"footnotes":""},"class_list":["post-2039","page","type-page","status-publish","hentry"],"_links":{"self":[{"href":"https:\/\/veda.polac.cz\/index.php?rest_route=\/wp\/v2\/pages\/2039","targetHints":{"allow":["GET"]}}],"collection":[{"href":"https:\/\/veda.polac.cz\/index.php?rest_route=\/wp\/v2\/pages"}],"about":[{"href":"https:\/\/veda.polac.cz\/index.php?rest_route=\/wp\/v2\/types\/page"}],"author":[{"embeddable":true,"href":"https:\/\/veda.polac.cz\/index.php?rest_route=\/wp\/v2\/users\/2"}],"replies":[{"embeddable":true,"href":"https:\/\/veda.polac.cz\/index.php?rest_route=%2Fwp%2Fv2%2Fcomments&post=2039"}],"version-history":[{"count":2,"href":"https:\/\/veda.polac.cz\/index.php?rest_route=\/wp\/v2\/pages\/2039\/revisions"}],"predecessor-version":[{"id":3847,"href":"https:\/\/veda.polac.cz\/index.php?rest_route=\/wp\/v2\/pages\/2039\/revisions\/3847"}],"up":[{"embeddable":true,"href":"https:\/\/veda.polac.cz\/index.php?rest_route=\/wp\/v2\/pages\/1987"}],"wp:attachment":[{"href":"https:\/\/veda.polac.cz\/index.php?rest_route=%2Fwp%2Fv2%2Fmedia&parent=2039"}],"curies":[{"name":"wp","href":"https:\/\/api.w.org\/{rel}","templated":true}]}}