{"id":2037,"date":"2018-10-28T00:10:22","date_gmt":"2018-10-28T00:10:22","guid":{"rendered":"http:\/\/veda.polac.cz\/?page_id=2037"},"modified":"2019-04-21T15:52:52","modified_gmt":"2019-04-21T15:52:52","slug":"03-2014","status":"publish","type":"page","link":"https:\/\/veda.polac.cz\/?page_id=2037&lang=en","title":{"rendered":"03\/2014"},"content":{"rendered":"<p><a href=\"https:\/\/veda.polac.cz\/?page_id=3802&amp;lang=en\"><strong>Threats and Attacks Coming From a Cyberspace\u00a0<\/strong><\/a><br \/>\nJUDr. Petr Vo\u0159\u00ed\u0161ek<\/p>\n<hr \/>\n<p><a href=\"https:\/\/veda.polac.cz\/?page_id=3804&amp;lang=en\"><strong>Analysis of Lifelong Learning at the Police Academy of the Czech Republic in the Academic Year 2013\/2014 and Their Comparison With the Previous Year 2012\/2013\u00a0<\/strong><\/a><br \/>\nDr. Zden\u011bk Kova\u0159\u00edk, CSc., PhDr. Jarmila Chvostkov\u00e1<\/p>\n<hr \/>\n<p><a href=\"https:\/\/veda.polac.cz\/?page_id=3807&amp;lang=en\"><strong>The Current Issue of Criminalisation of Legal Persons.\u00a0<\/strong><\/a><br \/>\n<strong>Considerations de Lege Lata and de Lege Ferenda\u00a0<\/strong><br \/>\nJUDr. Olga Sovov\u00e1, Ph.D., prof. JUDr. Dagmar C\u00edsa\u0159ov\u00e1, DrSc.<\/p>\n<hr \/>\n<p><a href=\"https:\/\/veda.polac.cz\/?page_id=3809&amp;lang=en\"><strong>Theoretical Definition of Legal Relationships of Subjects and Their Conduct Within the Perspective of the New Civil Code\u00a0<\/strong><\/a><br \/>\nJUDr. Zden\u011bk Fiala, Ph.D., JUDr. Olga Sovov\u00e1, Ph.D.<\/p>\n<hr \/>\n<p><a href=\"https:\/\/veda.polac.cz\/?page_id=3813&amp;lang=en\"><strong>Criminal Activity With Extremist Subtext and &#8222;Hate Crimes&#8220;\u00a0<\/strong><\/a><br \/>\ndoc. Ing. Dr. \u0160tefan Danics, Ph.D.<\/p>\n<hr \/>\n<p><a href=\"https:\/\/veda.polac.cz\/?page_id=3815&amp;lang=en\"><strong>Specific Model of Ensuring of Security on Some Austrian Chartered Cities\u00a0<\/strong><\/a><br \/>\nMgr. Old\u0159ich Krul\u00edk, Ph.D.<\/p>\n<hr \/>\n<p><a href=\"https:\/\/veda.polac.cz\/?page_id=3817&amp;lang=en\"><strong>Role of the Regions of the Czech Republic Related to the Humanitarian Aid Distribution\u00a0<\/strong><\/a><br \/>\nMgr. Micheala Vladykov\u00e1<\/p>\n<hr \/>\n<p><a href=\"https:\/\/veda.polac.cz\/?page_id=3819&amp;lang=en\"><strong>People Republic of China as a Provider of Foreign Aid\u00a0<\/strong><\/a><br \/>\nMgr. Michala Faistingerov\u00e1<\/p>\n<hr \/>\n<p><strong>&#8222;International Week&#8220; Police Academy of Lower Saxony in 2014\u00a0<\/strong><br \/>\nMgr. Old\u0159ich Krul\u00edk, Ph.D.<\/p>\n<hr \/>\n<p><a href=\"https:\/\/veda.polac.cz\/?page_id=1987&amp;lang=en\">Back<\/a><\/p>\n","protected":false},"excerpt":{"rendered":"<p>Threats and Attacks Coming From a Cyberspace\u00a0 JUDr. Petr Vo\u0159\u00ed\u0161ek Analysis of Lifelong Learning at the Police Academy of the Czech Republic in the Academic Year 2013\/2014 and Their Comparison With the Previous Year 2012\/2013\u00a0 Dr. Zden\u011bk Kova\u0159\u00edk, CSc., PhDr. Jarmila Chvostkov\u00e1 The Current Issue of Criminalisation of Legal Persons.\u00a0 Considerations de Lege Lata and [&hellip;]<\/p>\n","protected":false},"author":2,"featured_media":0,"parent":1987,"menu_order":25,"comment_status":"closed","ping_status":"closed","template":"","meta":{"footnotes":""},"class_list":["post-2037","page","type-page","status-publish","hentry"],"_links":{"self":[{"href":"https:\/\/veda.polac.cz\/index.php?rest_route=\/wp\/v2\/pages\/2037","targetHints":{"allow":["GET"]}}],"collection":[{"href":"https:\/\/veda.polac.cz\/index.php?rest_route=\/wp\/v2\/pages"}],"about":[{"href":"https:\/\/veda.polac.cz\/index.php?rest_route=\/wp\/v2\/types\/page"}],"author":[{"embeddable":true,"href":"https:\/\/veda.polac.cz\/index.php?rest_route=\/wp\/v2\/users\/2"}],"replies":[{"embeddable":true,"href":"https:\/\/veda.polac.cz\/index.php?rest_route=%2Fwp%2Fv2%2Fcomments&post=2037"}],"version-history":[{"count":3,"href":"https:\/\/veda.polac.cz\/index.php?rest_route=\/wp\/v2\/pages\/2037\/revisions"}],"predecessor-version":[{"id":3821,"href":"https:\/\/veda.polac.cz\/index.php?rest_route=\/wp\/v2\/pages\/2037\/revisions\/3821"}],"up":[{"embeddable":true,"href":"https:\/\/veda.polac.cz\/index.php?rest_route=\/wp\/v2\/pages\/1987"}],"wp:attachment":[{"href":"https:\/\/veda.polac.cz\/index.php?rest_route=%2Fwp%2Fv2%2Fmedia&parent=2037"}],"curies":[{"name":"wp","href":"https:\/\/api.w.org\/{rel}","templated":true}]}}