{"id":2029,"date":"2018-10-27T23:55:17","date_gmt":"2018-10-27T23:55:17","guid":{"rendered":"http:\/\/veda.polac.cz\/?page_id=2029"},"modified":"2019-04-20T23:42:08","modified_gmt":"2019-04-20T23:42:08","slug":"02-2015","status":"publish","type":"page","link":"https:\/\/veda.polac.cz\/?page_id=2029&lang=en","title":{"rendered":"02\/2015"},"content":{"rendered":"<p><a href=\"https:\/\/veda.polac.cz\/?page_id=3708&amp;lang=en\"><strong>Feeling Safe in the Context of Criminological\u00a0<\/strong><\/a><br \/>\nEva Moravcov\u00e1<\/p>\n<hr \/>\n<p><a href=\"https:\/\/veda.polac.cz\/?page_id=3710&amp;lang=en\"><strong>Propaganda Methods and Topics of Extremism &#8211; Research Project Outputs<\/strong><\/a><br \/>\npplk. Mgr. Barbora Vegrichtov\u00e1, Ph.D, MBA<\/p>\n<hr \/>\n<p><a href=\"https:\/\/veda.polac.cz\/?page_id=3712&amp;lang=en\"><strong>Scenarios of Integrity Tests &#8211; Research Findings\u00a0<\/strong><\/a><br \/>\npplk. JUDr. Josef Hrudka, Ph.D., pplk. Mgr. Viktor Koudelka<\/p>\n<hr \/>\n<p><a href=\"https:\/\/veda.polac.cz\/?page_id=3714&amp;lang=en\"><strong>Sharia &#8211; Police in Germany: Islamic Vigilantism and an Instrument of Propaganda<\/strong><\/a><br \/>\nprof. PhDr. Miroslav Mare\u0161, Ph.D., Bc. Adam Vesel\u00fd<\/p>\n<hr \/>\n<p><a href=\"https:\/\/veda.polac.cz\/?page_id=3716&amp;lang=en\"><strong>The Legal Framework of the European Union for Conducting Union Police Missions\u00a0<\/strong><\/a><br \/>\ndoc. JUDr. Richard Kr\u00e1l, LL.M., Ph.D., Petr M\u00e1dr<\/p>\n<hr \/>\n<p><a href=\"https:\/\/veda.polac.cz\/?page_id=3718&amp;lang=en\"><strong>State of Cyber Danger According to the Cyber Security Act\u00a0<\/strong><\/a><br \/>\nJUDr. Mgr. Barbora Vlachov\u00e1<\/p>\n<hr \/>\n<p><a href=\"https:\/\/veda.polac.cz\/?page_id=3720&amp;lang=en\"><strong>Analysis of Actual State in Evaluation of the Security Situation of the V4 Countries<\/strong><\/a><br \/>\ndoc. Ing. Ladislav Nov\u00e1k, PhD., JUDr. Ing. Lubo\u0161 Mahdo\u0148<\/p>\n<hr \/>\n<p><a href=\"https:\/\/veda.polac.cz\/?page_id=3722&amp;lang=en\"><strong>Regarding the Planned Changes of the Czech Intelligence Services Act\u00a0<\/strong><\/a><br \/>\nMgr. V\u00edt\u011bzslav Koz\u00e1k<\/p>\n<hr \/>\n<p><a href=\"https:\/\/veda.polac.cz\/?page_id=3724&amp;lang=en\"><strong>Extremist Motivated Crime and Police Cooperation With Justice (the Results of the Expert Survey Among Police Specialists)\u00a0<\/strong><\/a><br \/>\nMgr. Jakub Holas<\/p>\n<hr \/>\n<p><a href=\"https:\/\/veda.polac.cz\/?page_id=3726&amp;lang=en\"><strong>Effectiveness of Professional Treatment of Prisoners\u00a0<\/strong><\/a><br \/>\nPhDr. Pavel Hor\u00e1k<\/p>\n<hr \/>\n<p><strong>Detention and Imprisonment of Women &#8211; Mothers With Children\u00a0<\/strong><br \/>\nplk. PhDr. JUDr. Jana Firstov\u00e1, Ph.D.<\/p>\n<hr \/>\n<p><strong>For Information on &#8222;Integrity Tests&#8220; from Abroad (Results of the Expert Survey Among Specialists PCR)\u00a0<\/strong><br \/>\npplk. JUDr. Josef Hrudka, Ph.D., plk. Mgr. Pavel Kotraba<\/p>\n<hr \/>\n<p><strong>Criminology as a Separate Discipline at the Level of Scientific Research and Academic Teaching at Universities in the Slovak Republic, the Czech Republic and Poland\u00a0<\/strong><br \/>\nplk. PhDr. JUDr. Jana Firstov\u00e1, Ph.D.<\/p>\n<hr \/>\n<p><strong>For information on &#8222;integrity tests&#8220; of the Republic of Hungary\u00a0<\/strong><br \/>\npplk. JUDr. Josef Hrudka<\/p>\n<hr \/>\n<p><strong>International week at the Police Academy in Lower Saxony\u00a0<\/strong><br \/>\nMgr. Old\u0159ich Krul\u00edk, Ph.D.<\/p>\n<hr \/>\n<p><strong>Radicalization in Southeast and Central Europe\u00a0<\/strong><br \/>\nMgr. Old\u0159ich Krul\u00edk, Ph.D.<\/p>\n<hr \/>\n<p><a href=\"https:\/\/veda.polac.cz\/?page_id=1987&amp;lang=en\">Back<\/a><\/p>\n","protected":false},"excerpt":{"rendered":"<p>Feeling Safe in the Context of Criminological\u00a0 Eva Moravcov\u00e1 Propaganda Methods and Topics of Extremism &#8211; Research Project Outputs pplk. Mgr. Barbora Vegrichtov\u00e1, Ph.D, MBA Scenarios of Integrity Tests &#8211; Research Findings\u00a0 pplk. JUDr. Josef Hrudka, Ph.D., pplk. Mgr. Viktor Koudelka Sharia &#8211; Police in Germany: Islamic Vigilantism and an Instrument of Propaganda prof. PhDr. [&hellip;]<\/p>\n","protected":false},"author":2,"featured_media":0,"parent":1987,"menu_order":21,"comment_status":"closed","ping_status":"closed","template":"","meta":{"footnotes":""},"class_list":["post-2029","page","type-page","status-publish","hentry"],"_links":{"self":[{"href":"https:\/\/veda.polac.cz\/index.php?rest_route=\/wp\/v2\/pages\/2029","targetHints":{"allow":["GET"]}}],"collection":[{"href":"https:\/\/veda.polac.cz\/index.php?rest_route=\/wp\/v2\/pages"}],"about":[{"href":"https:\/\/veda.polac.cz\/index.php?rest_route=\/wp\/v2\/types\/page"}],"author":[{"embeddable":true,"href":"https:\/\/veda.polac.cz\/index.php?rest_route=\/wp\/v2\/users\/2"}],"replies":[{"embeddable":true,"href":"https:\/\/veda.polac.cz\/index.php?rest_route=%2Fwp%2Fv2%2Fcomments&post=2029"}],"version-history":[{"count":2,"href":"https:\/\/veda.polac.cz\/index.php?rest_route=\/wp\/v2\/pages\/2029\/revisions"}],"predecessor-version":[{"id":3728,"href":"https:\/\/veda.polac.cz\/index.php?rest_route=\/wp\/v2\/pages\/2029\/revisions\/3728"}],"up":[{"embeddable":true,"href":"https:\/\/veda.polac.cz\/index.php?rest_route=\/wp\/v2\/pages\/1987"}],"wp:attachment":[{"href":"https:\/\/veda.polac.cz\/index.php?rest_route=%2Fwp%2Fv2%2Fmedia&parent=2029"}],"curies":[{"name":"wp","href":"https:\/\/api.w.org\/{rel}","templated":true}]}}