{"id":2027,"date":"2018-10-27T23:51:32","date_gmt":"2018-10-27T23:51:32","guid":{"rendered":"http:\/\/veda.polac.cz\/?page_id=2027"},"modified":"2019-04-20T23:11:21","modified_gmt":"2019-04-20T23:11:21","slug":"03-2015","status":"publish","type":"page","link":"https:\/\/veda.polac.cz\/?page_id=2027&lang=en","title":{"rendered":"03\/2015"},"content":{"rendered":"<p><a href=\"https:\/\/veda.polac.cz\/?page_id=3678&amp;lang=en\"><strong>Analysis of the results of lifelong education at the Police Academy of the Czech Republic in Prague in course of the last three academic terms<\/strong><\/a><br \/>\nDr. Zden\u011bk Kova\u0159\u00edk, CSc., Mgr. Jarmila Chvostkov\u00e1<\/p>\n<hr \/>\n<p><a href=\"https:\/\/veda.polac.cz\/?page_id=3680&amp;lang=en\"><strong>Propaganda Methods and Topics of Extremism &#8211; Research Project Outputs<\/strong><\/a><br \/>\npplk. Mgr. Barbora Vegrichtov\u00e1, Ph.D, MBA<\/p>\n<hr \/>\n<p><a href=\"https:\/\/veda.polac.cz\/?page_id=3682&amp;lang=en\"><strong>The Prognosis of the Prison Population in the Czech Republic\u00a0<\/strong><\/a><br \/>\nUsing the Cohort-Component Model Mgr. Martin Ko\u0148a\u0159\u00edk<\/p>\n<hr \/>\n<p><a href=\"https:\/\/veda.polac.cz\/?page_id=3684&amp;lang=en\"><strong>Multicultural dilemma (attempted conceptual thinking)\u00a0<\/strong><\/a><br \/>\nPhDr. Petr Nesvadba, CSc.<\/p>\n<hr \/>\n<p><a href=\"https:\/\/veda.polac.cz\/?page_id=3686&amp;lang=en\"><strong>Detection of Anonymous Participants of Shares Transaction\u00a0<\/strong><\/a><br \/>\ndoc. Ing. Jaroslav Brada, PhD.<\/p>\n<hr \/>\n<p><a href=\"https:\/\/veda.polac.cz\/?page_id=3688&amp;lang=en\"><strong>The State Role in Ensuring Cyber Security<\/strong><\/a><br \/>\nMgr. Roman Pa\u010dka<\/p>\n<hr \/>\n<p><a href=\"https:\/\/veda.polac.cz\/?page_id=3690&amp;lang=en\"><strong>Electronic Monitoring in Europe\u00a0<\/strong><\/a><br \/>\nJUDr. Simona Dibl\u00edkov\u00e1<\/p>\n<hr \/>\n<p><a href=\"https:\/\/veda.polac.cz\/?page_id=3692&amp;lang=en\"><strong>Enterprise Risk Management in the Slovak Republic &#8211; Research and Results\u00a0<\/strong><\/a><br \/>\ndoc. Ing. Jozef Klu\u010dka, PhD.<\/p>\n<hr \/>\n<p><a href=\"https:\/\/veda.polac.cz\/?page_id=3694&amp;lang=en\"><strong>The Number of the Conducted Integrity Tests &#8211; Research Findings\u00a0<\/strong><\/a><br \/>\npplk. JUDr. Josef Hrudka, Ph.D., pplk. JUDr. Boris L\u00f6ffler, PhD.<\/p>\n<hr \/>\n<p><a href=\"https:\/\/veda.polac.cz\/?page_id=1987&amp;lang=en\">Back<\/a><\/p>\n","protected":false},"excerpt":{"rendered":"<p>Analysis of the results of lifelong education at the Police Academy of the Czech Republic in Prague in course of the last three academic terms Dr. Zden\u011bk Kova\u0159\u00edk, CSc., Mgr. Jarmila Chvostkov\u00e1 Propaganda Methods and Topics of Extremism &#8211; Research Project Outputs pplk. Mgr. Barbora Vegrichtov\u00e1, Ph.D, MBA The Prognosis of the Prison Population in [&hellip;]<\/p>\n","protected":false},"author":2,"featured_media":0,"parent":1987,"menu_order":20,"comment_status":"closed","ping_status":"closed","template":"","meta":{"footnotes":""},"class_list":["post-2027","page","type-page","status-publish","hentry"],"_links":{"self":[{"href":"https:\/\/veda.polac.cz\/index.php?rest_route=\/wp\/v2\/pages\/2027","targetHints":{"allow":["GET"]}}],"collection":[{"href":"https:\/\/veda.polac.cz\/index.php?rest_route=\/wp\/v2\/pages"}],"about":[{"href":"https:\/\/veda.polac.cz\/index.php?rest_route=\/wp\/v2\/types\/page"}],"author":[{"embeddable":true,"href":"https:\/\/veda.polac.cz\/index.php?rest_route=\/wp\/v2\/users\/2"}],"replies":[{"embeddable":true,"href":"https:\/\/veda.polac.cz\/index.php?rest_route=%2Fwp%2Fv2%2Fcomments&post=2027"}],"version-history":[{"count":2,"href":"https:\/\/veda.polac.cz\/index.php?rest_route=\/wp\/v2\/pages\/2027\/revisions"}],"predecessor-version":[{"id":3698,"href":"https:\/\/veda.polac.cz\/index.php?rest_route=\/wp\/v2\/pages\/2027\/revisions\/3698"}],"up":[{"embeddable":true,"href":"https:\/\/veda.polac.cz\/index.php?rest_route=\/wp\/v2\/pages\/1987"}],"wp:attachment":[{"href":"https:\/\/veda.polac.cz\/index.php?rest_route=%2Fwp%2Fv2%2Fmedia&parent=2027"}],"curies":[{"name":"wp","href":"https:\/\/api.w.org\/{rel}","templated":true}]}}