{"id":2025,"date":"2018-10-27T23:48:51","date_gmt":"2018-10-27T23:48:51","guid":{"rendered":"http:\/\/veda.polac.cz\/?page_id=2025"},"modified":"2019-04-20T22:45:41","modified_gmt":"2019-04-20T22:45:41","slug":"04-2015","status":"publish","type":"page","link":"https:\/\/veda.polac.cz\/?page_id=2025&lang=en","title":{"rendered":"04\/2015"},"content":{"rendered":"<p><a href=\"https:\/\/veda.polac.cz\/?page_id=3647&amp;lang=en\"><strong>Persistent Complainers\u00a0<\/strong><\/a><br \/>\ndoc. PhDr. Ludmila \u010c\u00edrtkov\u00e1, CSc.<\/p>\n<hr \/>\n<p><a href=\"https:\/\/veda.polac.cz\/?page_id=3649&amp;lang=en\"><strong>The Issue of Crime Prediction vs. Time of Crime Commission\u00a0<\/strong><\/a><br \/>\ndoc. JUDr. Roman Svato\u0161, Ph.D.<\/p>\n<hr \/>\n<p><a href=\"https:\/\/veda.polac.cz\/?page_id=3652&amp;lang=en\"><strong>Corruption and its International Comparison Using the CPI\u00a0<\/strong><\/a><br \/>\nMgr. Elizbar Rodonaia, Mgr. Franti\u0161ek H\u0159eb\u00edk, Ph.D.<\/p>\n<hr \/>\n<p><a href=\"https:\/\/veda.polac.cz\/?page_id=3654&amp;lang=en\"><strong>&#8222;Wild Cards&#8220; of the Security Decision Making With Regard to the Czech Republic\u00a0<\/strong><\/a><br \/>\nMgr. V\u00edt Kunick\u00fd<\/p>\n<hr \/>\n<p><a href=\"https:\/\/veda.polac.cz\/?page_id=3657&amp;lang=en\"><strong>Climate Change &#8211; Causes and Impact\u00a0<\/strong><\/a><br \/>\nIng. Ondrej Tar\u010d\u00e1ni<\/p>\n<hr \/>\n<p><a href=\"https:\/\/veda.polac.cz\/?page_id=3659&amp;lang=en\"><strong>Direction of Intelligence Support in the Future Operations of Czech Armed Forces\u00a0<\/strong><\/a><br \/>\nIng. Martin Havl\u00edk, MBA, MSc.<\/p>\n<hr \/>\n<p><a href=\"https:\/\/veda.polac.cz\/?page_id=3661&amp;lang=en\"><strong>How to Read Graffiti and Understand Writers<\/strong><\/a><br \/>\nMgr. Luk\u00e1\u0161 Urban, Ph.D.<\/p>\n<hr \/>\n<p><a href=\"https:\/\/veda.polac.cz\/?page_id=3663&amp;lang=en\"><strong>Cross-Border Exchange of Information About Traffic Offences\u00a0<\/strong><\/a><br \/>\nJUDr. Jana Morav\u010d\u00edkov\u00e1<\/p>\n<hr \/>\n<p><a href=\"https:\/\/veda.polac.cz\/?page_id=3665&amp;lang=en\"><strong>A Look at the Crime With the Help of ESSK System\u00a0<\/strong><\/a><br \/>\nMgr. Martin Ko\u0148a\u0159\u00edk<\/p>\n<hr \/>\n<p><a href=\"https:\/\/veda.polac.cz\/?page_id=3667&amp;lang=en\"><strong>Education and Training in Protection Against Floods Using Computer Simulations\u00a0<\/strong><\/a><br \/>\nJUDr. Karin Plincnerov\u00e1, Ing. Zden\u011bk Rathausk\u00fd, Mgr. So\u0148a Cemp\u00edrkov\u00e1<\/p>\n<hr \/>\n<p><a href=\"https:\/\/veda.polac.cz\/?page_id=1987&amp;lang=en\">Back<\/a><\/p>\n","protected":false},"excerpt":{"rendered":"<p>Persistent Complainers\u00a0 doc. PhDr. Ludmila \u010c\u00edrtkov\u00e1, CSc. The Issue of Crime Prediction vs. Time of Crime Commission\u00a0 doc. JUDr. Roman Svato\u0161, Ph.D. Corruption and its International Comparison Using the CPI\u00a0 Mgr. Elizbar Rodonaia, Mgr. Franti\u0161ek H\u0159eb\u00edk, Ph.D. &#8222;Wild Cards&#8220; of the Security Decision Making With Regard to the Czech Republic\u00a0 Mgr. V\u00edt Kunick\u00fd Climate Change [&hellip;]<\/p>\n","protected":false},"author":2,"featured_media":0,"parent":1987,"menu_order":19,"comment_status":"closed","ping_status":"closed","template":"","meta":{"footnotes":""},"class_list":["post-2025","page","type-page","status-publish","hentry"],"_links":{"self":[{"href":"https:\/\/veda.polac.cz\/index.php?rest_route=\/wp\/v2\/pages\/2025","targetHints":{"allow":["GET"]}}],"collection":[{"href":"https:\/\/veda.polac.cz\/index.php?rest_route=\/wp\/v2\/pages"}],"about":[{"href":"https:\/\/veda.polac.cz\/index.php?rest_route=\/wp\/v2\/types\/page"}],"author":[{"embeddable":true,"href":"https:\/\/veda.polac.cz\/index.php?rest_route=\/wp\/v2\/users\/2"}],"replies":[{"embeddable":true,"href":"https:\/\/veda.polac.cz\/index.php?rest_route=%2Fwp%2Fv2%2Fcomments&post=2025"}],"version-history":[{"count":2,"href":"https:\/\/veda.polac.cz\/index.php?rest_route=\/wp\/v2\/pages\/2025\/revisions"}],"predecessor-version":[{"id":3669,"href":"https:\/\/veda.polac.cz\/index.php?rest_route=\/wp\/v2\/pages\/2025\/revisions\/3669"}],"up":[{"embeddable":true,"href":"https:\/\/veda.polac.cz\/index.php?rest_route=\/wp\/v2\/pages\/1987"}],"wp:attachment":[{"href":"https:\/\/veda.polac.cz\/index.php?rest_route=%2Fwp%2Fv2%2Fmedia&parent=2025"}],"curies":[{"name":"wp","href":"https:\/\/api.w.org\/{rel}","templated":true}]}}