{"id":2019,"date":"2018-10-27T23:40:05","date_gmt":"2018-10-27T23:40:05","guid":{"rendered":"http:\/\/veda.polac.cz\/?page_id=2019"},"modified":"2019-04-20T21:53:03","modified_gmt":"2019-04-20T21:53:03","slug":"03-2016","status":"publish","type":"page","link":"https:\/\/veda.polac.cz\/?page_id=2019&lang=en","title":{"rendered":"03\/2016"},"content":{"rendered":"<p><a href=\"https:\/\/veda.polac.cz\/?page_id=3565&amp;lang=en\"><strong>Content Interpretation of the Racist and Neo-Nazi Symbols Used in the Prison Subculture Evironment\u00a0<\/strong><\/a><br \/>\npplk. PhDr. Barbora Vegrichtov\u00e1, Ph.D., MBA, Faculty of Security and Law PA in Prague, Czech Republic, Department of Criminal Police<\/p>\n<hr \/>\n<p><a href=\"https:\/\/veda.polac.cz\/?page_id=3567&amp;lang=en\"><strong>Prison From the Perspective of the Convicts\u00a0<\/strong><\/a><br \/>\nPhDr. Jan Draho\u0148ovsk\u00fd, Prison Service Czech Republic<\/p>\n<hr \/>\n<p><a href=\"https:\/\/veda.polac.cz\/?page_id=3569&amp;lang=en\"><strong>Identity Crisis of the Western Society (Reflection on Philosophical Assumptions and Challenges)\u00a0<\/strong><\/a><br \/>\nPhDr. Petr Nesvadba, CSc., Faculty PA security management of the Czech Republic in Prague Department of Social Sciences<\/p>\n<hr \/>\n<p><a href=\"https:\/\/veda.polac.cz\/?page_id=3571&amp;lang=en\"><strong>The Impact of Modern Communication Tools and Media on the Radicalisation of Islamic Subculture in Western Europe\u00a0<\/strong><\/a><br \/>\nIng. Martin Havl\u00edk, Ph.D., MBA, MSc., Ministry of Defence of the Czech Republic<\/p>\n<hr \/>\n<p><a href=\"https:\/\/veda.polac.cz\/?page_id=3573&amp;lang=en\"><strong>The Current European Immigration Crisis &#8211; Legal and Security Preview\u00a0<\/strong><\/a><br \/>\ndoc. JUDr. Bohumil Pikna, CSc., Department of International Relations and European Studies, Metropolitan University Prague<\/p>\n<hr \/>\n<p><a href=\"https:\/\/veda.polac.cz\/?page_id=3575&amp;lang=en\"><strong>The use of Exploratory Factor Analysis for Variables Reduction in Researching Crime Committed with Mobile Phones use\u00a0<\/strong><\/a><br \/>\nDr. Zden\u011bk Kova\u0159\u00edk, CSc., Science and Research Department PA in Prague<br \/>\nAlena Pej\u010dochov\u00e1, M.A., PhD student, PA \u010cR in Prague<\/p>\n<hr \/>\n<p><a href=\"https:\/\/veda.polac.cz\/?page_id=3577&amp;lang=en\"><strong>Loyalty of Civil Servants\u00a0<\/strong><\/a><br \/>\nMgr. Kate\u0159ina Ju\u0159i\u010dkov\u00e1, student PA \u010cR in Prague<\/p>\n<hr \/>\n<p><a href=\"https:\/\/veda.polac.cz\/?page_id=3580&amp;lang=en\"><strong>Phenomenon of Violence Behind the Prison Walls\u00a0<\/strong><\/a><br \/>\nPhDr. Alena Mare\u0161ov\u00e1, Ph.D., Faculty of Security and Law PA in Prague, Czech Republic, Department of criminology<\/p>\n<hr \/>\n<p><strong>Information system ARGIS: theory and practice in teaching at the Department of Crisis Management\u00a0<\/strong><br \/>\nMgr. Luk\u00e1\u0161 Harazin, Mgr. Old\u0159ich Lu\u017ea; Mgr. Jan Tvrdek, Faculty PA Security Management of the Czech Republic, in Prague, Department of Crisis Management<\/p>\n<hr \/>\n<p><strong>Cas Mudde: &#8222;On Extremism and Democracy in Europe&#8220;. Routledge Focus 2016. 163 p. ISBN: 978-1-138 -65144-9\u00a0<\/strong><br \/>\nPhDr. Ladislava Tejchmanov\u00e1, CSc., PA Library of the Czech Republic in Prague, leaders<\/p>\n<hr \/>\n<p><a href=\"https:\/\/veda.polac.cz\/?page_id=1987&amp;lang=en\">Back<\/a><\/p>\n","protected":false},"excerpt":{"rendered":"<p>Content Interpretation of the Racist and Neo-Nazi Symbols Used in the Prison Subculture Evironment\u00a0 pplk. PhDr. Barbora Vegrichtov\u00e1, Ph.D., MBA, Faculty of Security and Law PA in Prague, Czech Republic, Department of Criminal Police Prison From the Perspective of the Convicts\u00a0 PhDr. Jan Draho\u0148ovsk\u00fd, Prison Service Czech Republic Identity Crisis of the Western Society (Reflection [&hellip;]<\/p>\n","protected":false},"author":2,"featured_media":0,"parent":1987,"menu_order":16,"comment_status":"closed","ping_status":"closed","template":"","meta":{"footnotes":""},"class_list":["post-2019","page","type-page","status-publish","hentry"],"_links":{"self":[{"href":"https:\/\/veda.polac.cz\/index.php?rest_route=\/wp\/v2\/pages\/2019","targetHints":{"allow":["GET"]}}],"collection":[{"href":"https:\/\/veda.polac.cz\/index.php?rest_route=\/wp\/v2\/pages"}],"about":[{"href":"https:\/\/veda.polac.cz\/index.php?rest_route=\/wp\/v2\/types\/page"}],"author":[{"embeddable":true,"href":"https:\/\/veda.polac.cz\/index.php?rest_route=\/wp\/v2\/users\/2"}],"replies":[{"embeddable":true,"href":"https:\/\/veda.polac.cz\/index.php?rest_route=%2Fwp%2Fv2%2Fcomments&post=2019"}],"version-history":[{"count":3,"href":"https:\/\/veda.polac.cz\/index.php?rest_route=\/wp\/v2\/pages\/2019\/revisions"}],"predecessor-version":[{"id":3591,"href":"https:\/\/veda.polac.cz\/index.php?rest_route=\/wp\/v2\/pages\/2019\/revisions\/3591"}],"up":[{"embeddable":true,"href":"https:\/\/veda.polac.cz\/index.php?rest_route=\/wp\/v2\/pages\/1987"}],"wp:attachment":[{"href":"https:\/\/veda.polac.cz\/index.php?rest_route=%2Fwp%2Fv2%2Fmedia&parent=2019"}],"curies":[{"name":"wp","href":"https:\/\/api.w.org\/{rel}","templated":true}]}}