{"id":2017,"date":"2018-10-27T23:37:05","date_gmt":"2018-10-27T23:37:05","guid":{"rendered":"http:\/\/veda.polac.cz\/?page_id=2017"},"modified":"2019-04-20T21:39:55","modified_gmt":"2019-04-20T21:39:55","slug":"04-2016","status":"publish","type":"page","link":"https:\/\/veda.polac.cz\/?page_id=2017&lang=en","title":{"rendered":"04\/2016"},"content":{"rendered":"<p><a href=\"https:\/\/veda.polac.cz\/?page_id=3537&amp;lang=en\"><strong>Radicalization of the Society as a Source of Risky and Pathological Forms of Citizens\u00b4 Voluntary Participation in the Security Sector\u00a0<\/strong><\/a><br \/>\nPhDr. Libor Stejskal, Ph.D., Center for Security Policy Institute of Political Studies,<br \/>\nFaculty of Social Sciences, Charles University in Prague<\/p>\n<hr \/>\n<p><a href=\"https:\/\/veda.polac.cz\/?page_id=3539&amp;lang=en\"><strong>Radicalization &#8211; What Leads Individuals to Extreme Behaviour?\u00a0<\/strong><\/a><br \/>\ndoc. PhDr. Ludmila \u010c\u00edrtkov\u00e1, CSc.<br \/>\nFaculty PA security management of the Czech Republic in Prague<br \/>\nDepartment of Social Sciences<\/p>\n<hr \/>\n<p><a href=\"https:\/\/veda.polac.cz\/?page_id=3541&amp;lang=en\"><strong>Moral Relativism &#8211; Risk or Challenge?\u00a0<\/strong><\/a><br \/>\nPhDr. Petr Nesvadba, CSc.<br \/>\nFaculty PA security management of the Czech Republic in Prague<br \/>\nDepartment of Social Sciences<\/p>\n<hr \/>\n<p><a href=\"https:\/\/veda.polac.cz\/?page_id=3549&amp;lang=en\"><strong>Escalation of Violence in School Environment in Germany as a Lesson for the Czech Republic (part one)\u00a0<\/strong><\/a><br \/>\nMgr. Old\u0159ich Krul\u00edk, Ph.D.<br \/>\nFaculty PA security management of the Czech Republic in Prague<br \/>\nDepartment of Crisis Management<\/p>\n<hr \/>\n<p><a href=\"https:\/\/veda.polac.cz\/?page_id=3551&amp;lang=en\"><strong>Comparison of the Systems of the Legal Regulation of Sexual Violence Crime in Particular European States\u00a0<\/strong><\/a><br \/>\npplk. JUDr. Monika Hullov\u00e1, PhD.<br \/>\nCriminal Police Department Police Academy in Bratislava<\/p>\n<hr \/>\n<p><a href=\"https:\/\/veda.polac.cz\/?page_id=3553&amp;lang=en\"><strong>US Presidential Candidates and Their Future Foreign Policy\u00a0<\/strong><\/a><br \/>\nMgr. Ji\u0159\u00ed V\u00ed\u0161ek, Faculty PA security management of the Czech Republic in Prague Department of public disciplines<br \/>\nMarek Cimpl, M. A., graduate of the Metropolitan University of London, UK<\/p>\n<hr \/>\n<p><a href=\"https:\/\/veda.polac.cz\/?page_id=3555&amp;lang=en\"><strong>The Verification of the Effectuals Lifelong Learning on Police Academy \u010cR in Prague in Academic year 2012\/2013 &#8211; 2015\/2016\u00a0<\/strong><\/a><br \/>\nDr. Zden\u011bk Kova\u0159\u00edk, CSc.<br \/>\nDepartment of Science and Research PA Czech Republic in Prague<br \/>\nMgr. Jarmila Chvostkov\u00e1<br \/>\nPA Department of Lifelong Learning in Prague, Czech Republic<\/p>\n<hr \/>\n<p><strong>Alternative for Germany: Threat or Challenge for German Democracy?\u00a0<\/strong><br \/>\nDr. Mgr. Luk\u00e1\u0161 Novotn\u00fd, M.A., University of Jan Evangelista in \u00dast\u00ed nad Labem<br \/>\nDepartment of Political Science and Philosophy Faculty of Arts<\/p>\n<hr \/>\n<p><strong>Building and Implementing the Czech National Cyber Threat Intelligence System\u00a0<\/strong><br \/>\nPavel Ba\u0161ta, CZ.NIC, z. s. p. o.; Mile\u0161ovsk\u00e1 5; 130 00 Praha 3<\/p>\n<hr \/>\n<p><strong>Using Focus Group Method in Exploring the Perspectives of European Union Development\u00a0<\/strong><br \/>\nBc. Jan \u0160toura\u010d, Bc. Adam Poto\u010d\u0148\u00e1k, Bc. Jakub \u0160iman, Bc. Martin Sl\u00e1vik, Bc. Pavel Vinkler, Bc. Pavla Pitrunov\u00e1, Bc. Vojt\u011bch Rusz, Bc. Zde\u0148ka Pa\u0159\u00edzkov\u00e1, PhDr. Josef Smol\u00edk, Ph.D, MBA,<br \/>\nFaculty of Social StudiesDivision of Security and Strategic Studies Department of Political Science<\/p>\n<hr \/>\n<p><a href=\"https:\/\/veda.polac.cz\/?page_id=1987&amp;lang=en\">Back<\/a><\/p>\n","protected":false},"excerpt":{"rendered":"<p>Radicalization of the Society as a Source of Risky and Pathological Forms of Citizens\u00b4 Voluntary Participation in the Security Sector\u00a0 PhDr. Libor Stejskal, Ph.D., Center for Security Policy Institute of Political Studies, Faculty of Social Sciences, Charles University in Prague Radicalization &#8211; What Leads Individuals to Extreme Behaviour?\u00a0 doc. PhDr. Ludmila \u010c\u00edrtkov\u00e1, CSc. Faculty PA [&hellip;]<\/p>\n","protected":false},"author":2,"featured_media":0,"parent":1987,"menu_order":15,"comment_status":"closed","ping_status":"closed","template":"","meta":{"footnotes":""},"class_list":["post-2017","page","type-page","status-publish","hentry"],"_links":{"self":[{"href":"https:\/\/veda.polac.cz\/index.php?rest_route=\/wp\/v2\/pages\/2017","targetHints":{"allow":["GET"]}}],"collection":[{"href":"https:\/\/veda.polac.cz\/index.php?rest_route=\/wp\/v2\/pages"}],"about":[{"href":"https:\/\/veda.polac.cz\/index.php?rest_route=\/wp\/v2\/types\/page"}],"author":[{"embeddable":true,"href":"https:\/\/veda.polac.cz\/index.php?rest_route=\/wp\/v2\/users\/2"}],"replies":[{"embeddable":true,"href":"https:\/\/veda.polac.cz\/index.php?rest_route=%2Fwp%2Fv2%2Fcomments&post=2017"}],"version-history":[{"count":2,"href":"https:\/\/veda.polac.cz\/index.php?rest_route=\/wp\/v2\/pages\/2017\/revisions"}],"predecessor-version":[{"id":3557,"href":"https:\/\/veda.polac.cz\/index.php?rest_route=\/wp\/v2\/pages\/2017\/revisions\/3557"}],"up":[{"embeddable":true,"href":"https:\/\/veda.polac.cz\/index.php?rest_route=\/wp\/v2\/pages\/1987"}],"wp:attachment":[{"href":"https:\/\/veda.polac.cz\/index.php?rest_route=%2Fwp%2Fv2%2Fmedia&parent=2017"}],"curies":[{"name":"wp","href":"https:\/\/api.w.org\/{rel}","templated":true}]}}