{"id":2013,"date":"2018-10-27T23:31:16","date_gmt":"2018-10-27T23:31:16","guid":{"rendered":"http:\/\/veda.polac.cz\/?page_id=2013"},"modified":"2019-04-25T02:30:16","modified_gmt":"2019-04-25T02:30:16","slug":"01-2017","status":"publish","type":"page","link":"https:\/\/veda.polac.cz\/?page_id=2013&lang=en","title":{"rendered":"01\/2017"},"content":{"rendered":"<p><a href=\"https:\/\/veda.polac.cz\/?page_id=3522&amp;lang=en\"><strong>Euro 2016 in the Perspective of Sport Mega-events: by Illusion of Security and Fun Against Terrorists?\u00a0<\/strong><\/a><br \/>\nMgr. Vendula Divi\u0161ov\u00e1, Masaryk University, Brno, Faculty of Social Studies<\/p>\n<p><a href=\"https:\/\/veda.polac.cz\/wp-content\/uploads\/2019\/04\/012017Euro-2016-z-perspektivy-sportovn\u00edch-mega-ud\u00e1lost\u00ed-Iluz\u00ed-bezpe\u010dnosti-a-z\u00e1bavy-proti-terorist\u016fm.pdf\">Download in czech language (pdf format)<\/a><\/p>\n<hr \/>\n<p><a href=\"https:\/\/veda.polac.cz\/?page_id=3524&amp;lang=en\"><strong>Social Profile of Asylum Seekers and Applicants for International Protection in the Czech Republic\u00a0<\/strong><\/a><br \/>\nMgr. \u0160t\u011bp\u00e1n Strnad, PhD. Faculty PA Security Management of the Czech Republic in Prague Department of Social Sciences<\/p>\n<p><a href=\"https:\/\/veda.polac.cz\/wp-content\/uploads\/2019\/04\/012017Soci\u00e1ln\u00ed-profil-azylant\u016f-a-\u017eadatel\u016f-o-mezin\u00e1rodn\u00ed-ochranu-v-\u010cesk\u00e9-republice.pdf\">Download in czech language (pdf format)<\/a><\/p>\n<hr \/>\n<p><a href=\"https:\/\/veda.polac.cz\/?page_id=3526&amp;lang=en\"><strong>Burnout Syndrome of the Emergency 112 Call Centre Operators\u00a0<\/strong><\/a><br \/>\nPhDr. Jitka Vesel\u00e1, Ph.D., Mgr. Helena Buchtov\u00e1 Li\u0161kov\u00e1 Faculty PA Security Management of the Czech Republic in Prague Department of Social Sciences<\/p>\n<p><a href=\"https:\/\/veda.polac.cz\/wp-content\/uploads\/2019\/04\/012017Syndrom-vyho\u0159en\u00ed-u-oper\u00e1tor\u016f-Telefonn\u00edho-centra-t\u00eds\u0148ov\u00e9ho-vol\u00e1n\u00ed-112-TCTV.pdf\">Download in czech language (pdf format)<\/a><\/p>\n<hr \/>\n<p><a href=\"https:\/\/veda.polac.cz\/?page_id=3528&amp;lang=en\"><strong>Consequences of the Largest Nuclear Accidents: Chernobyl vs. Fukushima\u00a0<\/strong><\/a><br \/>\ndoc. Ing. Jozef Sabol, DrSc., prof. Ing. Bed\u0159ich \u0160est\u00e1k, DrSc. Faculty PA Security Management of the Czech Republic in Prague Department of Crisis Management<\/p>\n<p><a href=\"https:\/\/veda.polac.cz\/wp-content\/uploads\/2019\/04\/012017D\u016fsledky-nejv\u011bt\u0161\u00edch-jadern\u00fdch-hav\u00e1ri\u00ed-\u010cernobyl-vs-Fuku\u0161ima.pdf\">Download in czech language (pdf format)<\/a><\/p>\n<hr \/>\n<p><a href=\"https:\/\/veda.polac.cz\/?page_id=3530&amp;lang=en\"><strong>To the Disciplinary Responsibility of the Members of Security Forces\u00a0<\/strong><\/a><br \/>\nJUDr. Zden\u011bk Fiala, Ph.D. Faculty PA security management of the Czech Republic in Prague Department of Public Administration<\/p>\n<p><a href=\"https:\/\/veda.polac.cz\/wp-content\/uploads\/2019\/04\/012017Ke-k\u00e1ze\u0148sk\u00e9-odpov\u011bdnosti-p\u0159\u00edslu\u0161n\u00edk\u016f-bezpe\u010dnostn\u00edch-sbor\u016f.pdf\">Download in czech language (pdf format)<\/a><\/p>\n<hr \/>\n<p><a href=\"https:\/\/veda.polac.cz\/?page_id=3532&amp;lang=en\"><strong>Escalation of Violence in School Environment in Germany as a Lesson for the Czech Republic (part two)\u00a0<\/strong><\/a><br \/>\nMgr. Old\u0159ich Krul\u00edk, Ph.D. Faculty PA security management of the Czech Republic in Prague Department of Crisis Management<\/p>\n<p><a href=\"https:\/\/veda.polac.cz\/wp-content\/uploads\/2019\/04\/012017Vyhrocen\u00e9-n\u00e1sil\u00ed-ve-\u0161koln\u00edm-prost\u0159ed\u00ed-v-N\u011bmecku-jako-pou\u010den\u00ed-pro-\u010ceskou-republiku-\u010d\u00e1st-2.pdf\">Download in czech language (pdf format)<\/a><\/p>\n<hr \/>\n<p><strong>Selected Aspects of Implementation of the Czech Armed Forces Chemical Corps Specialists\u00b4 Psychological Preparation\u00a0<\/strong><br \/>\nLt. doc. Ing. Pavel Ot\u0159\u00edsal, Ph.D., MBA, University of Defence Department of protection against weapons of mass destruction<\/p>\n<p><a href=\"https:\/\/veda.polac.cz\/wp-content\/uploads\/2019\/04\/012017Vybran\u00e9-aspekty-realizace-psychologick\u00e9-p\u0159\u00edpravy-specialist\u016f-chemick\u00e9ho-vojska-Arm\u00e1dy-\u010cesk\u00e9-republiky.pdf\">Download in czech language (pdf format)<\/a><\/p>\n<hr \/>\n<p><strong>Imprisoned Women\u00a0<\/strong><br \/>\nMgr. Eva Biedermanov\u00e1 Institute for Criminology and Social Prevention 121<\/p>\n<p><a href=\"https:\/\/veda.polac.cz\/wp-content\/uploads\/2019\/04\/012017\u017deny-ve-v\u00fdkonu-trestu-odn\u011bt\u00ed-svobody.pdf\">Download in czech language (pdf format)<\/a><\/p>\n<hr \/>\n<p><strong>Exercises of the Crisis Management Authorities\u00a0<\/strong><br \/>\nLt. Ing. Hana Malachov\u00e1, Ph.D., Ing. Alena Oulehlov\u00e1, Ph.D. University of Defense, Brno, Department of Crisis Management<\/p>\n<hr \/>\n<p><a href=\"https:\/\/veda.polac.cz\/?page_id=1985&amp;lang=en\">Back<\/a><\/p>\n","protected":false},"excerpt":{"rendered":"<p>Euro 2016 in the Perspective of Sport Mega-events: by Illusion of Security and Fun Against Terrorists?\u00a0 Mgr. Vendula Divi\u0161ov\u00e1, Masaryk University, Brno, Faculty of Social Studies Download in czech language (pdf format) Social Profile of Asylum Seekers and Applicants for International Protection in the Czech Republic\u00a0 Mgr. \u0160t\u011bp\u00e1n Strnad, PhD. Faculty PA Security Management of [&hellip;]<\/p>\n","protected":false},"author":2,"featured_media":0,"parent":1985,"menu_order":14,"comment_status":"closed","ping_status":"closed","template":"","meta":{"footnotes":""},"class_list":["post-2013","page","type-page","status-publish","hentry"],"_links":{"self":[{"href":"https:\/\/veda.polac.cz\/index.php?rest_route=\/wp\/v2\/pages\/2013","targetHints":{"allow":["GET"]}}],"collection":[{"href":"https:\/\/veda.polac.cz\/index.php?rest_route=\/wp\/v2\/pages"}],"about":[{"href":"https:\/\/veda.polac.cz\/index.php?rest_route=\/wp\/v2\/types\/page"}],"author":[{"embeddable":true,"href":"https:\/\/veda.polac.cz\/index.php?rest_route=\/wp\/v2\/users\/2"}],"replies":[{"embeddable":true,"href":"https:\/\/veda.polac.cz\/index.php?rest_route=%2Fwp%2Fv2%2Fcomments&post=2013"}],"version-history":[{"count":3,"href":"https:\/\/veda.polac.cz\/index.php?rest_route=\/wp\/v2\/pages\/2013\/revisions"}],"predecessor-version":[{"id":5373,"href":"https:\/\/veda.polac.cz\/index.php?rest_route=\/wp\/v2\/pages\/2013\/revisions\/5373"}],"up":[{"embeddable":true,"href":"https:\/\/veda.polac.cz\/index.php?rest_route=\/wp\/v2\/pages\/1985"}],"wp:attachment":[{"href":"https:\/\/veda.polac.cz\/index.php?rest_route=%2Fwp%2Fv2%2Fmedia&parent=2013"}],"curies":[{"name":"wp","href":"https:\/\/api.w.org\/{rel}","templated":true}]}}