{"id":2011,"date":"2018-10-27T23:28:03","date_gmt":"2018-10-27T23:28:03","guid":{"rendered":"http:\/\/veda.polac.cz\/?page_id=2011"},"modified":"2019-04-25T02:20:00","modified_gmt":"2019-04-25T02:20:00","slug":"02-2017","status":"publish","type":"page","link":"https:\/\/veda.polac.cz\/?page_id=2011&lang=en","title":{"rendered":"02\/2017"},"content":{"rendered":"<p><a href=\"https:\/\/veda.polac.cz\/?page_id=3506&amp;lang=en\"><strong>Changes in Value Hierarchy of Young Offenders as a Reflection of Pathology in Their Quality of Life<\/strong><\/a><br \/>\nPhDr. Petr Ju\u0159\u00ed\u010dek, Ph.D., College of Karel Englis, a.s., Institute of Security and Law<\/p>\n<p><a href=\"https:\/\/veda.polac.cz\/wp-content\/uploads\/2019\/04\/022017Zm\u011bny-hodnotov\u00e9-hierarchie-mlad\u00fdch-delikvent\u016f-jako-reflexe-patologie-v-kvalit\u011b-jejich-\u017eivota-kopie.pdf\">Download in czech language (pdf format)<\/a><\/p>\n<hr \/>\n<p><a href=\"https:\/\/veda.polac.cz\/?page_id=3508&amp;lang=en\"><strong>Scenarios of Integrity Tests &#8211; Research Findings From the Environment of the Prison Service of the Czech Republic<\/strong><\/a><br \/>\npplk. JUDr. Josef Hrudka, Ph.D., Faculty of Security and Law, The Police Academy of the Czech Republic in Prague, Department of Police Activities<\/p>\n<p><a href=\"https:\/\/veda.polac.cz\/wp-content\/uploads\/2019\/04\/022017Sc\u00e9n\u00e1\u0159e-zkou\u0161ek-spolehlivosti-\u2013-v\u00fdzkumn\u00e1-zji\u0161t\u011bn\u00ed-z-prost\u0159ed\u00ed-V\u011bze\u0148sk\u00e9-slu\u017eby-\u010cR.pdf\">Download in czech language (pdf format)<\/a><\/p>\n<hr \/>\n<p><a href=\"https:\/\/veda.polac.cz\/?page_id=3510&amp;lang=en\"><strong>Detection of Public Procurement Crime<\/strong><\/a><br \/>\ndoc. Ing. Lubor Hru\u0161ka, Ph.D.; Ing. Ivana Foldynov\u00e1, Ph.D.; Ing. Radek Fujak;<br \/>\nResearch Institute ACCENDO &#8211; Center for Science and Research<br \/>\nIng. Vratislav Dvo\u0159\u00e1k, Ph.D., Faculty of Security Law, The Police Academy of the Czech Republic in Prague, Department of Criminal Police<\/p>\n<p><a href=\"https:\/\/veda.polac.cz\/wp-content\/uploads\/2019\/04\/022017Problematika-odhalov\u00e1n\u00ed-trestn\u00e9-\u010dinnosti-spojen\u00e9-s-ve\u0159ejn\u00fdmi-zak\u00e1zkami.pdf\">Download in czech language (pdf format)<\/a><\/p>\n<hr \/>\n<p><a href=\"https:\/\/veda.polac.cz\/?page_id=3512&amp;lang=en\"><strong>Some Selected Aspects of Crime Against Life in the Law of the Criminal Law of the Slovak and the Czech Republic<\/strong><\/a><br \/>\npplk. JUDr. Veronika Markov\u00e1, PhD., JUDr. Ladislav Bal\u00fan<br \/>\nAcademy of the Police College in Bratislava, Department of Criminal Law<\/p>\n<p><a href=\"https:\/\/veda.polac.cz\/wp-content\/uploads\/2019\/04\/022017Niektor\u00e9-vybran\u00e9-aspekty-trestn\u00fdch-\u010dinov-proti-\u017eivotu-v-pr\u00e1vnej-\u00faprave-Trestn\u00e9ho-z\u00e1kona-Slovenskej-a-\u010ceskej-republiky.pdf\">Download in czech language (pdf format)<\/a><\/p>\n<hr \/>\n<p><a href=\"https:\/\/veda.polac.cz\/?page_id=3514&amp;lang=en\"><strong>Theory of Extremism and the Possibilities and Limits of Its Use in the Czech Republic at Present<\/strong><\/a><br \/>\nMgr. Jan Charv\u00e1t, Ph.D. et M.A., Faculty of Philosophy, UJEP, \u00dast\u00ed nad Labem<br \/>\nDepartment of Political Science and Philosophy<\/p>\n<p><a href=\"https:\/\/veda.polac.cz\/wp-content\/uploads\/2019\/04\/022017Pojem-extremismus-a-jeho-aktu\u00e1ln\u00ed-mo\u017enosti-pou\u017eit\u00ed-v-\u010cesk\u00e9-republice1.pdf\">Download in czech language (pdf format)<\/a><\/p>\n<hr \/>\n<p><strong>Aspects of Strategic Police Management<\/strong><br \/>\ndoc. Ing. Roman Zuzak, Ph.D., Ing. Dana Junkov\u00e1, Ph.D.<br \/>\nFaculty of Safety Management, The Police Academy of the Czech Republicin Prague, Department of Management and Informatics<\/p>\n<p><a href=\"https:\/\/veda.polac.cz\/wp-content\/uploads\/2019\/04\/022017Aspekty-strategick\u00e9ho-managementu-policie.pdf\">Download in czech language (pdf format)<\/a><\/p>\n<hr \/>\n<p><strong>Disinformation and Russian Propaganda as Security Threats<\/strong><br \/>\nMartin Kovani\u010d, M.A., PhD., Institute of Social Development<br \/>\nFaculty of Regional Development and International Studies<br \/>\nMendel University in Brno<\/p>\n<p><a href=\"https:\/\/veda.polac.cz\/wp-content\/uploads\/2019\/04\/022017Dezinformacie-a-propaganda.pdf\">Download in czech language (pdf format)<\/a><\/p>\n<hr \/>\n<p><strong>The Protection of Industrial Property Rights at the Level of Civil Rights<\/strong><br \/>\nJUDr. Ale\u0161 Zp\u011bv\u00e1k, Ph.D., Jan Amos Komensk\u00fd University, Prague<br \/>\nJUDr. Ing. Martin Kohout, Ph.D., Jan Amos Komensk\u00fd University, Prague<\/p>\n<p><a href=\"https:\/\/veda.polac.cz\/wp-content\/uploads\/2019\/04\/022017Ochrana-pr\u016fmyslov\u00fdch-pr\u00e1v-se-zam\u011b\u0159en\u00edm-na-civiln\u00ed-pr\u00e1vo.pdf\">Download in czech language (pdf format)<\/a><\/p>\n<hr \/>\n<p><strong>VIII. An International Week at the Poliziakademie Niedersachsen<\/strong><br \/>\nMgr. Old\u0159ich Krul\u00edk, Ph.D., Faculty of Security Management, The Police Academy of the Czech Republic in Prague, Department of Crisis Management<\/p>\n<p><a href=\"https:\/\/veda.polac.cz\/wp-content\/uploads\/2019\/04\/022017VIII.-mezin\u00e1rodn\u00ed-t\u00fdden-v-r\u00e1mci-Polizeiakademie-Niedersachsen.pdf\">Download in czech language (pdf format)<\/a><\/p>\n<hr \/>\n<p><a href=\"https:\/\/veda.polac.cz\/?page_id=1985&amp;lang=en\">Back<\/a><\/p>\n","protected":false},"excerpt":{"rendered":"<p>Changes in Value Hierarchy of Young Offenders as a Reflection of Pathology in Their Quality of Life PhDr. Petr Ju\u0159\u00ed\u010dek, Ph.D., College of Karel Englis, a.s., Institute of Security and Law Download in czech language (pdf format) Scenarios of Integrity Tests &#8211; Research Findings From the Environment of the Prison Service of the Czech Republic [&hellip;]<\/p>\n","protected":false},"author":2,"featured_media":0,"parent":1985,"menu_order":13,"comment_status":"closed","ping_status":"closed","template":"","meta":{"footnotes":""},"class_list":["post-2011","page","type-page","status-publish","hentry"],"_links":{"self":[{"href":"https:\/\/veda.polac.cz\/index.php?rest_route=\/wp\/v2\/pages\/2011","targetHints":{"allow":["GET"]}}],"collection":[{"href":"https:\/\/veda.polac.cz\/index.php?rest_route=\/wp\/v2\/pages"}],"about":[{"href":"https:\/\/veda.polac.cz\/index.php?rest_route=\/wp\/v2\/types\/page"}],"author":[{"embeddable":true,"href":"https:\/\/veda.polac.cz\/index.php?rest_route=\/wp\/v2\/users\/2"}],"replies":[{"embeddable":true,"href":"https:\/\/veda.polac.cz\/index.php?rest_route=%2Fwp%2Fv2%2Fcomments&post=2011"}],"version-history":[{"count":3,"href":"https:\/\/veda.polac.cz\/index.php?rest_route=\/wp\/v2\/pages\/2011\/revisions"}],"predecessor-version":[{"id":5363,"href":"https:\/\/veda.polac.cz\/index.php?rest_route=\/wp\/v2\/pages\/2011\/revisions\/5363"}],"up":[{"embeddable":true,"href":"https:\/\/veda.polac.cz\/index.php?rest_route=\/wp\/v2\/pages\/1985"}],"wp:attachment":[{"href":"https:\/\/veda.polac.cz\/index.php?rest_route=%2Fwp%2Fv2%2Fmedia&parent=2011"}],"curies":[{"name":"wp","href":"https:\/\/api.w.org\/{rel}","templated":true}]}}