{"id":2001,"date":"2018-10-27T23:15:44","date_gmt":"2018-10-27T23:15:44","guid":{"rendered":"http:\/\/veda.polac.cz\/?page_id=2001"},"modified":"2019-04-25T02:13:01","modified_gmt":"2019-04-25T02:13:01","slug":"01-2018","status":"publish","type":"page","link":"https:\/\/veda.polac.cz\/?page_id=2001&lang=en","title":{"rendered":"01\/2018"},"content":{"rendered":"<p><a href=\"https:\/\/veda.polac.cz\/?page_id=3409&amp;lang=en\"><strong>Trends in the Fusion of PoliceAactivities and Information and Communication Technologies<\/strong><\/a><br \/>\nDr. h. c. doc. JUDr. Lucia Kurilovsk\u00e1, PhD., Dr. h. c., Institute of State and Law SAS Academy of the Police Corps in Bratislava<br \/>\nplk. Ing. Stanislav \u0160i\u0161ul\u00e1k, PhD., Academy of the Police Corps in Bratislava<\/p>\n<p><a href=\"https:\/\/veda.polac.cz\/wp-content\/uploads\/2019\/04\/012018Trendy-f\u00fazie-policajn\u00fdch-\u010dinnost\u00ed-a-informa\u010dno-komunika\u010dn\u00fdch-technol\u00f3gi\u00ed1.pdf\">Download in czech language (pdf format)<\/a><\/p>\n<hr \/>\n<p><a href=\"https:\/\/veda.polac.cz\/?page_id=3412&amp;lang=en\"><strong>To the Position of Head Officer in Disciplinary Proceedings and to the Solution of theIinstitute of Bias<\/strong><\/a><br \/>\nJUDr. PhDr. Zden\u011bk Fiala, Ph.D., Police Academy of Czech Republic in Prague, Faculty of Security Management, Department of Public Administration<\/p>\n<p><a href=\"https:\/\/veda.polac.cz\/wp-content\/uploads\/2019\/04\/012018K-postaven\u00ed-slu\u017eebn\u00edho-funkcion\u00e1\u0159e-v-k\u00e1ze\u0148sk\u00e9m-\u0159\u00edzen\u00ed-a-\u0159e\u0161en\u00ed-n\u00e1mitky-podjatosti.pdf\">Download in czech language (pdf format)<\/a><\/p>\n<hr \/>\n<p><a href=\"https:\/\/veda.polac.cz\/?page_id=3414&amp;lang=en\"><strong>Forensic Psychological Aspects of the Perpetrator of the Insurance Fraud and its Indication<\/strong><\/a><br \/>\nMgr. Martin Vysko\u010dil, PhD student, Police Academy of Czech Republic in Prague<\/p>\n<p><a href=\"https:\/\/veda.polac.cz\/wp-content\/uploads\/2019\/04\/012018Forenzn\u011b-psychologick\u00e9-aspekty-pachatele-pojistn\u00e9ho-podvodu-a-jeho-indikace.pdf\">Download in czech language (pdf format)<\/a><\/p>\n<hr \/>\n<p><a href=\"https:\/\/veda.polac.cz\/?page_id=3430&amp;lang=en\"><strong>Foreign Studies Related to the Potential Disruption of oil and oil Products Distribution and to the Crisis Communication Related to oil Industry<\/strong><\/a><br \/>\nMgr. Luk\u00e1\u0161 Harazin, Ph.D.; Mgr. Old\u0159ich Krul\u00edk, Ph.D., Police Academy of Czech Republic in Prague, Faculty of Security Management, Department of Crisis Management<\/p>\n<p><a href=\"https:\/\/veda.polac.cz\/wp-content\/uploads\/2019\/04\/012018Zahrani\u010dn\u00ed-studie-v\u011bnovan\u00e9-mo\u017en\u00e9mu-naru\u0161en\u00ed-z\u00e1sobov\u00e1n\u00ed-ropou-a-ropn\u00fdmi-produkty-a-krizov\u00e9-komunikaci-souvisej\u00edc\u00ed-s-ropn\u00fdm-pr\u016fmyslem.pdf\">Download in czech language (pdf format)<\/a><\/p>\n<hr \/>\n<p><a href=\"https:\/\/veda.polac.cz\/?page_id=3432&amp;lang=en\"><strong>Tax Frauds in Cross-Border Trade<\/strong><\/a><br \/>\ndoc. Ing. Alexej Sato, CSc., University of Economics, Prague, Department of Foreign Business<\/p>\n<p><a href=\"https:\/\/veda.polac.cz\/wp-content\/uploads\/2019\/04\/012018Da\u0148ov\u00e9-podvody-v-p\u0159eshrani\u010dn\u00edm-obchod\u011b.pdf\">Download in czech language (pdf format)<\/a><\/p>\n<hr \/>\n<p><a href=\"https:\/\/veda.polac.cz\/?page_id=3434&amp;lang=en\"><strong>The Perception of Security Threats to the Czech Republic<\/strong><\/a><br \/>\nMgr. Lenka Jakubcov\u00e1, Ph.D., Police Academy of Czech Republic in Prague, Faculty of Security Management, Department of Crisis Management<\/p>\n<p><a href=\"https:\/\/veda.polac.cz\/wp-content\/uploads\/2019\/04\/012018Vn\u00edm\u00e1n\u00ed-bezpe\u010dnostn\u00edch-hrozeb-pro-\u010ceskou-republiku.pdf\">Download in czech language (pdf format)<\/a><\/p>\n<hr \/>\n<p><a href=\"https:\/\/veda.polac.cz\/?page_id=3436&amp;lang=en\"><strong>The Dissolution of Political Parties in the Czech Republic and the Slovak Republic<\/strong><\/a><br \/>\nMartin Kovani\u010d, M.A., Ph.D., PhDr. Josef Smol\u00edk, Ph.D., MBA, LL.M., Institute of Social Development, Faculty of Regional Development and International Studies, Mendel University in Brno<\/p>\n<p><a href=\"https:\/\/veda.polac.cz\/wp-content\/uploads\/2019\/04\/012018Rozpustenie-politick\u00fdch-str\u00e1n-v-\u010ceskej-republike-a-Slovenskej-republike.pdf\">Download in czech language (pdf format)<\/a><\/p>\n<hr \/>\n<p><a href=\"https:\/\/veda.polac.cz\/?page_id=3438&amp;lang=en\"><strong>Drivers Under the Influence of Addictive Substances (alcohol included)<\/strong><\/a><br \/>\nplk. JUDr. Mgr. Michal Hol\u010dapek, PhD. student, Police Academy of Czech Republic in Prague, Regional Section \u010cesk\u00e9 Bud\u011bjovice, Regional Directory of the Police of the South Bohemian Region<\/p>\n<p><a href=\"https:\/\/veda.polac.cz\/wp-content\/uploads\/2019\/04\/012018\u0158idi\u010di-pod-vlivem-n\u00e1vykov\u00fdch-l\u00e1tek.pdf\">Download in czech language (pdf format)<\/a><\/p>\n<hr \/>\n<p><strong>The Analysis of Readiness of the Crisis Management System in the SR in Implementing the Internal Security of the European Union<\/strong><br \/>\nJUDr. Eva Kem\u00e9\u0148ov\u00e1, PhD., Academy of the Police Corps in Bratislava, Public Administration and Crisis Management Department<\/p>\n<p><a href=\"https:\/\/veda.polac.cz\/wp-content\/uploads\/2019\/04\/012018Anal\u00fdza-pripravenosti-syst\u00e9mu-kr\u00edzov\u00e9ho-mana\u017ementu-v-SR-pri-realiz\u00e1cii-vn\u00fatornej-bezpe\u010dnosti-Eur\u00f3pskej-\u00fanie.pdf\">Download in czech language (pdf format)<\/a><\/p>\n<hr \/>\n<p><strong>Recent Developments Regarding the &#8222;National University of Public Service&#8220; Hungary<\/strong><br \/>\nMgr. Franti\u0161ek H\u0159eb\u00edk, Ph.D., Police Academy of Czech Republic in Prague, Faculty of Security Management, Department of Management and Informatics<br \/>\nMgr. Old\u0159ich Krul\u00edk, Ph.D., Police Academy of Czech Republic in Prague, Faculty of Security Management, Department of Crisis Management<\/p>\n<hr \/>\n<p><a href=\"https:\/\/veda.polac.cz\/?page_id=1985&amp;lang=en\">Back<\/a><\/p>\n","protected":false},"excerpt":{"rendered":"<p>Trends in the Fusion of PoliceAactivities and Information and Communication Technologies Dr. h. c. doc. JUDr. Lucia Kurilovsk\u00e1, PhD., Dr. h. c., Institute of State and Law SAS Academy of the Police Corps in Bratislava plk. Ing. Stanislav \u0160i\u0161ul\u00e1k, PhD., Academy of the Police Corps in Bratislava Download in czech language (pdf format) To the [&hellip;]<\/p>\n","protected":false},"author":2,"featured_media":0,"parent":1985,"menu_order":10,"comment_status":"closed","ping_status":"closed","template":"","meta":{"footnotes":""},"class_list":["post-2001","page","type-page","status-publish","hentry"],"_links":{"self":[{"href":"https:\/\/veda.polac.cz\/index.php?rest_route=\/wp\/v2\/pages\/2001","targetHints":{"allow":["GET"]}}],"collection":[{"href":"https:\/\/veda.polac.cz\/index.php?rest_route=\/wp\/v2\/pages"}],"about":[{"href":"https:\/\/veda.polac.cz\/index.php?rest_route=\/wp\/v2\/types\/page"}],"author":[{"embeddable":true,"href":"https:\/\/veda.polac.cz\/index.php?rest_route=\/wp\/v2\/users\/2"}],"replies":[{"embeddable":true,"href":"https:\/\/veda.polac.cz\/index.php?rest_route=%2Fwp%2Fv2%2Fcomments&post=2001"}],"version-history":[{"count":4,"href":"https:\/\/veda.polac.cz\/index.php?rest_route=\/wp\/v2\/pages\/2001\/revisions"}],"predecessor-version":[{"id":5361,"href":"https:\/\/veda.polac.cz\/index.php?rest_route=\/wp\/v2\/pages\/2001\/revisions\/5361"}],"up":[{"embeddable":true,"href":"https:\/\/veda.polac.cz\/index.php?rest_route=\/wp\/v2\/pages\/1985"}],"wp:attachment":[{"href":"https:\/\/veda.polac.cz\/index.php?rest_route=%2Fwp%2Fv2%2Fmedia&parent=2001"}],"curies":[{"name":"wp","href":"https:\/\/api.w.org\/{rel}","templated":true}]}}