{"id":1985,"date":"2018-10-27T22:43:40","date_gmt":"2018-10-27T22:43:40","guid":{"rendered":"http:\/\/veda.polac.cz\/?page_id=1985"},"modified":"2020-01-16T13:41:17","modified_gmt":"2020-01-16T13:41:17","slug":"years-2018-2017","status":"publish","type":"page","link":"https:\/\/veda.polac.cz\/?page_id=1985&lang=en","title":{"rendered":"Years 2019-2017"},"content":{"rendered":"<p>The periodical of the Police Academy of the Czech Republic in Prague is now published four times a year. On the web site you will find contents of numbers since 2000 and pdf formats of individual articles published since 2017. In English you can download pdf format of the articles in 4. period 2017.<\/p>\n<p><strong>Rok 2019<\/strong><\/p>\n<ul>\n<li><a href=\"https:\/\/veda.polac.cz\/?page_id=5784&amp;lang=en(otev\u0159e se na nov\u00e9 z\u00e1lo\u017ece)\" data-wplink-url-error=\"true\">03\/2019<\/a><\/li>\n<li><a href=\"https:\/\/veda.polac.cz\/?page_id=5601&amp;lang=en\">02\/2019<\/a><\/li>\n<li><a href=\"https:\/\/veda.polac.cz\/?page_id=5648&amp;lang=en\">01\/2019<\/a><\/li>\n<\/ul>\n<p><strong>Rok 2018<\/strong><\/p>\n<ul>\n<li><a href=\"https:\/\/veda.polac.cz\/?page_id=3293&amp;lang=en\">04\/2018<\/a><\/li>\n<li><a href=\"https:\/\/veda.polac.cz\/?page_id=3295&amp;lang=en\">03\/2018<\/a><\/li>\n<li><a href=\"https:\/\/veda.polac.cz\/?page_id=1998&amp;lang=en\">02\/2018<\/a><\/li>\n<li><a href=\"https:\/\/veda.polac.cz\/?page_id=2001&amp;lang=en\">01\/2018<\/a><\/li>\n<\/ul>\n<p><strong>Rok 2017<\/strong><\/p>\n<ul>\n<li><a href=\"https:\/\/veda.polac.cz\/?page_id=2005&amp;lang=en\">04\/2017<\/a><\/li>\n<li><a href=\"https:\/\/veda.polac.cz\/?page_id=2008&amp;lang=en\">03\/2017<\/a><\/li>\n<li><a href=\"https:\/\/veda.polac.cz\/?page_id=2011&amp;lang=en\">02\/2017<\/a><\/li>\n<li><a href=\"https:\/\/veda.polac.cz\/?page_id=2013&amp;lang=en\">01\/2017<\/a><\/li>\n<\/ul>\n<hr \/>\n<p><a href=\"https:\/\/veda.polac.cz\/?page_id=1987&amp;lang=en\">Older articles<\/a><\/p>\n","protected":false},"excerpt":{"rendered":"<p>The periodical of the Police Academy of the Czech Republic in Prague is now published four times a year. On the web site you will find contents of numbers since 2000 and pdf formats of individual articles published since 2017. In English you can download pdf format of the articles in 4. period 2017. Rok [&hellip;]<\/p>\n","protected":false},"author":2,"featured_media":0,"parent":1981,"menu_order":7,"comment_status":"closed","ping_status":"closed","template":"","meta":{"footnotes":""},"class_list":["post-1985","page","type-page","status-publish","hentry"],"_links":{"self":[{"href":"https:\/\/veda.polac.cz\/index.php?rest_route=\/wp\/v2\/pages\/1985","targetHints":{"allow":["GET"]}}],"collection":[{"href":"https:\/\/veda.polac.cz\/index.php?rest_route=\/wp\/v2\/pages"}],"about":[{"href":"https:\/\/veda.polac.cz\/index.php?rest_route=\/wp\/v2\/types\/page"}],"author":[{"embeddable":true,"href":"https:\/\/veda.polac.cz\/index.php?rest_route=\/wp\/v2\/users\/2"}],"replies":[{"embeddable":true,"href":"https:\/\/veda.polac.cz\/index.php?rest_route=%2Fwp%2Fv2%2Fcomments&post=1985"}],"version-history":[{"count":16,"href":"https:\/\/veda.polac.cz\/index.php?rest_route=\/wp\/v2\/pages\/1985\/revisions"}],"predecessor-version":[{"id":5788,"href":"https:\/\/veda.polac.cz\/index.php?rest_route=\/wp\/v2\/pages\/1985\/revisions\/5788"}],"up":[{"embeddable":true,"href":"https:\/\/veda.polac.cz\/index.php?rest_route=\/wp\/v2\/pages\/1981"}],"wp:attachment":[{"href":"https:\/\/veda.polac.cz\/index.php?rest_route=%2Fwp%2Fv2%2Fmedia&parent=1985"}],"curies":[{"name":"wp","href":"https:\/\/api.w.org\/{rel}","templated":true}]}}