{"id":197,"date":"2018-09-08T06:21:24","date_gmt":"2018-09-08T06:21:24","guid":{"rendered":"http:\/\/veda.polac.cz\/?page_id=197"},"modified":"2018-11-02T23:13:51","modified_gmt":"2018-11-02T23:13:51","slug":"197-2","status":"publish","type":"page","link":"https:\/\/veda.polac.cz\/?page_id=197","title":{"rendered":""},"content":{"rendered":"<p style=\"text-align: center;\">Resum\u00e9 \u010dl\u00e1nku<\/p>\n<p><strong>\u0158idi\u010di pod vlivem n\u00e1vykov\u00fdch l\u00e1tek (v\u010detn\u011b alkoholu)<\/strong><br \/>\n<em>plk. JUDr. Mgr. Michal Hol\u010dapek, student doktorsk\u00e9ho studia Policejn\u00ed akademie \u010cesk\u00e9 republiky v Praze, \u00fazemn\u00ed odbor \u010cesk\u00e9 Bud\u011bjovice Krajsk\u00e9 \u0159editelstv\u00ed policie Jiho\u010desk\u00e9ho kraje<\/em><\/p>\n<p>Dynamika \u0159idi\u010d\u016f \u0159\u00edd\u00edc\u00edch motorov\u00e1 vozidla pod vlivem n\u00e1vykov\u00fdch l\u00e1tek vykazuje v posledn\u00edch letech neust\u00e1l\u00fd vzestup. V praxi v\u0161ak doch\u00e1z\u00ed ke zna\u010dn\u00fdm probl\u00e9m\u016fm, pokud jde o posuzov\u00e1n\u00ed pr\u00e1vn\u00ed odpov\u011bdnosti \u0159idi\u010d\u016f, kte\u0159\u00ed \u0159\u00edd\u00ed dopravn\u00ed prost\u0159edek pod vlivem jin\u00e9 n\u00e1vykov\u00e9 l\u00e1tky ne\u017e alkoholu. P\u0159i posuzov\u00e1n\u00ed odpov\u011bdnosti za tato jedn\u00e1n\u00ed je nutn\u00e9 postupovat v posloupnosti, tedy nejprve vylou\u010dit, \u017ee se \u0159idi\u010d dopustil trestn\u00e9ho \u010dinu a pot\u00e9 posuzovat, zda se dopustil p\u0159estupku, \u010di nedo\u0161lo v\u016fbec k protipr\u00e1vn\u00edmu jedn\u00e1n\u00ed.<br \/>\n<strong>Kl\u00ed\u010dov\u00e1 slova:<\/strong>\u00a0stanovisko, n\u00e1vykov\u00e1 l\u00e1tka, p\u0159estupek, p\u0159e\u010din.<\/p>\n<p><a href=\"https:\/\/veda.polac.cz\/wp-content\/uploads\/2018\/11\/012018\u0158idi\u010di-pod-vlivem-n\u00e1vykov\u00fdch-l\u00e1tek.pdf\">Pdf form\u00e1t<\/a><\/p>\n<p><a href=\"https:\/\/veda.polac.cz\/?page_id=85\">01\/2018<\/a><\/p>\n","protected":false},"excerpt":{"rendered":"<p>Resum\u00e9 \u010dl\u00e1nku \u0158idi\u010di pod vlivem n\u00e1vykov\u00fdch l\u00e1tek (v\u010detn\u011b alkoholu) plk. JUDr. Mgr. Michal Hol\u010dapek, student doktorsk\u00e9ho studia Policejn\u00ed akademie \u010cesk\u00e9 republiky v Praze, \u00fazemn\u00ed odbor \u010cesk\u00e9 Bud\u011bjovice Krajsk\u00e9 \u0159editelstv\u00ed policie Jiho\u010desk\u00e9ho kraje Dynamika \u0159idi\u010d\u016f \u0159\u00edd\u00edc\u00edch motorov\u00e1 vozidla pod vlivem n\u00e1vykov\u00fdch l\u00e1tek vykazuje v posledn\u00edch letech neust\u00e1l\u00fd vzestup. V praxi v\u0161ak doch\u00e1z\u00ed ke zna\u010dn\u00fdm probl\u00e9m\u016fm, pokud [&hellip;]<\/p>\n","protected":false},"author":2,"featured_media":0,"parent":85,"menu_order":8,"comment_status":"closed","ping_status":"closed","template":"","meta":{"footnotes":""},"class_list":["post-197","page","type-page","status-publish","hentry"],"_links":{"self":[{"href":"https:\/\/veda.polac.cz\/index.php?rest_route=\/wp\/v2\/pages\/197","targetHints":{"allow":["GET"]}}],"collection":[{"href":"https:\/\/veda.polac.cz\/index.php?rest_route=\/wp\/v2\/pages"}],"about":[{"href":"https:\/\/veda.polac.cz\/index.php?rest_route=\/wp\/v2\/types\/page"}],"author":[{"embeddable":true,"href":"https:\/\/veda.polac.cz\/index.php?rest_route=\/wp\/v2\/users\/2"}],"replies":[{"embeddable":true,"href":"https:\/\/veda.polac.cz\/index.php?rest_route=%2Fwp%2Fv2%2Fcomments&post=197"}],"version-history":[{"count":6,"href":"https:\/\/veda.polac.cz\/index.php?rest_route=\/wp\/v2\/pages\/197\/revisions"}],"predecessor-version":[{"id":2162,"href":"https:\/\/veda.polac.cz\/index.php?rest_route=\/wp\/v2\/pages\/197\/revisions\/2162"}],"up":[{"embeddable":true,"href":"https:\/\/veda.polac.cz\/index.php?rest_route=\/wp\/v2\/pages\/85"}],"wp:attachment":[{"href":"https:\/\/veda.polac.cz\/index.php?rest_route=%2Fwp%2Fv2%2Fmedia&parent=197"}],"curies":[{"name":"wp","href":"https:\/\/api.w.org\/{rel}","templated":true}]}}