{"id":1959,"date":"2018-10-27T19:52:40","date_gmt":"2018-10-27T19:52:40","guid":{"rendered":"http:\/\/veda.polac.cz\/?page_id=1959"},"modified":"2026-01-09T09:25:34","modified_gmt":"2026-01-09T09:25:34","slug":"contact","status":"publish","type":"page","link":"https:\/\/veda.polac.cz\/?page_id=1959&lang=en","title":{"rendered":"Contact"},"content":{"rendered":"<p><strong><em>Mgr. Martina Posp\u00ed\u0161ilov\u00e1<\/em><\/strong><br \/>\n<em><b>Secretary of the journal &#8222;Security Theory and Practice&#8220;<br \/>\n<\/b><b>Human Resources Department<\/b><\/em><br \/>\n<em><b>Police Academy of the Czech Republic in Prague<\/b><\/em><\/p>\n<p style=\"text-align: left;\" align=\"center\">Lhoteck\u00e1 559\/7<br \/>\nP.O. Box 54<br \/>\n143 00 Praha 12 &#8211; Kam\u00fdk<\/p>\n<p style=\"text-align: left;\"><em><b>tel: +420 974 828 502<br \/>\n<\/b><\/em><em><b>e-mail: <a href=\"mailto:pospisilova@polac.cz\">pospisilova@polac.cz<\/a><\/b><\/em><\/p>\n<p style=\"text-align: left;\">\n","protected":false},"excerpt":{"rendered":"<p>Mgr. Martina Posp\u00ed\u0161ilov\u00e1 Secretary of the journal &#8222;Security Theory and Practice&#8220; Human Resources Department Police Academy of the Czech Republic in Prague Lhoteck\u00e1 559\/7 P.O. Box 54 143 00 Praha 12 &#8211; Kam\u00fdk tel: +420 974 828 502 e-mail: pospisilova@polac.cz<\/p>\n","protected":false},"author":2,"featured_media":0,"parent":0,"menu_order":6,"comment_status":"closed","ping_status":"closed","template":"","meta":{"footnotes":""},"class_list":["post-1959","page","type-page","status-publish","hentry"],"_links":{"self":[{"href":"https:\/\/veda.polac.cz\/index.php?rest_route=\/wp\/v2\/pages\/1959","targetHints":{"allow":["GET"]}}],"collection":[{"href":"https:\/\/veda.polac.cz\/index.php?rest_route=\/wp\/v2\/pages"}],"about":[{"href":"https:\/\/veda.polac.cz\/index.php?rest_route=\/wp\/v2\/types\/page"}],"author":[{"embeddable":true,"href":"https:\/\/veda.polac.cz\/index.php?rest_route=\/wp\/v2\/users\/2"}],"replies":[{"embeddable":true,"href":"https:\/\/veda.polac.cz\/index.php?rest_route=%2Fwp%2Fv2%2Fcomments&post=1959"}],"version-history":[{"count":16,"href":"https:\/\/veda.polac.cz\/index.php?rest_route=\/wp\/v2\/pages\/1959\/revisions"}],"predecessor-version":[{"id":7813,"href":"https:\/\/veda.polac.cz\/index.php?rest_route=\/wp\/v2\/pages\/1959\/revisions\/7813"}],"wp:attachment":[{"href":"https:\/\/veda.polac.cz\/index.php?rest_route=%2Fwp%2Fv2%2Fmedia&parent=1959"}],"curies":[{"name":"wp","href":"https:\/\/api.w.org\/{rel}","templated":true}]}}