{"id":1940,"date":"2018-10-27T17:58:44","date_gmt":"2018-10-27T17:58:44","guid":{"rendered":"http:\/\/veda.polac.cz\/?page_id=1940"},"modified":"2026-01-06T13:51:25","modified_gmt":"2026-01-06T13:51:25","slug":"redakcni-rada-a-vedecka-redakce-2","status":"publish","type":"page","link":"https:\/\/veda.polac.cz\/?page_id=1940","title":{"rendered":"Redak\u010dn\u00ed rada a V\u011bdeck\u00e1 redakce"},"content":{"rendered":"<p style=\"text-align: left;\" align=\"justify\"><strong>Periodikum Policejn\u00ed akademie \u010cesk\u00e9 republiky v Praze<br \/>\n<\/strong>V evidenci periodick\u00e9ho tisku evidov\u00e1no pod \u010d\u00edslem MK \u010cR E 21198.<br \/>\nVych\u00e1z\u00ed \u010dtvrtletn\u011b.<br \/>\nRedak\u010dn\u00ed rada pln\u00ed z\u00e1rove\u0148 funkci V\u011bdeck\u00e9 redakce periodika.<\/p>\n<hr \/>\n<p><b>P\u0159edseda redak\u010dn\u00ed rady a v\u011bdeck\u00e9 redakce<br \/>\n<\/b>prof. Dr. iur. Harald Christian Scheu, Mag. phil., Ph.D.<br \/>\n<em>katedra ve\u0159ejn\u00e9ho pr\u00e1va <\/em><br \/>\n<em>Policejn\u00ed akademie \u010cesk\u00e9 republiky v Praze<\/em><\/p>\n<p><b>M\u00edstop\u0159edseda:<\/b><\/p>\n<p>doc. PhDr. Josef Smol\u00edk, Ph.D., MBA, LL.M.<br \/>\n<em>katedra bezpe\u010dnostn\u00edch studi\u00ed<\/em><br \/>\n<em>Policejn\u00ed akademie \u010cesk\u00e9 republiky v Praze<\/em><\/p>\n<p><strong>Tajemnice:<\/strong><br \/>\nMgr. Martina Posp\u00ed\u0161ilov\u00e1<br \/>\n<em>person\u00e1ln\u00ed odd\u011blen\u00ed<\/em><br \/>\n<em>Policejn\u00ed akademie \u010cesk\u00e9 republiky v Praze<\/em><\/p>\n<p align=\"justify\"><b>Intern\u00ed \u010dlenov\u00e9:<\/b><\/p>\n<p align=\"justify\">doc. JUDr. Mgr. Jan Bajura, Ph.D.<br \/>\n<em>d\u011bkan Fakulty bezpe\u010dnostn\u011b pr\u00e1vn\u00ed<br \/>\nPolicejn\u00ed akademie \u010cesk\u00e9 republiky v Praze<\/em><\/p>\n<p align=\"justify\">Mgr. Luk\u00e1\u0161 Habich, Ph.D.<br \/>\n<em>d\u011bkan Fakulty bezpe\u010dnostn\u00edho managementu<br \/>\nPolicejn\u00ed akademie \u010cesk\u00e9 republiky v Praze<\/em><\/p>\n<p align=\"justify\">Ing. Pavel Kol\u00e1\u0159, CSc.<br \/>\n<em>katedra kriminalistiky<br \/>\nPolicejn\u00ed akademie \u010cesk\u00e9 republiky v Praze<\/em><\/p>\n<p align=\"justify\">doc. PhDr. David Kr\u00e1msk\u00fd, Ph.D.<br \/>\n<em>prorektor pro v\u011bdu a v\u00fdzkum<\/em><br \/>\n<em>Policejn\u00ed akademie \u010cesk\u00e9 republiky v Praze<\/em><\/p>\n<p>prof. JUDr. Mgr. Josef Sala\u010d, Ph.D., dr. h. c. mult.<br \/>\n<em>katedra soukrom\u00e9ho pr\u00e1va <\/em><br \/>\n<em>Policejn\u00ed akademie \u010cesk\u00e9 republiky v\u00a0Praze<\/em><\/p>\n<p align=\"justify\">doc. JUDr. Ivana Zoubkov\u00e1, CSc.<br \/>\n<em>katedra kriminologie<br \/>\nPolicejn\u00ed akademie \u010cesk\u00e9 republiky v Praze<\/em><\/p>\n<p><em>\u00a0<\/em><\/p>\n<p><b>Extern\u00ed \u010dlenov\u00e9: <\/b><\/p>\n<p>prof. JUDr. Ji\u0159\u00ed Jel\u00ednek, CSc.<br \/>\n<em>katedra pr\u00e1va, Fakulta pr\u00e1vn\u00edch a spr\u00e1vn\u00edch studi\u00ed<\/em><br \/>\n<em>Vysok\u00e1 \u0161kola finan\u010dn\u00ed a spr\u00e1vn\u00ed, a.s<\/em><\/p>\n<p>Ewelina Kancik-Ko\u0142tun, Ph.D.<br \/>\n<em>katedra ve\u0159ejn\u00e9 spr\u00e1vy, Univerzita Marie Curie Sklodowsk\u00e9<\/em><br \/>\n<em>Fakulta politologie a \u017eurnalistiky, Lublin, Polsko<\/em><\/p>\n<p>prof. Mgr. Jaroslav Kr\u00e1sn\u00fd, Ph.D., MAS<br \/>\n<em>Centrum pro v\u00fdzkum jadern\u00e9ho odzbrojen\u00ed<\/em><br \/>\n<em>Univerzita v Nagasaki, Japonsko<\/em><\/p>\n<p align=\"justify\">Ing. Stanislav Lichorobiec, Ph.D.<br \/>\n<em>vedouc\u00ed katedry bezpe\u010dnostn\u00edch slu\u017eeb<br \/>\nTechnick\u00e1 univerzita Ostrava, Fakulta bezpe\u010dnostn\u00edho in\u017een\u00fdrstv\u00ed<br \/>\n<\/em><\/p>\n<p align=\"justify\">prof. Ing. Tom\u00e1\u0161 Love\u010dek, PhD.<br \/>\n<em>vedouc\u00ed Pracovi\u0161t\u011b v\u00fdzkumu bezpe\u010dnosti<br \/>\n\u017dilinsk\u00e1 univerzita v \u017diline, Fakulta bezpe\u010dnostn\u00edho in\u017een\u00fdrstv\u00ed<br \/>\n<\/em><\/p>\n<p align=\"justify\">prof. JUDr. PhDr. Miroslav Mare\u0161, Ph.D.<br \/>\n<em>katedra politologie, Fakulta soci\u00e1ln\u00edch studi\u00ed<br \/>\nMasarykova univerzita<br \/>\n<\/em><\/p>\n<p align=\"justify\">prof. MUDr. Leo\u0161 Navr\u00e1til, CSc., MBA, dr. h. c.<br \/>\n<em>vedouc\u00ed katedry zdravotnick\u00fdch obor\u016f a ochrany obyvatelstva<br \/>\n\u010cesk\u00e9 vysok\u00e9 u\u010den\u00ed technick\u00e9, Fakulta biomedic\u00ednsk\u00e9ho in\u017een\u00fdrstv\u00ed<br \/>\n<\/em><\/p>\n<p>prof. Ing. Pavel Ot\u0159\u00edsal, Ph.D., MBA, dr. h. c<strong>.<\/strong><br \/>\n<em>katedra aplikovan\u00fdch pohybov\u00fdch aktivit, Fakulta t\u011blesn\u00e9 kultury<\/em><br \/>\n<em>Univerzita Palack\u00e9ho v\u00a0Olomouci<\/em><\/p>\n<p>PhDr. Jan Pa\u010fourek<br \/>\n<em>vrchn\u00ed \u0159editel sekce vnit\u0159n\u00ed bezpe\u010dnosti a policejn\u00edho vzd\u011bl\u00e1v\u00e1n\u00ed\u00a0<\/em><br \/>\n<em>Ministerstvo vnitra<\/em><\/p>\n<p align=\"justify\">JUDr. J\u00f6rg Petermann, Ph.D.<br \/>\n<em>\u0159editel<br \/>\n<\/em><em>Policejn\u00ed odborn\u00e1 \u0161kola Chemnitz<\/em><\/p>\n<p>prof. Ing. Jozef Ristvej, PhD., EMBA<br \/>\n<em>prorektor pro mezin\u00e1rodn\u00ed vztahy a marketing<\/em><br \/>\n<em>\u017dilinsk\u00e1 univerzita v \u017diline<\/em><\/p>\n<p align=\"justify\">PhDr. Miroslav Scheinost<em><br \/>\nemeritn\u00ed \u0159editel<\/em><br \/>\n<em>Institut pro kriminologii a soci\u00e1ln\u00ed prevenci<br \/>\n<\/em><\/p>\n<p align=\"justify\">plk. Ing. Jarmil Val\u00e1\u0161ek, Ph.D., MBA<br \/>\n<em>z\u00e1stupce \u0159editele<br \/>\nInstitut ochrany obyvatelstva G\u0158 HZS<\/em><\/p>\n<p align=\"justify\">doc. JUDr. \u013dubo\u0161 W\u00e4ldl, PhD., dr. h. c.<br \/>\n<em>katedra soukromopr\u00e1vn\u00edch v\u011bd<br \/>\nAkademie Policejn\u00edho sboru v Bratislav\u011b\u00a0<\/em><\/p>\n<p><strong>Technick\u00e1 redakce:<\/strong><br \/>\nRadom\u00edra Prchalov\u00e1<br \/>\n<em>Policejn\u00ed akademie \u010cesk\u00e9 republiky v Praze<\/em><\/p>\n<p><em>\u00a0<\/em><\/p>\n<div><\/div>\n","protected":false},"excerpt":{"rendered":"<p>Periodikum Policejn\u00ed akademie \u010cesk\u00e9 republiky v Praze V evidenci periodick\u00e9ho tisku evidov\u00e1no pod \u010d\u00edslem MK \u010cR E 21198. Vych\u00e1z\u00ed \u010dtvrtletn\u011b. Redak\u010dn\u00ed rada pln\u00ed z\u00e1rove\u0148 funkci V\u011bdeck\u00e9 redakce periodika. P\u0159edseda redak\u010dn\u00ed rady a v\u011bdeck\u00e9 redakce prof. Dr. iur. Harald Christian Scheu, Mag. phil., Ph.D. katedra ve\u0159ejn\u00e9ho pr\u00e1va Policejn\u00ed akademie \u010cesk\u00e9 republiky v Praze M\u00edstop\u0159edseda: doc. PhDr. [&hellip;]<\/p>\n","protected":false},"author":6,"featured_media":0,"parent":0,"menu_order":3,"comment_status":"closed","ping_status":"closed","template":"","meta":{"footnotes":""},"class_list":["post-1940","page","type-page","status-publish","hentry"],"_links":{"self":[{"href":"https:\/\/veda.polac.cz\/index.php?rest_route=\/wp\/v2\/pages\/1940","targetHints":{"allow":["GET"]}}],"collection":[{"href":"https:\/\/veda.polac.cz\/index.php?rest_route=\/wp\/v2\/pages"}],"about":[{"href":"https:\/\/veda.polac.cz\/index.php?rest_route=\/wp\/v2\/types\/page"}],"author":[{"embeddable":true,"href":"https:\/\/veda.polac.cz\/index.php?rest_route=\/wp\/v2\/users\/6"}],"replies":[{"embeddable":true,"href":"https:\/\/veda.polac.cz\/index.php?rest_route=%2Fwp%2Fv2%2Fcomments&post=1940"}],"version-history":[{"count":47,"href":"https:\/\/veda.polac.cz\/index.php?rest_route=\/wp\/v2\/pages\/1940\/revisions"}],"predecessor-version":[{"id":7810,"href":"https:\/\/veda.polac.cz\/index.php?rest_route=\/wp\/v2\/pages\/1940\/revisions\/7810"}],"wp:attachment":[{"href":"https:\/\/veda.polac.cz\/index.php?rest_route=%2Fwp%2Fv2%2Fmedia&parent=1940"}],"curies":[{"name":"wp","href":"https:\/\/api.w.org\/{rel}","templated":true}]}}