{"id":194,"date":"2018-09-08T06:20:11","date_gmt":"2018-09-08T06:20:11","guid":{"rendered":"http:\/\/veda.polac.cz\/?page_id=194"},"modified":"2018-11-02T22:35:05","modified_gmt":"2018-11-02T22:35:05","slug":"194-2","status":"publish","type":"page","link":"https:\/\/veda.polac.cz\/?page_id=194","title":{"rendered":""},"content":{"rendered":"<p style=\"text-align: center;\">Resum\u00e9 \u010dl\u00e1nku<\/p>\n<p><strong>Rozpustenie politick\u00fdch str\u00e1n v \u010ceskej republike a Slovenskej republike<\/strong><br \/>\n<em>Martin Kovani\u010d, M.A., Ph.D., PhDr. Josef Smol\u00edk, Ph.D., MBA, LL.M., \u00dastav soci\u00e1ln\u00edho rozvoje, Fakulta region\u00e1ln\u00edho rozvoje a mezin\u00e1rodn\u00edch studi\u00ed, Mendelova Univerzita v Brn\u011b<\/em><\/p>\n<p>Krajn\u00e1 pravica je v Eur\u00f3pe v posledn\u00fdch dek\u00e1dach na vzostupe. Viacer\u00e9 strany z tohto spektra predstavuj\u00fa hrozbu pre fungovanie re\u017eimov liber\u00e1lnej demokracie. Z tohto d\u00f4vodu prich\u00e1dza k rozp\u00fa\u0161\u0165aniu politick\u00fdch str\u00e1n, \u010do sa u\u017e udialo aj v prostred\u00ed ponovembrovej \u010ceskej Republiky a Slovenskej Republiky. Cie\u013eom tohto pr\u00edspevku bolo analyzova\u0165 re\u017eim rozp\u00fa\u0161\u0165ania politick\u00fdch str\u00e1n v t\u00fdchto dvoch krajin\u00e1ch, a da\u0165 ho do kontextu teoretick\u00fdch poznatkov o tomto fenom\u00e9ne. Hlavn\u00fdm zisten\u00edm je, \u017ee na Slovensku rozp\u00fa\u0161\u0165anie str\u00e1n funguje v r\u00e1mci paradigmy anti-extr\u00e9mizmu, zatia\u013e \u010do v \u010ceskej Republike je to zmes anti-extr\u00e9mizmu a negat\u00edvneho republikanizmu.<br \/>\n<strong>K\u013e\u00fa\u010dov\u00e9 slov\u00e1:<\/strong>\u00a0rozpustenie politick\u00fdch str\u00e1n, krajn\u00e1 pravica, extr\u00e9mizmus, \u010cesk\u00e1 Republika, Slovensk\u00e1 Republika<em><i>.\u00a0<\/i><\/em><\/p>\n<p><a href=\"https:\/\/veda.polac.cz\/?page_id=85\">01\/2018<\/a><\/p>\n","protected":false},"excerpt":{"rendered":"<p>Resum\u00e9 \u010dl\u00e1nku Rozpustenie politick\u00fdch str\u00e1n v \u010ceskej republike a Slovenskej republike Martin Kovani\u010d, M.A., Ph.D., PhDr. Josef Smol\u00edk, Ph.D., MBA, LL.M., \u00dastav soci\u00e1ln\u00edho rozvoje, Fakulta region\u00e1ln\u00edho rozvoje a mezin\u00e1rodn\u00edch studi\u00ed, Mendelova Univerzita v Brn\u011b Krajn\u00e1 pravica je v Eur\u00f3pe v posledn\u00fdch dek\u00e1dach na vzostupe. Viacer\u00e9 strany z tohto spektra predstavuj\u00fa hrozbu pre fungovanie re\u017eimov liber\u00e1lnej [&hellip;]<\/p>\n","protected":false},"author":2,"featured_media":0,"parent":85,"menu_order":7,"comment_status":"closed","ping_status":"closed","template":"","meta":{"footnotes":""},"class_list":["post-194","page","type-page","status-publish","hentry"],"_links":{"self":[{"href":"https:\/\/veda.polac.cz\/index.php?rest_route=\/wp\/v2\/pages\/194","targetHints":{"allow":["GET"]}}],"collection":[{"href":"https:\/\/veda.polac.cz\/index.php?rest_route=\/wp\/v2\/pages"}],"about":[{"href":"https:\/\/veda.polac.cz\/index.php?rest_route=\/wp\/v2\/types\/page"}],"author":[{"embeddable":true,"href":"https:\/\/veda.polac.cz\/index.php?rest_route=\/wp\/v2\/users\/2"}],"replies":[{"embeddable":true,"href":"https:\/\/veda.polac.cz\/index.php?rest_route=%2Fwp%2Fv2%2Fcomments&post=194"}],"version-history":[{"count":5,"href":"https:\/\/veda.polac.cz\/index.php?rest_route=\/wp\/v2\/pages\/194\/revisions"}],"predecessor-version":[{"id":411,"href":"https:\/\/veda.polac.cz\/index.php?rest_route=\/wp\/v2\/pages\/194\/revisions\/411"}],"up":[{"embeddable":true,"href":"https:\/\/veda.polac.cz\/index.php?rest_route=\/wp\/v2\/pages\/85"}],"wp:attachment":[{"href":"https:\/\/veda.polac.cz\/index.php?rest_route=%2Fwp%2Fv2%2Fmedia&parent=194"}],"curies":[{"name":"wp","href":"https:\/\/api.w.org\/{rel}","templated":true}]}}